{"id":9987,"date":"2024-07-26T13:05:48","date_gmt":"2024-07-26T11:05:48","guid":{"rendered":"https:\/\/www.mg-modelleisenbahnbau.de\/startseite-2\/?post_type=product&#038;p=9987"},"modified":"2025-11-02T20:49:35","modified_gmt":"2025-11-02T19:49:35","slug":"48268-h0-asphaltplatte-aus-steinkunst-l-42-x-b-297-cm-2","status":"publish","type":"product","link":"https:\/\/www.mg-modelleisenbahnbau.de\/startseite-2\/produkt\/48268-h0-asphaltplatte-aus-steinkunst-l-42-x-b-297-cm-2\/","title":{"rendered":"48268 H0 Asphaltplatte aus Steinkunst L 42 x B 29,7 cm"},"content":{"rendered":"<div class=\"offcanvas-body\">\n<div class=\"product-detail-description tab-pane-container\">\n<div class=\"h3 product-detail-description-title\">Produktinformationen &#8222;H0 Asphaltplatte aus Steinkunst L 42 x B 29,7 cm&#8220;<\/div>\n<div class=\"product-detail-description-text\">Die Asphaltplatte der Steinkunst-Serie besteht aus wetterfestem Mineralverbundwerkstoff.<br \/>\nDieser Werkstoff erzeugt eine un\u00fcbertroffen realistische Asphaltoberfl\u00e4che. Die Platten sind flexibel und einfach mit einem Cutter-Messer zuschneidbar. Aufgrund der Plattengr\u00f6\u00dfe besonders vielseitig verwendbar, z. B. f\u00fcr einen Bauhof, Parkplatz oder Industrieplatz. Dazu passen die Asphalt Stra\u00dfenplatten Art. 48260 \u2013 48267.<br \/>\nL 42 x B 29,7 cm<\/div>\n<\/div>\n<\/div>\n","protected":false},"excerpt":{"rendered":"<p>Produktinformationen &#8222;H0 Asphaltplatte aus Steinkunst L 42 x B 29,7 cm&#8220; Die Asphaltplatte der Steinkunst-Serie besteht aus wetterfestem Mineralverbundwerkstoff. Dieser Werkstoff erzeugt eine un\u00fcbertroffen realistische Asphaltoberfl\u00e4che. Die Platten sind flexibel und einfach mit einem Cutter-Messer zuschneidbar. Aufgrund der Plattengr\u00f6\u00dfe besonders vielseitig verwendbar, z. B. f\u00fcr einen Bauhof, Parkplatz oder Industrieplatz. Dazu passen die Asphalt Stra\u00dfenplatten&#8230;<\/p>\n","protected":false},"featured_media":9988,"comment_status":"open","ping_status":"closed","template":"","meta":[],"product_brand":[],"product_cat":[161,38,41,160],"product_tag":[292,291],"class_list":{"0":"post-9987","1":"product","2":"type-product","3":"status-publish","4":"has-post-thumbnail","6":"product_cat-steinkunst-ho","7":"product_cat-unkategorisiert","8":"product_cat-vollmer","9":"product_cat-vollmer-ho","10":"product_tag-kein-spielzeug-nicht-geeignet-fuer-kinder-unter-14-jahren","11":"product_tag-warn-und-sicherheitshinweise-modellbauartikel","13":"first","14":"instock","15":"taxable","16":"shipping-taxable","17":"purchasable","18":"product-type-simple"},"jetpack_sharing_enabled":true,"_links":{"self":[{"href":"https:\/\/www.mg-modelleisenbahnbau.de\/startseite-2\/wp-json\/wp\/v2\/product\/9987","targetHints":{"allow":["GET"]}}],"collection":[{"href":"https:\/\/www.mg-modelleisenbahnbau.de\/startseite-2\/wp-json\/wp\/v2\/product"}],"about":[{"href":"https:\/\/www.mg-modelleisenbahnbau.de\/startseite-2\/wp-json\/wp\/v2\/types\/product"}],"replies":[{"embeddable":true,"href":"https:\/\/www.mg-modelleisenbahnbau.de\/startseite-2\/wp-json\/wp\/v2\/comments?post=9987"}],"wp:featuredmedia":[{"embeddable":true,"href":"https:\/\/www.mg-modelleisenbahnbau.de\/startseite-2\/wp-json\/wp\/v2\/media\/9988"}],"wp:attachment":[{"href":"https:\/\/www.mg-modelleisenbahnbau.de\/startseite-2\/wp-json\/wp\/v2\/media?parent=9987"}],"wp:term":[{"taxonomy":"product_brand","embeddable":true,"href":"https:\/\/www.mg-modelleisenbahnbau.de\/startseite-2\/wp-json\/wp\/v2\/product_brand?post=9987"},{"taxonomy":"product_cat","embeddable":true,"href":"https:\/\/www.mg-modelleisenbahnbau.de\/startseite-2\/wp-json\/wp\/v2\/product_cat?post=9987"},{"taxonomy":"product_tag","embeddable":true,"href":"https:\/\/www.mg-modelleisenbahnbau.de\/startseite-2\/wp-json\/wp\/v2\/product_tag?post=9987"}],"curies":[{"name":"wp","href":"https:\/\/api.w.org\/{rel}","templated":true}]}}