{"id":9971,"date":"2024-07-26T10:20:32","date_gmt":"2024-07-26T08:20:32","guid":{"rendered":"https:\/\/www.mg-modelleisenbahnbau.de\/startseite-2\/?post_type=product&#038;p=9971"},"modified":"2025-06-30T14:26:49","modified_gmt":"2025-06-30T12:26:49","slug":"38510-h0-doppellenker-portalkran","status":"publish","type":"product","link":"https:\/\/www.mg-modelleisenbahnbau.de\/startseite-2\/produkt\/38510-h0-doppellenker-portalkran\/","title":{"rendered":"38510 H0 Doppellenker Portalkran"},"content":{"rendered":"<div class=\"offcanvas-body\">\n<div class=\"product-detail-description tab-pane-container\">\n<div class=\"h3 product-detail-description-title\">Produktinformationen &#8222;H0 Doppellenker Portalkran &#8222;<\/div>\n<div class=\"product-detail-description-text\">Bausatz. Solche Portalkr\u00e4ne werden in H\u00e4fen zur Verladung von Sch\u00fcttg\u00fctern aller Art verwendet. Manchmal sind sie auch auf Lagerpl\u00e4tzen und Baustellen anzutreffen. Das Vorbild f\u00fcr dieses Modell wurde f\u00fcr den schnellen und reibungslosen G\u00fcterumschlag entwickelt. Der Kran zeichnet sich durch seine kleine Ausladung zur Drehscheibe hin, einen horizontalen Lastweg und gro\u00dfe Kippgeschwindigkeit aus. Das drehbar gelagerte Kranhaus als zentraler Aufbau ruht auf einem tor\u00e4hnlichen Unterbau. Der Ausleger ist mit einem Greifer ausger\u00fcstet. Zum Bausatz geh\u00f6rt auch eine Stra\u00dfenplatte mit Gleisen, auf der der Kran gef\u00fchrt wird.<br \/>\nKran L 12,0 x B 10,0 x H 25,5 \u2013 29,0 cm<br \/>\nBodenplatte L 20,0 x B 12,0 cm<br \/>\nSchwierigkeitsgrad: 2 (Fortgeschrittene)<\/div>\n<\/div>\n<\/div>\n","protected":false},"excerpt":{"rendered":"<p>Produktinformationen &#8222;H0 Doppellenker Portalkran &#8222; Bausatz. Solche Portalkr\u00e4ne werden in H\u00e4fen zur Verladung von Sch\u00fcttg\u00fctern aller Art verwendet. Manchmal sind sie auch auf Lagerpl\u00e4tzen und Baustellen anzutreffen. Das Vorbild f\u00fcr dieses Modell wurde f\u00fcr den schnellen und reibungslosen G\u00fcterumschlag entwickelt. Der Kran zeichnet sich durch seine kleine Ausladung zur Drehscheibe hin, einen horizontalen Lastweg und&#8230;<\/p>\n","protected":false},"featured_media":9972,"comment_status":"open","ping_status":"closed","template":"","meta":[],"product_brand":[],"product_cat":[208,44,38],"product_tag":[292,291],"class_list":{"0":"post-9971","1":"product","2":"type-product","3":"status-publish","4":"has-post-thumbnail","6":"product_cat-industrie-gewerbe-hallen","7":"product_cat-kibri","8":"product_cat-unkategorisiert","9":"product_tag-kein-spielzeug-nicht-geeignet-fuer-kinder-unter-14-jahren","10":"product_tag-warn-und-sicherheitshinweise-modellbauartikel","12":"first","13":"instock","14":"taxable","15":"shipping-taxable","16":"purchasable","17":"product-type-simple"},"jetpack_sharing_enabled":true,"_links":{"self":[{"href":"https:\/\/www.mg-modelleisenbahnbau.de\/startseite-2\/wp-json\/wp\/v2\/product\/9971","targetHints":{"allow":["GET"]}}],"collection":[{"href":"https:\/\/www.mg-modelleisenbahnbau.de\/startseite-2\/wp-json\/wp\/v2\/product"}],"about":[{"href":"https:\/\/www.mg-modelleisenbahnbau.de\/startseite-2\/wp-json\/wp\/v2\/types\/product"}],"replies":[{"embeddable":true,"href":"https:\/\/www.mg-modelleisenbahnbau.de\/startseite-2\/wp-json\/wp\/v2\/comments?post=9971"}],"wp:featuredmedia":[{"embeddable":true,"href":"https:\/\/www.mg-modelleisenbahnbau.de\/startseite-2\/wp-json\/wp\/v2\/media\/9972"}],"wp:attachment":[{"href":"https:\/\/www.mg-modelleisenbahnbau.de\/startseite-2\/wp-json\/wp\/v2\/media?parent=9971"}],"wp:term":[{"taxonomy":"product_brand","embeddable":true,"href":"https:\/\/www.mg-modelleisenbahnbau.de\/startseite-2\/wp-json\/wp\/v2\/product_brand?post=9971"},{"taxonomy":"product_cat","embeddable":true,"href":"https:\/\/www.mg-modelleisenbahnbau.de\/startseite-2\/wp-json\/wp\/v2\/product_cat?post=9971"},{"taxonomy":"product_tag","embeddable":true,"href":"https:\/\/www.mg-modelleisenbahnbau.de\/startseite-2\/wp-json\/wp\/v2\/product_tag?post=9971"}],"curies":[{"name":"wp","href":"https:\/\/api.w.org\/{rel}","templated":true}]}}