{"id":9955,"date":"2024-07-26T09:37:50","date_gmt":"2024-07-26T07:37:50","guid":{"rendered":"https:\/\/www.mg-modelleisenbahnbau.de\/startseite-2\/?post_type=product&#038;p=9955"},"modified":"2025-06-29T17:48:34","modified_gmt":"2025-06-29T15:48:34","slug":"2631-h0-robel-gleiskraftwagen-54-22-leonhard-weiss-mit-motorisch-bewegtem-kran-funktionsmodell-2-l","status":"publish","type":"product","link":"https:\/\/www.mg-modelleisenbahnbau.de\/startseite-2\/produkt\/2631-h0-robel-gleiskraftwagen-54-22-leonhard-weiss-mit-motorisch-bewegtem-kran-funktionsmodell-2-l\/","title":{"rendered":"2631 H0 ROBEL Gleiskraftwagen 54.22 LEONHARD WEISS mit motorisch bewegtem Kran, Funktionsmodell 2 L"},"content":{"rendered":"<div class=\"offcanvas-body\">\n<div class=\"product-detail-description tab-pane-container\">\n<div class=\"h3 product-detail-description-title\">Produktinformationen &#8222;H0 ROBEL Gleiskraftwagen 54.22 LEONHARD WEISS mit motorisch bewegtem Kran, Funktionsmodell 2 L&#8220;<\/div>\n<div class=\"product-detail-description-text\">Funktionsmodell f\u00fcr Zweileitersysteme.<br \/>\n&#8211; Beweglicher Arbeitskran, der motorisch nach rechts und links unbegrenzt schwenkbar ist. Der Kranarm erhebt sich von der Ladefl\u00e4che und senkt sich anschlie\u00dfend neben dem Gleis.<br \/>\n&#8211; Mit elektrischem Antrieb, fahrtrichtungsabh\u00e4ngiger Dreilicht-Spitzenbeleuchtung bzw. roten Schlussleuchten, gelber Warnblinkleuchte. Integriertes Soundmodul f\u00fcr Pfeife und verschiedene betriebsabh\u00e4ngige Ger\u00e4usche. RailCom-f\u00e4higer Digitaldecoder f\u00fcr DCC\/MM und Analogbetrieb (DC\/AC) mit integriertem Stromspeicher. Mit Kupplungssch\u00e4chten nach NEM 362 beidseitig, Kurzkupplungskinematik und beiliegender Systemkupplung.<br \/>\n&#8211; Funktionsumfang im Analogbetrieb: Fahrmodus vorw\u00e4rts\/r\u00fcckw\u00e4rts, Bewegung des Kranarms m\u00f6glich, Warnblinkleuchte und Kabinenbeleuchtung aktiv, Sound aktiv (Lautst\u00e4rke einstellbar \u00fcber CV), Licht aktiv.<br \/>\n&#8211; Funktionsumfang im Digitalbetrieb: Fahrmodus vorw\u00e4rts\/r\u00fcckw\u00e4rts, schaltbare Funktionen: Bewegung des Kranarms \u00fcber Fahrregler, Warnblinkleuchte, Kabinenbeleuchtung, Sound (Lautst\u00e4rke einstellbar \u00fcber CV), Pfeife, Kompressorsound, Licht.<br \/>\nL\u00fcP 13,4 x B 3,6 x H 4,8 cm<\/div>\n<\/div>\n<\/div>\n","protected":false},"excerpt":{"rendered":"<p>Produktinformationen &#8222;H0 ROBEL Gleiskraftwagen 54.22 LEONHARD WEISS mit motorisch bewegtem Kran, Funktionsmodell 2 L&#8220; Funktionsmodell f\u00fcr Zweileitersysteme. &#8211; Beweglicher Arbeitskran, der motorisch nach rechts und links unbegrenzt schwenkbar ist. Der Kranarm erhebt sich von der Ladefl\u00e4che und senkt sich anschlie\u00dfend neben dem Gleis. &#8211; Mit elektrischem Antrieb, fahrtrichtungsabh\u00e4ngiger Dreilicht-Spitzenbeleuchtung bzw. roten Schlussleuchten, gelber Warnblinkleuchte. Integriertes&#8230;<\/p>\n","protected":false},"featured_media":9956,"comment_status":"open","ping_status":"closed","template":"","meta":[],"product_brand":[],"product_cat":[128,38,37,124],"product_tag":[292,291],"class_list":{"0":"post-9955","1":"product","2":"type-product","3":"status-publish","4":"has-post-thumbnail","6":"product_cat-railmotion-h0","7":"product_cat-unkategorisiert","8":"product_cat-viessmann","9":"product_cat-viessmann-spur-h0","10":"product_tag-kein-spielzeug-nicht-geeignet-fuer-kinder-unter-14-jahren","11":"product_tag-warn-und-sicherheitshinweise-modellbauartikel","13":"first","14":"instock","15":"taxable","16":"shipping-taxable","17":"purchasable","18":"product-type-simple"},"jetpack_sharing_enabled":true,"_links":{"self":[{"href":"https:\/\/www.mg-modelleisenbahnbau.de\/startseite-2\/wp-json\/wp\/v2\/product\/9955","targetHints":{"allow":["GET"]}}],"collection":[{"href":"https:\/\/www.mg-modelleisenbahnbau.de\/startseite-2\/wp-json\/wp\/v2\/product"}],"about":[{"href":"https:\/\/www.mg-modelleisenbahnbau.de\/startseite-2\/wp-json\/wp\/v2\/types\/product"}],"replies":[{"embeddable":true,"href":"https:\/\/www.mg-modelleisenbahnbau.de\/startseite-2\/wp-json\/wp\/v2\/comments?post=9955"}],"wp:featuredmedia":[{"embeddable":true,"href":"https:\/\/www.mg-modelleisenbahnbau.de\/startseite-2\/wp-json\/wp\/v2\/media\/9956"}],"wp:attachment":[{"href":"https:\/\/www.mg-modelleisenbahnbau.de\/startseite-2\/wp-json\/wp\/v2\/media?parent=9955"}],"wp:term":[{"taxonomy":"product_brand","embeddable":true,"href":"https:\/\/www.mg-modelleisenbahnbau.de\/startseite-2\/wp-json\/wp\/v2\/product_brand?post=9955"},{"taxonomy":"product_cat","embeddable":true,"href":"https:\/\/www.mg-modelleisenbahnbau.de\/startseite-2\/wp-json\/wp\/v2\/product_cat?post=9955"},{"taxonomy":"product_tag","embeddable":true,"href":"https:\/\/www.mg-modelleisenbahnbau.de\/startseite-2\/wp-json\/wp\/v2\/product_tag?post=9955"}],"curies":[{"name":"wp","href":"https:\/\/api.w.org\/{rel}","templated":true}]}}