{"id":9919,"date":"2024-07-23T14:52:13","date_gmt":"2024-07-23T12:52:13","guid":{"rendered":"https:\/\/www.mg-modelleisenbahnbau.de\/startseite-2\/?post_type=product&#038;p=9919"},"modified":"2025-06-30T09:03:47","modified_gmt":"2025-06-30T07:03:47","slug":"8440-empfaengerspule-zum-nachruesten-fuer-carmotion-lkw-und-busse-induktives-laden","status":"publish","type":"product","link":"https:\/\/www.mg-modelleisenbahnbau.de\/startseite-2\/produkt\/8440-empfaengerspule-zum-nachruesten-fuer-carmotion-lkw-und-busse-induktives-laden\/","title":{"rendered":"8440 Empf\u00e4ngerspule zum Nachr\u00fcsten f\u00fcr CarMotion LKW und Busse, induktives Laden"},"content":{"rendered":"<div class=\"offcanvas-body\">\n<div class=\"product-detail-description tab-pane-container\">\n<div class=\"h3 product-detail-description-title\">Produktinformationen &#8222;Empf\u00e4ngerspule zum Nachr\u00fcsten f\u00fcr CarMotion LKW und Busse, induktives Laden&#8220;<\/div>\n<div class=\"product-detail-description-text\">Die Empf\u00e4ngerspule erweitert Fahrzeuge um induktives Laden und erforderliche Kommunikation. Sie wird einfach auf den Getriebeblock aufgeklipst und per zweipoliger Steckverbindung mit der Fahrzeugplatine verbunden. In Kombination mit dem InduktivCharger Art. 8408 erm\u00f6glicht sie unbegrenzte Fahrzeit ohne Anwendereingriff. Fahrzeuge k\u00f6nnen an Induktivladestationen einund ausgeschaltet werden. Das Fahrzeit-Ladezeit-Verh\u00e4ltnis betr\u00e4gt etwa 3:1, abh\u00e4ngig von Anlagen- und Fahrzeugzust\u00e4nden.<br \/>\nGeeignet f\u00fcr alle CarMotion Systemfahrzeuge ohne eingebaute Empfangsspulen.<br \/>\nAbmessungen au\u00dfen: L 2,4 x B 1,3 x H 0,27 cm<\/div>\n<\/div>\n<\/div>\n","protected":false},"excerpt":{"rendered":"<p>Produktinformationen &#8222;Empf\u00e4ngerspule zum Nachr\u00fcsten f\u00fcr CarMotion LKW und Busse, induktives Laden&#8220; Die Empf\u00e4ngerspule erweitert Fahrzeuge um induktives Laden und erforderliche Kommunikation. Sie wird einfach auf den Getriebeblock aufgeklipst und per zweipoliger Steckverbindung mit der Fahrzeugplatine verbunden. In Kombination mit dem InduktivCharger Art. 8408 erm\u00f6glicht sie unbegrenzte Fahrzeit ohne Anwendereingriff. Fahrzeuge k\u00f6nnen an Induktivladestationen einund ausgeschaltet&#8230;<\/p>\n","protected":false},"featured_media":9920,"comment_status":"open","ping_status":"closed","template":"","meta":[],"product_brand":[],"product_cat":[272,38,37],"product_tag":[292,291],"class_list":{"0":"post-9919","1":"product","2":"type-product","3":"status-publish","4":"has-post-thumbnail","6":"product_cat-h0-carmotion","7":"product_cat-unkategorisiert","8":"product_cat-viessmann","9":"product_tag-kein-spielzeug-nicht-geeignet-fuer-kinder-unter-14-jahren","10":"product_tag-warn-und-sicherheitshinweise-modellbauartikel","12":"first","13":"instock","14":"taxable","15":"shipping-taxable","16":"purchasable","17":"product-type-simple"},"jetpack_sharing_enabled":true,"_links":{"self":[{"href":"https:\/\/www.mg-modelleisenbahnbau.de\/startseite-2\/wp-json\/wp\/v2\/product\/9919","targetHints":{"allow":["GET"]}}],"collection":[{"href":"https:\/\/www.mg-modelleisenbahnbau.de\/startseite-2\/wp-json\/wp\/v2\/product"}],"about":[{"href":"https:\/\/www.mg-modelleisenbahnbau.de\/startseite-2\/wp-json\/wp\/v2\/types\/product"}],"replies":[{"embeddable":true,"href":"https:\/\/www.mg-modelleisenbahnbau.de\/startseite-2\/wp-json\/wp\/v2\/comments?post=9919"}],"wp:featuredmedia":[{"embeddable":true,"href":"https:\/\/www.mg-modelleisenbahnbau.de\/startseite-2\/wp-json\/wp\/v2\/media\/9920"}],"wp:attachment":[{"href":"https:\/\/www.mg-modelleisenbahnbau.de\/startseite-2\/wp-json\/wp\/v2\/media?parent=9919"}],"wp:term":[{"taxonomy":"product_brand","embeddable":true,"href":"https:\/\/www.mg-modelleisenbahnbau.de\/startseite-2\/wp-json\/wp\/v2\/product_brand?post=9919"},{"taxonomy":"product_cat","embeddable":true,"href":"https:\/\/www.mg-modelleisenbahnbau.de\/startseite-2\/wp-json\/wp\/v2\/product_cat?post=9919"},{"taxonomy":"product_tag","embeddable":true,"href":"https:\/\/www.mg-modelleisenbahnbau.de\/startseite-2\/wp-json\/wp\/v2\/product_tag?post=9919"}],"curies":[{"name":"wp","href":"https:\/\/api.w.org\/{rel}","templated":true}]}}