{"id":9903,"date":"2024-07-22T10:27:01","date_gmt":"2024-07-22T08:27:01","guid":{"rendered":"https:\/\/www.mg-modelleisenbahnbau.de\/startseite-2\/?post_type=product&#038;p=9903"},"modified":"2025-06-30T08:48:31","modified_gmt":"2025-06-30T06:48:31","slug":"8429-magnetband-05-mm-5-m","status":"publish","type":"product","link":"https:\/\/www.mg-modelleisenbahnbau.de\/startseite-2\/produkt\/8429-magnetband-05-mm-5-m\/","title":{"rendered":"8429 Magnetband 0,5 mm, 5 m"},"content":{"rendered":"<div class=\"offcanvas-body\">\n<div class=\"product-detail-description tab-pane-container\">\n<div class=\"h3 product-detail-description-title\">Produktinformationen &#8222;Magnetband 0,5 mm, 5 m &#8222;<\/div>\n<div class=\"product-detail-description-text\">Das selbstklebende Magnetband ist senkrecht zu seiner Oberfl\u00e4che polarisiert (S\u00fcdpol oben). Es leitet die F\u00fchrungsmagnete der CarMotion Fahrzeuge. Je nach Art der Stra\u00dfe wird es in ein vorgefertigtes Stra\u00dfensystem eingesetzt oder mit Hilfe einer Oberfl\u00e4chenfr\u00e4se in die Anlagenplatte eingebaut.<br \/>\nB 0,3 x H 0,05 cm<\/div>\n<\/div>\n<\/div>\n","protected":false},"excerpt":{"rendered":"<p>Produktinformationen &#8222;Magnetband 0,5 mm, 5 m &#8222; Das selbstklebende Magnetband ist senkrecht zu seiner Oberfl\u00e4che polarisiert (S\u00fcdpol oben). Es leitet die F\u00fchrungsmagnete der CarMotion Fahrzeuge. Je nach Art der Stra\u00dfe wird es in ein vorgefertigtes Stra\u00dfensystem eingesetzt oder mit Hilfe einer Oberfl\u00e4chenfr\u00e4se in die Anlagenplatte eingebaut. B 0,3 x H 0,05 cm<\/p>\n","protected":false},"featured_media":9904,"comment_status":"open","ping_status":"closed","template":"","meta":[],"product_brand":[],"product_cat":[272,38,37],"product_tag":[292,291],"class_list":{"0":"post-9903","1":"product","2":"type-product","3":"status-publish","4":"has-post-thumbnail","6":"product_cat-h0-carmotion","7":"product_cat-unkategorisiert","8":"product_cat-viessmann","9":"product_tag-kein-spielzeug-nicht-geeignet-fuer-kinder-unter-14-jahren","10":"product_tag-warn-und-sicherheitshinweise-modellbauartikel","12":"first","13":"instock","14":"taxable","15":"shipping-taxable","16":"purchasable","17":"product-type-simple"},"jetpack_sharing_enabled":true,"_links":{"self":[{"href":"https:\/\/www.mg-modelleisenbahnbau.de\/startseite-2\/wp-json\/wp\/v2\/product\/9903","targetHints":{"allow":["GET"]}}],"collection":[{"href":"https:\/\/www.mg-modelleisenbahnbau.de\/startseite-2\/wp-json\/wp\/v2\/product"}],"about":[{"href":"https:\/\/www.mg-modelleisenbahnbau.de\/startseite-2\/wp-json\/wp\/v2\/types\/product"}],"replies":[{"embeddable":true,"href":"https:\/\/www.mg-modelleisenbahnbau.de\/startseite-2\/wp-json\/wp\/v2\/comments?post=9903"}],"wp:featuredmedia":[{"embeddable":true,"href":"https:\/\/www.mg-modelleisenbahnbau.de\/startseite-2\/wp-json\/wp\/v2\/media\/9904"}],"wp:attachment":[{"href":"https:\/\/www.mg-modelleisenbahnbau.de\/startseite-2\/wp-json\/wp\/v2\/media?parent=9903"}],"wp:term":[{"taxonomy":"product_brand","embeddable":true,"href":"https:\/\/www.mg-modelleisenbahnbau.de\/startseite-2\/wp-json\/wp\/v2\/product_brand?post=9903"},{"taxonomy":"product_cat","embeddable":true,"href":"https:\/\/www.mg-modelleisenbahnbau.de\/startseite-2\/wp-json\/wp\/v2\/product_cat?post=9903"},{"taxonomy":"product_tag","embeddable":true,"href":"https:\/\/www.mg-modelleisenbahnbau.de\/startseite-2\/wp-json\/wp\/v2\/product_tag?post=9903"}],"curies":[{"name":"wp","href":"https:\/\/api.w.org\/{rel}","templated":true}]}}