{"id":9901,"date":"2024-07-22T10:24:31","date_gmt":"2024-07-22T08:24:31","guid":{"rendered":"https:\/\/www.mg-modelleisenbahnbau.de\/startseite-2\/?post_type=product&#038;p=9901"},"modified":"2025-06-30T08:48:31","modified_gmt":"2025-06-30T06:48:31","slug":"8428-h0-gewichte-fuer-mb-actros-fahrzeuge-3-stueck","status":"publish","type":"product","link":"https:\/\/www.mg-modelleisenbahnbau.de\/startseite-2\/produkt\/8428-h0-gewichte-fuer-mb-actros-fahrzeuge-3-stueck\/","title":{"rendered":"8428 H0 Gewichte f\u00fcr MB ACTROS Fahrzeuge, 3 St\u00fcck"},"content":{"rendered":"<div class=\"offcanvas-body\">\n<div class=\"product-detail-description tab-pane-container\">\n<div class=\"h3 product-detail-description-title\">Produktinformationen &#8222;H0 Gewichte f\u00fcr MB ACTROS Fahrzeuge, 3 St\u00fcck &#8222;<\/div>\n<div class=\"product-detail-description-text\">Gewicht f\u00fcr CarMotion MB Actros Fahrzeuge mit M-Fahrerhaus. Zum Nachr\u00fcsten vor der Vorderachse. Das Gewicht erh\u00f6ht den Anpressdruck der Vorderachse auf die Stra\u00dfe und macht es m\u00f6glich, auch engere Radien mit Anh\u00e4ngern zu fahren.<\/div>\n<\/div>\n<\/div>\n","protected":false},"excerpt":{"rendered":"<p>Produktinformationen &#8222;H0 Gewichte f\u00fcr MB ACTROS Fahrzeuge, 3 St\u00fcck &#8222; Gewicht f\u00fcr CarMotion MB Actros Fahrzeuge mit M-Fahrerhaus. Zum Nachr\u00fcsten vor der Vorderachse. Das Gewicht erh\u00f6ht den Anpressdruck der Vorderachse auf die Stra\u00dfe und macht es m\u00f6glich, auch engere Radien mit Anh\u00e4ngern zu fahren.<\/p>\n","protected":false},"featured_media":9902,"comment_status":"open","ping_status":"closed","template":"","meta":[],"product_brand":[],"product_cat":[272,38,37],"product_tag":[292,291],"class_list":{"0":"post-9901","1":"product","2":"type-product","3":"status-publish","4":"has-post-thumbnail","6":"product_cat-h0-carmotion","7":"product_cat-unkategorisiert","8":"product_cat-viessmann","9":"product_tag-kein-spielzeug-nicht-geeignet-fuer-kinder-unter-14-jahren","10":"product_tag-warn-und-sicherheitshinweise-modellbauartikel","12":"first","13":"instock","14":"taxable","15":"shipping-taxable","16":"purchasable","17":"product-type-simple"},"jetpack_sharing_enabled":true,"_links":{"self":[{"href":"https:\/\/www.mg-modelleisenbahnbau.de\/startseite-2\/wp-json\/wp\/v2\/product\/9901","targetHints":{"allow":["GET"]}}],"collection":[{"href":"https:\/\/www.mg-modelleisenbahnbau.de\/startseite-2\/wp-json\/wp\/v2\/product"}],"about":[{"href":"https:\/\/www.mg-modelleisenbahnbau.de\/startseite-2\/wp-json\/wp\/v2\/types\/product"}],"replies":[{"embeddable":true,"href":"https:\/\/www.mg-modelleisenbahnbau.de\/startseite-2\/wp-json\/wp\/v2\/comments?post=9901"}],"wp:featuredmedia":[{"embeddable":true,"href":"https:\/\/www.mg-modelleisenbahnbau.de\/startseite-2\/wp-json\/wp\/v2\/media\/9902"}],"wp:attachment":[{"href":"https:\/\/www.mg-modelleisenbahnbau.de\/startseite-2\/wp-json\/wp\/v2\/media?parent=9901"}],"wp:term":[{"taxonomy":"product_brand","embeddable":true,"href":"https:\/\/www.mg-modelleisenbahnbau.de\/startseite-2\/wp-json\/wp\/v2\/product_brand?post=9901"},{"taxonomy":"product_cat","embeddable":true,"href":"https:\/\/www.mg-modelleisenbahnbau.de\/startseite-2\/wp-json\/wp\/v2\/product_cat?post=9901"},{"taxonomy":"product_tag","embeddable":true,"href":"https:\/\/www.mg-modelleisenbahnbau.de\/startseite-2\/wp-json\/wp\/v2\/product_tag?post=9901"}],"curies":[{"name":"wp","href":"https:\/\/api.w.org\/{rel}","templated":true}]}}