{"id":9897,"date":"2024-07-22T10:20:08","date_gmt":"2024-07-22T08:20:08","guid":{"rendered":"https:\/\/www.mg-modelleisenbahnbau.de\/startseite-2\/?post_type=product&#038;p=9897"},"modified":"2026-02-13T10:04:55","modified_gmt":"2026-02-13T09:04:55","slug":"8426-h0-getriebe-mit-motor","status":"publish","type":"product","link":"https:\/\/www.mg-modelleisenbahnbau.de\/startseite-2\/produkt\/8426-h0-getriebe-mit-motor\/","title":{"rendered":"8426 H0 Getriebe mit Motor"},"content":{"rendered":"<div class=\"col-12 col-md-7\">\n<div class=\"offcanvas-body\">\n<div class=\"product-detail-description tab-pane-container\">\n<div class=\"h3 product-detail-description-title\">Produktinformationen &#8222;H0 Getriebe mit Motor &#8222;<\/div>\n<div class=\"product-detail-description-text\">Leistungsstarker, verschleissarmer Motor f\u00fcr Unterflurantrieb mit gekapseltem Getriebe und einer angetriebenen Achse, passend f\u00fcr CarMotion Fahrzeuge. Die hintere Achse ist nicht angetrieben und in der H\u00f6he variabel.<br \/>\nBetriebsspannung: 7 \u2013 12 V DC<br \/>\nL 4 x B 2,8 x H 1,3 cm<\/div>\n<\/div>\n<\/div>\n<\/div>\n<div class=\"col-12 col-md-5\"><\/div>\n","protected":false},"excerpt":{"rendered":"<p>Produktinformationen &#8222;H0 Getriebe mit Motor &#8222; Leistungsstarker, verschleissarmer Motor f\u00fcr Unterflurantrieb mit gekapseltem Getriebe und einer angetriebenen Achse, passend f\u00fcr CarMotion Fahrzeuge. Die hintere Achse ist nicht angetrieben und in der H\u00f6he variabel. Betriebsspannung: 7 \u2013 12 V DC L 4 x B 2,8 x H 1,3 cm<\/p>\n","protected":false},"featured_media":9898,"comment_status":"open","ping_status":"closed","template":"","meta":[],"product_brand":[],"product_cat":[272,38,37],"product_tag":[292,291],"class_list":{"0":"post-9897","1":"product","2":"type-product","3":"status-publish","4":"has-post-thumbnail","6":"product_cat-h0-carmotion","7":"product_cat-unkategorisiert","8":"product_cat-viessmann","9":"product_tag-kein-spielzeug-nicht-geeignet-fuer-kinder-unter-14-jahren","10":"product_tag-warn-und-sicherheitshinweise-modellbauartikel","12":"first","13":"instock","14":"taxable","15":"shipping-taxable","16":"purchasable","17":"product-type-simple"},"jetpack_sharing_enabled":true,"_links":{"self":[{"href":"https:\/\/www.mg-modelleisenbahnbau.de\/startseite-2\/wp-json\/wp\/v2\/product\/9897","targetHints":{"allow":["GET"]}}],"collection":[{"href":"https:\/\/www.mg-modelleisenbahnbau.de\/startseite-2\/wp-json\/wp\/v2\/product"}],"about":[{"href":"https:\/\/www.mg-modelleisenbahnbau.de\/startseite-2\/wp-json\/wp\/v2\/types\/product"}],"replies":[{"embeddable":true,"href":"https:\/\/www.mg-modelleisenbahnbau.de\/startseite-2\/wp-json\/wp\/v2\/comments?post=9897"}],"wp:featuredmedia":[{"embeddable":true,"href":"https:\/\/www.mg-modelleisenbahnbau.de\/startseite-2\/wp-json\/wp\/v2\/media\/9898"}],"wp:attachment":[{"href":"https:\/\/www.mg-modelleisenbahnbau.de\/startseite-2\/wp-json\/wp\/v2\/media?parent=9897"}],"wp:term":[{"taxonomy":"product_brand","embeddable":true,"href":"https:\/\/www.mg-modelleisenbahnbau.de\/startseite-2\/wp-json\/wp\/v2\/product_brand?post=9897"},{"taxonomy":"product_cat","embeddable":true,"href":"https:\/\/www.mg-modelleisenbahnbau.de\/startseite-2\/wp-json\/wp\/v2\/product_cat?post=9897"},{"taxonomy":"product_tag","embeddable":true,"href":"https:\/\/www.mg-modelleisenbahnbau.de\/startseite-2\/wp-json\/wp\/v2\/product_tag?post=9897"}],"curies":[{"name":"wp","href":"https:\/\/api.w.org\/{rel}","templated":true}]}}