{"id":9893,"date":"2024-07-22T10:15:57","date_gmt":"2024-07-22T08:15:57","guid":{"rendered":"https:\/\/www.mg-modelleisenbahnbau.de\/startseite-2\/?post_type=product&#038;p=9893"},"modified":"2025-06-30T08:48:29","modified_gmt":"2025-06-30T06:48:29","slug":"8424-h0-nachruest-set-gelenkte-hinterachsen-fuer-auflieger","status":"publish","type":"product","link":"https:\/\/www.mg-modelleisenbahnbau.de\/startseite-2\/produkt\/8424-h0-nachruest-set-gelenkte-hinterachsen-fuer-auflieger\/","title":{"rendered":"8424 H0 Nachr\u00fcst-Set Gelenkte Hinterachsen f\u00fcr Auflieger"},"content":{"rendered":"<div class=\"offcanvas-body\">\n<div class=\"product-detail-description tab-pane-container\">\n<div class=\"h3 product-detail-description-title\">Produktinformationen &#8222;H0 Nachr\u00fcst-Set Gelenkte Hinterachsen f\u00fcr Auflieger&#8220;<\/div>\n<div class=\"product-detail-description-text\">Diese gelenkten Achsen f\u00fcr Auflieger sind hervorragend geeignet, um auch mit l\u00e4ngeren Aufliegern kleinere Radien fahren zu k\u00f6nnen, ohne dass man die Stra\u00dfen im Kurvenbereich sehr verbreitern muss oder dass die Auflieger zu weit in die Fahrspur des Gegenverkehrs geraten. Pr\u00e4zise gef\u00fchrt durch kugelgelagerten Zahnkranz-Mechanismus.<\/div>\n<\/div>\n<\/div>\n","protected":false},"excerpt":{"rendered":"<p>Produktinformationen &#8222;H0 Nachr\u00fcst-Set Gelenkte Hinterachsen f\u00fcr Auflieger&#8220; Diese gelenkten Achsen f\u00fcr Auflieger sind hervorragend geeignet, um auch mit l\u00e4ngeren Aufliegern kleinere Radien fahren zu k\u00f6nnen, ohne dass man die Stra\u00dfen im Kurvenbereich sehr verbreitern muss oder dass die Auflieger zu weit in die Fahrspur des Gegenverkehrs geraten. Pr\u00e4zise gef\u00fchrt durch kugelgelagerten Zahnkranz-Mechanismus.<\/p>\n","protected":false},"featured_media":9894,"comment_status":"open","ping_status":"closed","template":"","meta":[],"product_brand":[],"product_cat":[272,38,37],"product_tag":[292,291],"class_list":{"0":"post-9893","1":"product","2":"type-product","3":"status-publish","4":"has-post-thumbnail","6":"product_cat-h0-carmotion","7":"product_cat-unkategorisiert","8":"product_cat-viessmann","9":"product_tag-kein-spielzeug-nicht-geeignet-fuer-kinder-unter-14-jahren","10":"product_tag-warn-und-sicherheitshinweise-modellbauartikel","12":"first","13":"outofstock","14":"taxable","15":"shipping-taxable","16":"purchasable","17":"product-type-simple"},"jetpack_sharing_enabled":true,"_links":{"self":[{"href":"https:\/\/www.mg-modelleisenbahnbau.de\/startseite-2\/wp-json\/wp\/v2\/product\/9893","targetHints":{"allow":["GET"]}}],"collection":[{"href":"https:\/\/www.mg-modelleisenbahnbau.de\/startseite-2\/wp-json\/wp\/v2\/product"}],"about":[{"href":"https:\/\/www.mg-modelleisenbahnbau.de\/startseite-2\/wp-json\/wp\/v2\/types\/product"}],"replies":[{"embeddable":true,"href":"https:\/\/www.mg-modelleisenbahnbau.de\/startseite-2\/wp-json\/wp\/v2\/comments?post=9893"}],"wp:featuredmedia":[{"embeddable":true,"href":"https:\/\/www.mg-modelleisenbahnbau.de\/startseite-2\/wp-json\/wp\/v2\/media\/9894"}],"wp:attachment":[{"href":"https:\/\/www.mg-modelleisenbahnbau.de\/startseite-2\/wp-json\/wp\/v2\/media?parent=9893"}],"wp:term":[{"taxonomy":"product_brand","embeddable":true,"href":"https:\/\/www.mg-modelleisenbahnbau.de\/startseite-2\/wp-json\/wp\/v2\/product_brand?post=9893"},{"taxonomy":"product_cat","embeddable":true,"href":"https:\/\/www.mg-modelleisenbahnbau.de\/startseite-2\/wp-json\/wp\/v2\/product_cat?post=9893"},{"taxonomy":"product_tag","embeddable":true,"href":"https:\/\/www.mg-modelleisenbahnbau.de\/startseite-2\/wp-json\/wp\/v2\/product_tag?post=9893"}],"curies":[{"name":"wp","href":"https:\/\/api.w.org\/{rel}","templated":true}]}}