{"id":9888,"date":"2024-07-22T10:05:33","date_gmt":"2024-07-22T08:05:33","guid":{"rendered":"https:\/\/www.mg-modelleisenbahnbau.de\/startseite-2\/?post_type=product&#038;p=9888"},"modified":"2025-06-30T08:48:25","modified_gmt":"2025-06-30T06:48:25","slug":"8413-programmiergeraet-fuer-pkw","status":"publish","type":"product","link":"https:\/\/www.mg-modelleisenbahnbau.de\/startseite-2\/produkt\/8413-programmiergeraet-fuer-pkw\/","title":{"rendered":"8413 Programmierger\u00e4t f\u00fcr PKW"},"content":{"rendered":"<div class=\"offcanvas-body\">\n<div class=\"product-detail-description tab-pane-container\">\n<div class=\"h3 product-detail-description-title\">Produktinformationen &#8222;Programmierger\u00e4t f\u00fcr PKW &#8222;<\/div>\n<div class=\"product-detail-description-text\">Funktionsgleich zu dem Programmierger\u00e4t f\u00fcr LKW und Busse Art. 8401 jedoch mit kleinerem Stecker f\u00fcr PKW, wie z. B. dem K\u00e4fer Art. 8090.<\/div>\n<\/div>\n<\/div>\n","protected":false},"excerpt":{"rendered":"<p>Produktinformationen &#8222;Programmierger\u00e4t f\u00fcr PKW &#8222; Funktionsgleich zu dem Programmierger\u00e4t f\u00fcr LKW und Busse Art. 8401 jedoch mit kleinerem Stecker f\u00fcr PKW, wie z. B. dem K\u00e4fer Art. 8090.<\/p>\n","protected":false},"featured_media":9889,"comment_status":"open","ping_status":"closed","template":"","meta":[],"product_brand":[],"product_cat":[272,38,37],"product_tag":[292,291],"class_list":{"0":"post-9888","1":"product","2":"type-product","3":"status-publish","4":"has-post-thumbnail","6":"product_cat-h0-carmotion","7":"product_cat-unkategorisiert","8":"product_cat-viessmann","9":"product_tag-kein-spielzeug-nicht-geeignet-fuer-kinder-unter-14-jahren","10":"product_tag-warn-und-sicherheitshinweise-modellbauartikel","12":"first","13":"outofstock","14":"taxable","15":"shipping-taxable","16":"purchasable","17":"product-type-simple"},"jetpack_sharing_enabled":true,"_links":{"self":[{"href":"https:\/\/www.mg-modelleisenbahnbau.de\/startseite-2\/wp-json\/wp\/v2\/product\/9888","targetHints":{"allow":["GET"]}}],"collection":[{"href":"https:\/\/www.mg-modelleisenbahnbau.de\/startseite-2\/wp-json\/wp\/v2\/product"}],"about":[{"href":"https:\/\/www.mg-modelleisenbahnbau.de\/startseite-2\/wp-json\/wp\/v2\/types\/product"}],"replies":[{"embeddable":true,"href":"https:\/\/www.mg-modelleisenbahnbau.de\/startseite-2\/wp-json\/wp\/v2\/comments?post=9888"}],"wp:featuredmedia":[{"embeddable":true,"href":"https:\/\/www.mg-modelleisenbahnbau.de\/startseite-2\/wp-json\/wp\/v2\/media\/9889"}],"wp:attachment":[{"href":"https:\/\/www.mg-modelleisenbahnbau.de\/startseite-2\/wp-json\/wp\/v2\/media?parent=9888"}],"wp:term":[{"taxonomy":"product_brand","embeddable":true,"href":"https:\/\/www.mg-modelleisenbahnbau.de\/startseite-2\/wp-json\/wp\/v2\/product_brand?post=9888"},{"taxonomy":"product_cat","embeddable":true,"href":"https:\/\/www.mg-modelleisenbahnbau.de\/startseite-2\/wp-json\/wp\/v2\/product_cat?post=9888"},{"taxonomy":"product_tag","embeddable":true,"href":"https:\/\/www.mg-modelleisenbahnbau.de\/startseite-2\/wp-json\/wp\/v2\/product_tag?post=9888"}],"curies":[{"name":"wp","href":"https:\/\/api.w.org\/{rel}","templated":true}]}}