{"id":9883,"date":"2024-07-22T09:55:03","date_gmt":"2024-07-22T07:55:03","guid":{"rendered":"https:\/\/www.mg-modelleisenbahnbau.de\/startseite-2\/?post_type=product&#038;p=9883"},"modified":"2025-06-30T08:48:23","modified_gmt":"2025-06-30T06:48:23","slug":"8408-induktivcharger","status":"publish","type":"product","link":"https:\/\/www.mg-modelleisenbahnbau.de\/startseite-2\/produkt\/8408-induktivcharger\/","title":{"rendered":"8408 InduktivCharger"},"content":{"rendered":"<div class=\"offcanvas-body\">\n<div class=\"product-detail-description tab-pane-container\">\n<div class=\"h3 product-detail-description-title\">Produktinformationen &#8222;InduktivCharger &#8222;<\/div>\n<div class=\"product-detail-description-text\">Der InduktivCharger erm\u00f6glicht das kabellose Nachladen von Fahrzeugen sowie induktive Kommunikation mit dem Fahrzeug. Er ist mit dem IR Traffic smart Art. 8405 vergleichbar, jedoch ohne dessen Infrarotlesefunktion. Fahrzeuge halten auf dem Modul und positionieren sich automatisch \u00fcber der Ladespule, wobei Ladestr\u00f6me selbstst\u00e4ndig abgestimmt werden. Diese Module eignen sich besonders f\u00fcr Standorte mit l\u00e4ngeren Haltezeiten wie Ampeln, Bahn\u00fcberg\u00e4nge oder Tankstellen. Mehrere Module k\u00f6nnen vernetzt werden, um Fahrzeuge autonom zu Ladepositionen zu steuern. Die Kommunikation mit dem IR Traffic smart Art. 8405 erm\u00f6glicht eine autonome Ladesteuerung durch Verkehrsflusslenkung. Ein Steuerausgang f\u00fcr den motorischen 2\/3-Wege Abzweig Art. 8448, der auch Servos ansteuern kann, rundet die M\u00f6glichkeiten ab. Bei den LKW betr\u00e4gt das Verh\u00e4ltnis von Fahrzeit zu Ladezeit ca. 3 zu 1. Quasi unbegrenzte Fahrzeit ist dadurch m\u00f6glich. Der InduktivCharger kann auch Fahrzeuge mit Empf\u00e4ngerspulen ein- und ausschalten. Die Fahrzeuge m\u00fcssen mit der Empf\u00e4ngerspule Art. 8440 nachger\u00fcstet werden.<br \/>\nDurchmesser Ladespule: 40 mm, Durchmesser Elektronik: 30 mm, H\u00f6he: 40 mm<\/div>\n<\/div>\n<\/div>\n","protected":false},"excerpt":{"rendered":"<p>Produktinformationen &#8222;InduktivCharger &#8222; Der InduktivCharger erm\u00f6glicht das kabellose Nachladen von Fahrzeugen sowie induktive Kommunikation mit dem Fahrzeug. Er ist mit dem IR Traffic smart Art. 8405 vergleichbar, jedoch ohne dessen Infrarotlesefunktion. Fahrzeuge halten auf dem Modul und positionieren sich automatisch \u00fcber der Ladespule, wobei Ladestr\u00f6me selbstst\u00e4ndig abgestimmt werden. Diese Module eignen sich besonders f\u00fcr Standorte&#8230;<\/p>\n","protected":false},"featured_media":9884,"comment_status":"open","ping_status":"closed","template":"","meta":[],"product_brand":[],"product_cat":[272,38,37],"product_tag":[292,291],"class_list":{"0":"post-9883","1":"product","2":"type-product","3":"status-publish","4":"has-post-thumbnail","6":"product_cat-h0-carmotion","7":"product_cat-unkategorisiert","8":"product_cat-viessmann","9":"product_tag-kein-spielzeug-nicht-geeignet-fuer-kinder-unter-14-jahren","10":"product_tag-warn-und-sicherheitshinweise-modellbauartikel","12":"first","13":"instock","14":"taxable","15":"shipping-taxable","16":"purchasable","17":"product-type-simple"},"jetpack_sharing_enabled":true,"_links":{"self":[{"href":"https:\/\/www.mg-modelleisenbahnbau.de\/startseite-2\/wp-json\/wp\/v2\/product\/9883","targetHints":{"allow":["GET"]}}],"collection":[{"href":"https:\/\/www.mg-modelleisenbahnbau.de\/startseite-2\/wp-json\/wp\/v2\/product"}],"about":[{"href":"https:\/\/www.mg-modelleisenbahnbau.de\/startseite-2\/wp-json\/wp\/v2\/types\/product"}],"replies":[{"embeddable":true,"href":"https:\/\/www.mg-modelleisenbahnbau.de\/startseite-2\/wp-json\/wp\/v2\/comments?post=9883"}],"wp:featuredmedia":[{"embeddable":true,"href":"https:\/\/www.mg-modelleisenbahnbau.de\/startseite-2\/wp-json\/wp\/v2\/media\/9884"}],"wp:attachment":[{"href":"https:\/\/www.mg-modelleisenbahnbau.de\/startseite-2\/wp-json\/wp\/v2\/media?parent=9883"}],"wp:term":[{"taxonomy":"product_brand","embeddable":true,"href":"https:\/\/www.mg-modelleisenbahnbau.de\/startseite-2\/wp-json\/wp\/v2\/product_brand?post=9883"},{"taxonomy":"product_cat","embeddable":true,"href":"https:\/\/www.mg-modelleisenbahnbau.de\/startseite-2\/wp-json\/wp\/v2\/product_cat?post=9883"},{"taxonomy":"product_tag","embeddable":true,"href":"https:\/\/www.mg-modelleisenbahnbau.de\/startseite-2\/wp-json\/wp\/v2\/product_tag?post=9883"}],"curies":[{"name":"wp","href":"https:\/\/api.w.org\/{rel}","templated":true}]}}