{"id":9881,"date":"2024-07-22T09:53:28","date_gmt":"2024-07-22T07:53:28","guid":{"rendered":"https:\/\/www.mg-modelleisenbahnbau.de\/startseite-2\/?post_type=product&#038;p=9881"},"modified":"2025-06-30T08:48:23","modified_gmt":"2025-06-30T06:48:23","slug":"8403-ir-mini","status":"publish","type":"product","link":"https:\/\/www.mg-modelleisenbahnbau.de\/startseite-2\/produkt\/8403-ir-mini\/","title":{"rendered":"8403 IR Mini"},"content":{"rendered":"<div class=\"col-12 col-md-7\">\n<div class=\"offcanvas-body\">\n<div class=\"product-detail-description tab-pane-container\">\n<div class=\"h3 product-detail-description-title\">Produktinformationen &#8222;IR Mini &#8222;<\/div>\n<div class=\"product-detail-description-text\">Das Modul erlaubt, eine Vielzahl von Befehlen per Infrarot-Signal an die CarMotion-Fahrzeuge zu \u00fcbertragen. Vom einfachen Blinken \u00fcber das Abbremsen und Anhalten von CarMotion-Fahrzeugen, z. B. vor Ampeln. Die zwei Infrarot-Sendedioden k\u00f6nnen unauff\u00e4llig neben der Stra\u00dfe aufgestellt werden, aber auch liegend in einem kleinen Ausschnitt in der Fahrbahn oder im Randstreifen. Das Modul kann, wie die Fahrzeuge, komfortabel im CarManager konfiguriert werden. Alle Makros, die in den Fahrzeugen hinterlegt sind, k\u00f6nnen von dem Modul aufgerufen werden, auch die, die aus technischen Gr\u00fcnden nicht mittels Magnetfolgen abgerufen werden k\u00f6nnen. Die beiden IR-LEDs senden, je nach eingestellter Betriebsart, unterschiedliche Signale. Eine der zahlreichen Anwendungen ist das punktgenaue Anhalten vor einer Ampel o.\u00e4. Die erste IR-LED steht ein St\u00fcck weit vor der Ampel und sendet bei roter Ampel den Befehl zum langsamen Abbremsen. Auf einem optionalen Stoppmagneten (Nordpol) kommt das Fahrzeug dann sanft zum Stehen. Die zweite IR-LED befindet sich dann in direkter N\u00e4he zur Ampel und sendet den Startbefehl bei gr\u00fcner Ampel. Dazu wird das Modul direkt von der Viessmann Ampel-Steuerung, Art. 5094 oder 5095 oder dem Bahn\u00fcbergang Art. 5104 und 5107 \u00fcber den Steuereingang gesteuert. Der Eingang erlaubt auch die Steuerung des Moduls per Schalter, Relaiskontakt oder DCC-Schaltbefehl mittels geeigneter Zentrale. Einfache Befehle k\u00f6nnen auch durch Ein- und Ausschalten des Moduls erzeugt werden, z.B., um Blinkbefehle nur bei entsprechend gestellter Abzweigung zu senden.<\/p>\n<p>Ma\u00dfe Platine mit Kabelauslass: ca. L 45 x B 5 x H 5 mm<br \/>\nEmpfohlener Einbauraum (Programmierstecker): ca. L 55 x B 5 x H 5 mm<br \/>\nKabell\u00e4nge zu den IR-LEDs: jeweils ca. 300 mm<br \/>\nMa\u00dfe IR-LEDs: ca. L 2 x B 1,2 x H 1,2 mm<\/p><\/div>\n<\/div>\n<\/div>\n<\/div>\n<div class=\"col-12 col-md-5\"><\/div>\n","protected":false},"excerpt":{"rendered":"<p>Produktinformationen &#8222;IR Mini &#8222; Das Modul erlaubt, eine Vielzahl von Befehlen per Infrarot-Signal an die CarMotion-Fahrzeuge zu \u00fcbertragen. Vom einfachen Blinken \u00fcber das Abbremsen und Anhalten von CarMotion-Fahrzeugen, z. B. vor Ampeln. Die zwei Infrarot-Sendedioden k\u00f6nnen unauff\u00e4llig neben der Stra\u00dfe aufgestellt werden, aber auch liegend in einem kleinen Ausschnitt in der Fahrbahn oder im Randstreifen&#8230;.<\/p>\n","protected":false},"featured_media":9882,"comment_status":"open","ping_status":"closed","template":"","meta":[],"product_brand":[],"product_cat":[272,38,37],"product_tag":[292,291],"class_list":{"0":"post-9881","1":"product","2":"type-product","3":"status-publish","4":"has-post-thumbnail","6":"product_cat-h0-carmotion","7":"product_cat-unkategorisiert","8":"product_cat-viessmann","9":"product_tag-kein-spielzeug-nicht-geeignet-fuer-kinder-unter-14-jahren","10":"product_tag-warn-und-sicherheitshinweise-modellbauartikel","12":"first","13":"instock","14":"taxable","15":"shipping-taxable","16":"purchasable","17":"product-type-simple"},"jetpack_sharing_enabled":true,"_links":{"self":[{"href":"https:\/\/www.mg-modelleisenbahnbau.de\/startseite-2\/wp-json\/wp\/v2\/product\/9881","targetHints":{"allow":["GET"]}}],"collection":[{"href":"https:\/\/www.mg-modelleisenbahnbau.de\/startseite-2\/wp-json\/wp\/v2\/product"}],"about":[{"href":"https:\/\/www.mg-modelleisenbahnbau.de\/startseite-2\/wp-json\/wp\/v2\/types\/product"}],"replies":[{"embeddable":true,"href":"https:\/\/www.mg-modelleisenbahnbau.de\/startseite-2\/wp-json\/wp\/v2\/comments?post=9881"}],"wp:featuredmedia":[{"embeddable":true,"href":"https:\/\/www.mg-modelleisenbahnbau.de\/startseite-2\/wp-json\/wp\/v2\/media\/9882"}],"wp:attachment":[{"href":"https:\/\/www.mg-modelleisenbahnbau.de\/startseite-2\/wp-json\/wp\/v2\/media?parent=9881"}],"wp:term":[{"taxonomy":"product_brand","embeddable":true,"href":"https:\/\/www.mg-modelleisenbahnbau.de\/startseite-2\/wp-json\/wp\/v2\/product_brand?post=9881"},{"taxonomy":"product_cat","embeddable":true,"href":"https:\/\/www.mg-modelleisenbahnbau.de\/startseite-2\/wp-json\/wp\/v2\/product_cat?post=9881"},{"taxonomy":"product_tag","embeddable":true,"href":"https:\/\/www.mg-modelleisenbahnbau.de\/startseite-2\/wp-json\/wp\/v2\/product_tag?post=9881"}],"curies":[{"name":"wp","href":"https:\/\/api.w.org\/{rel}","templated":true}]}}