{"id":9869,"date":"2024-07-19T16:27:20","date_gmt":"2024-07-19T14:27:20","guid":{"rendered":"https:\/\/www.mg-modelleisenbahnbau.de\/startseite-2\/?post_type=product&#038;p=9869"},"modified":"2025-06-30T08:17:31","modified_gmt":"2025-06-30T06:17:31","slug":"8090-h0-vw-kaefer-typ-11-1302-basis-funktionsmodell","status":"publish","type":"product","link":"https:\/\/www.mg-modelleisenbahnbau.de\/startseite-2\/produkt\/8090-h0-vw-kaefer-typ-11-1302-basis-funktionsmodell\/","title":{"rendered":"8090 H0 VW K\u00e4fer Typ 11, 1302, Basis, Funktionsmodell"},"content":{"rendered":"<div class=\"offcanvas-body\">\n<div class=\"product-detail-description tab-pane-container\">\n<div class=\"h3 product-detail-description-title\">Produktinformationen &#8222;H0 VW K\u00e4fer Typ 11, 1302, Basis, Funktionsmodell &#8222;<\/div>\n<div class=\"product-detail-description-text\">Vorbild: Der VW K\u00e4fer Typ 11 als Version 1302 wurde von 1970 bis 1972 gebaut und hatte mit der gr\u00f6\u00dften Motorisierung 50 PS aus einem Vierzylinder Boxermotor mit 1600 ccm. Bei diesem Modell kam erstmals eine modernere Vorderachse mit MacPherson-Federbeinen und eine moderne Schr\u00e4glenkerhinterachse zum Einsatz. W\u00e4hrend der Produktion dieses Modells l\u00f6ste Volkswagen im Jahr 1972 mit dem K\u00e4fer das Model T von Ford als meistgebautes Auto der Welt ab.<br \/>\nModell: Dieses vorbildgetreue Modell der CarMotion Serie ist schon ab Werk f\u00fcr den Betrieb mit dem InduktivCharger Art. 8408 vorbereitet und hat die<br \/>\nEmpfangsspule f\u00fcr das induktive Laden bereits integriert. Mit einer Akkuladung ist bei normalem Fahrbetrieb mit Wartezeiten und verschiedenen Geschwindigkeiten<br \/>\neine Laufzeit von ca. 45 bis 60 Minuten, bei H\u00f6chstgeschwindigkeit von ca. 30 Minuten m\u00f6glich. Es bietet:<br \/>\n\u2022 Lade- und Programmieranschluss<br \/>\n\u2022 Schnelle Ladezeiten dank moderner Li-Po-Akkus<br \/>\n\u2022 Laufzeit von ca. 45-60 Minuten im normalen Fahrbetrieb, bis zu 30 Minuten bei H\u00f6chstgeschwindigkeit<br \/>\n\u2022 Einfaches Ein-\/Ausschalten mit einem Reedkontakt unter dem Dach<br \/>\n\u2022 Infrarot-Sender\/-Empf\u00e4nger f\u00fcr Abstandssteuerung<br \/>\n\u2022 Realistische Brems- und Beschleunigungsvorg\u00e4nge<br \/>\n\u2022 Innenbeleuchtung, Bremslichter, Blinker, Abblendlicht\/Fernlicht<br \/>\n\u2022 Einsehbarer Innenraum mit Fahrerfigur<br \/>\n\u2022 Kompatibilit\u00e4t mit Fahrdraht, Magnetband und Infrarot-Steuerung<br \/>\n\u2022 Induktives Laden ohne zus\u00e4tzliche Spurhilfen m\u00f6glich<br \/>\nL 4,8 x B 1,9 x H 1,7 cm<\/div>\n<\/div>\n<\/div>\n","protected":false},"excerpt":{"rendered":"<p>Produktinformationen &#8222;H0 VW K\u00e4fer Typ 11, 1302, Basis, Funktionsmodell &#8222; Vorbild: Der VW K\u00e4fer Typ 11 als Version 1302 wurde von 1970 bis 1972 gebaut und hatte mit der gr\u00f6\u00dften Motorisierung 50 PS aus einem Vierzylinder Boxermotor mit 1600 ccm. Bei diesem Modell kam erstmals eine modernere Vorderachse mit MacPherson-Federbeinen und eine moderne Schr\u00e4glenkerhinterachse zum&#8230;<\/p>\n","protected":false},"featured_media":9870,"comment_status":"open","ping_status":"closed","template":"","meta":[],"product_brand":[],"product_cat":[272,38,37],"product_tag":[292,291],"class_list":{"0":"post-9869","1":"product","2":"type-product","3":"status-publish","4":"has-post-thumbnail","6":"product_cat-h0-carmotion","7":"product_cat-unkategorisiert","8":"product_cat-viessmann","9":"product_tag-kein-spielzeug-nicht-geeignet-fuer-kinder-unter-14-jahren","10":"product_tag-warn-und-sicherheitshinweise-modellbauartikel","12":"first","13":"outofstock","14":"taxable","15":"shipping-taxable","16":"purchasable","17":"product-type-simple"},"jetpack_sharing_enabled":true,"_links":{"self":[{"href":"https:\/\/www.mg-modelleisenbahnbau.de\/startseite-2\/wp-json\/wp\/v2\/product\/9869","targetHints":{"allow":["GET"]}}],"collection":[{"href":"https:\/\/www.mg-modelleisenbahnbau.de\/startseite-2\/wp-json\/wp\/v2\/product"}],"about":[{"href":"https:\/\/www.mg-modelleisenbahnbau.de\/startseite-2\/wp-json\/wp\/v2\/types\/product"}],"replies":[{"embeddable":true,"href":"https:\/\/www.mg-modelleisenbahnbau.de\/startseite-2\/wp-json\/wp\/v2\/comments?post=9869"}],"wp:featuredmedia":[{"embeddable":true,"href":"https:\/\/www.mg-modelleisenbahnbau.de\/startseite-2\/wp-json\/wp\/v2\/media\/9870"}],"wp:attachment":[{"href":"https:\/\/www.mg-modelleisenbahnbau.de\/startseite-2\/wp-json\/wp\/v2\/media?parent=9869"}],"wp:term":[{"taxonomy":"product_brand","embeddable":true,"href":"https:\/\/www.mg-modelleisenbahnbau.de\/startseite-2\/wp-json\/wp\/v2\/product_brand?post=9869"},{"taxonomy":"product_cat","embeddable":true,"href":"https:\/\/www.mg-modelleisenbahnbau.de\/startseite-2\/wp-json\/wp\/v2\/product_cat?post=9869"},{"taxonomy":"product_tag","embeddable":true,"href":"https:\/\/www.mg-modelleisenbahnbau.de\/startseite-2\/wp-json\/wp\/v2\/product_tag?post=9869"}],"curies":[{"name":"wp","href":"https:\/\/api.w.org\/{rel}","templated":true}]}}