{"id":9863,"date":"2024-07-19T16:19:33","date_gmt":"2024-07-19T14:19:33","guid":{"rendered":"https:\/\/www.mg-modelleisenbahnbau.de\/startseite-2\/?post_type=product&#038;p=9863"},"modified":"2025-11-22T09:59:09","modified_gmt":"2025-11-22T08:59:09","slug":"8215-h0-2-achs-kippanhaenger-gelb-funktionsmodell","status":"publish","type":"product","link":"https:\/\/www.mg-modelleisenbahnbau.de\/startseite-2\/produkt\/8215-h0-2-achs-kippanhaenger-gelb-funktionsmodell\/","title":{"rendered":"8215 H0 2-achs Kippanh\u00e4nger, gelb, Funktionsmodell"},"content":{"rendered":"<div class=\"offcanvas-body\">\n<div class=\"product-detail-description tab-pane-container\">\n<div class=\"h3 product-detail-description-title\">Produktinformationen &#8222;H0 2-achs Kippanh\u00e4nger, gelb, Funktionsmodell &#8222;<\/div>\n<div class=\"product-detail-description-text\">Der Anh\u00e4nger mit r\u00fcckw\u00e4rtiger Beleuchtung verf\u00fcgt \u00fcber eine 5-polige Steckkupplung, um eine Verbindung zum jeweiligen Fahrzeug herzustellen. Durch den Anschluss an die Zugmaschine werden folgende Funktionen \u00fcbertragen:<br \/>\n\u2022 Infrarot-Sender f\u00fcr Abstandssteuerung<br \/>\n\u2022 Bremslichter und R\u00fcckfahrscheinwerfer<br \/>\n\u2022 Blinker rechts\/links und Warnblinker steuerbar<br \/>\nL 8,2 x B 2,9 x H 3,2 \u2013 6,4 cm<\/div>\n<\/div>\n<\/div>\n","protected":false},"excerpt":{"rendered":"<p>Produktinformationen &#8222;H0 2-achs Kippanh\u00e4nger, gelb, Funktionsmodell &#8222; Der Anh\u00e4nger mit r\u00fcckw\u00e4rtiger Beleuchtung verf\u00fcgt \u00fcber eine 5-polige Steckkupplung, um eine Verbindung zum jeweiligen Fahrzeug herzustellen. Durch den Anschluss an die Zugmaschine werden folgende Funktionen \u00fcbertragen: \u2022 Infrarot-Sender f\u00fcr Abstandssteuerung \u2022 Bremslichter und R\u00fcckfahrscheinwerfer \u2022 Blinker rechts\/links und Warnblinker steuerbar L 8,2 x B 2,9 x H&#8230;<\/p>\n","protected":false},"featured_media":9864,"comment_status":"open","ping_status":"closed","template":"","meta":[],"product_brand":[],"product_cat":[272,38,37],"product_tag":[292,291],"class_list":{"0":"post-9863","1":"product","2":"type-product","3":"status-publish","4":"has-post-thumbnail","6":"product_cat-h0-carmotion","7":"product_cat-unkategorisiert","8":"product_cat-viessmann","9":"product_tag-kein-spielzeug-nicht-geeignet-fuer-kinder-unter-14-jahren","10":"product_tag-warn-und-sicherheitshinweise-modellbauartikel","12":"first","13":"instock","14":"taxable","15":"shipping-taxable","16":"purchasable","17":"product-type-simple"},"jetpack_sharing_enabled":true,"_links":{"self":[{"href":"https:\/\/www.mg-modelleisenbahnbau.de\/startseite-2\/wp-json\/wp\/v2\/product\/9863","targetHints":{"allow":["GET"]}}],"collection":[{"href":"https:\/\/www.mg-modelleisenbahnbau.de\/startseite-2\/wp-json\/wp\/v2\/product"}],"about":[{"href":"https:\/\/www.mg-modelleisenbahnbau.de\/startseite-2\/wp-json\/wp\/v2\/types\/product"}],"replies":[{"embeddable":true,"href":"https:\/\/www.mg-modelleisenbahnbau.de\/startseite-2\/wp-json\/wp\/v2\/comments?post=9863"}],"wp:featuredmedia":[{"embeddable":true,"href":"https:\/\/www.mg-modelleisenbahnbau.de\/startseite-2\/wp-json\/wp\/v2\/media\/9864"}],"wp:attachment":[{"href":"https:\/\/www.mg-modelleisenbahnbau.de\/startseite-2\/wp-json\/wp\/v2\/media?parent=9863"}],"wp:term":[{"taxonomy":"product_brand","embeddable":true,"href":"https:\/\/www.mg-modelleisenbahnbau.de\/startseite-2\/wp-json\/wp\/v2\/product_brand?post=9863"},{"taxonomy":"product_cat","embeddable":true,"href":"https:\/\/www.mg-modelleisenbahnbau.de\/startseite-2\/wp-json\/wp\/v2\/product_cat?post=9863"},{"taxonomy":"product_tag","embeddable":true,"href":"https:\/\/www.mg-modelleisenbahnbau.de\/startseite-2\/wp-json\/wp\/v2\/product_tag?post=9863"}],"curies":[{"name":"wp","href":"https:\/\/api.w.org\/{rel}","templated":true}]}}