{"id":9854,"date":"2024-07-19T15:58:32","date_gmt":"2024-07-19T13:58:32","guid":{"rendered":"https:\/\/www.mg-modelleisenbahnbau.de\/startseite-2\/?post_type=product&#038;p=9854"},"modified":"2025-06-30T08:17:27","modified_gmt":"2025-06-30T06:17:27","slug":"8051-h0-feuerwehr-magirus-deutz-3-achs-bergekran-basis-funktionsmodell","status":"publish","type":"product","link":"https:\/\/www.mg-modelleisenbahnbau.de\/startseite-2\/produkt\/8051-h0-feuerwehr-magirus-deutz-3-achs-bergekran-basis-funktionsmodell\/","title":{"rendered":"8051 H0 Feuerwehr MAGIRUS DEUTZ 3-achs Bergekran, Basis, Funktionsmodell"},"content":{"rendered":"<div class=\"offcanvas-body\">\n<div class=\"product-detail-description tab-pane-container\">\n<div class=\"h3 product-detail-description-title\">Produktinformationen &#8222;H0 Feuerwehr MAGIRUS DEUTZ 3-achs Bergekran, Basis, Funktionsmodell&#8220;<\/div>\n<div class=\"product-detail-description-text\">Wie alle Modelle der CarMotion-Serie verf\u00fcgt das Fahrzeug \u00fcber folgende Funktionen:<br \/>\n&#8211; Lade- und Programmieranschluss<br \/>\n&#8211; Kurze Ladezeiten durch moderne Li-Po Akkus<br \/>\n&#8211; Mit einer Akkuladung ist bei normalem Fahrbetrieb mit Wartezeiten und verschiedenen Geschwindigkeiten eine Laufzeit von ca. 4 \u2013 6 Stunden, bei H\u00f6chstgeschwindigkeit von ca. 2 Stunden m\u00f6glich<br \/>\n&#8211; Einfaches Ein-\/Ausschalten mit Hilfe eines Reedkontakts unter dem Dach der Fahrerkabine mit Magnetstift oder Teleskop-Magnetstab Art. 8410<br \/>\n&#8211; Infrarot-Sender\/-Empf\u00e4nger f\u00fcr Abstandssteuerung (nur bedingt mit anderen IR-Systemen kompatibel)<br \/>\n&#8211; Realistische Brems- bzw. Beschleunigungsvorg\u00e4nge und konfigurierbarer Geschwindigkeit durch drehzahlgeregelten Motor<br \/>\n&#8211; Freie Ladefl\u00e4che durch Unterflurantrieb<br \/>\n&#8211; Kabinenbeleuchtung<br \/>\n&#8211; Bremslichter und R\u00fcckfahrscheinwerfer<br \/>\n&#8211; Blinker rechts\/links und Warnblinker steuerbar<br \/>\n&#8211; Abblendlicht \/ Fernlicht<br \/>\n&#8211; Dachblinker (abh\u00e4ngig vom Fahrzeugtyp)<br \/>\n&#8211; Einsehbare Fahrerkabine mit Figur<br \/>\n&#8211; 5-polige Steckkupplung zum Anschluss von CarMotion Anh\u00e4ngern oder Aufliegern<br \/>\n&#8211; Kompatibel zu vorhandenen Systemen mit Fahrdraht oder Magnetband<br \/>\n&#8211; Steuerung \u00fcber Infrarot-Signale, Dauermagnete Art. 8431 in der Stra\u00dfe, elektromagnetische Stopp-Spulen und Fernbedienung Art. 8402<br \/>\n&#8211; Selbst ohne Spurhilfen ist eine kurze geradlinige R\u00fcckw\u00e4rtsfahrt mittels Steuerung \u00fcber die Fernbedienung m\u00f6glich<br \/>\nVorbilddaten: MAGIRUS DEUTZ Typ 230 D 26 AK KHD Jupiter FlKfz 3-achsig, Radstand 3850\/1380 mm, ZF Sechsgang Allklauengetriebe AK 6-80, Viertakt V8 Dieselmotor Typ F8L914, Leistung 169 kW\/230 PS, BILSTEIN Bergekran K 12500 H, vollhydraulisch, max. Traglast 12 t, Hubh\u00f6he ca. 11 m.<br \/>\nL 11 \u2013 18 x B 3,2 \u2013 4,3 x H 3,9 \u2013 11,5 cm<\/div>\n<\/div>\n<\/div>\n","protected":false},"excerpt":{"rendered":"<p>Produktinformationen &#8222;H0 Feuerwehr MAGIRUS DEUTZ 3-achs Bergekran, Basis, Funktionsmodell&#8220; Wie alle Modelle der CarMotion-Serie verf\u00fcgt das Fahrzeug \u00fcber folgende Funktionen: &#8211; Lade- und Programmieranschluss &#8211; Kurze Ladezeiten durch moderne Li-Po Akkus &#8211; Mit einer Akkuladung ist bei normalem Fahrbetrieb mit Wartezeiten und verschiedenen Geschwindigkeiten eine Laufzeit von ca. 4 \u2013 6 Stunden, bei H\u00f6chstgeschwindigkeit von&#8230;<\/p>\n","protected":false},"featured_media":9855,"comment_status":"open","ping_status":"closed","template":"","meta":[],"product_brand":[],"product_cat":[272,38,37],"product_tag":[292,291],"class_list":{"0":"post-9854","1":"product","2":"type-product","3":"status-publish","4":"has-post-thumbnail","6":"product_cat-h0-carmotion","7":"product_cat-unkategorisiert","8":"product_cat-viessmann","9":"product_tag-kein-spielzeug-nicht-geeignet-fuer-kinder-unter-14-jahren","10":"product_tag-warn-und-sicherheitshinweise-modellbauartikel","12":"first","13":"instock","14":"taxable","15":"shipping-taxable","16":"purchasable","17":"product-type-simple"},"jetpack_sharing_enabled":true,"_links":{"self":[{"href":"https:\/\/www.mg-modelleisenbahnbau.de\/startseite-2\/wp-json\/wp\/v2\/product\/9854","targetHints":{"allow":["GET"]}}],"collection":[{"href":"https:\/\/www.mg-modelleisenbahnbau.de\/startseite-2\/wp-json\/wp\/v2\/product"}],"about":[{"href":"https:\/\/www.mg-modelleisenbahnbau.de\/startseite-2\/wp-json\/wp\/v2\/types\/product"}],"replies":[{"embeddable":true,"href":"https:\/\/www.mg-modelleisenbahnbau.de\/startseite-2\/wp-json\/wp\/v2\/comments?post=9854"}],"wp:featuredmedia":[{"embeddable":true,"href":"https:\/\/www.mg-modelleisenbahnbau.de\/startseite-2\/wp-json\/wp\/v2\/media\/9855"}],"wp:attachment":[{"href":"https:\/\/www.mg-modelleisenbahnbau.de\/startseite-2\/wp-json\/wp\/v2\/media?parent=9854"}],"wp:term":[{"taxonomy":"product_brand","embeddable":true,"href":"https:\/\/www.mg-modelleisenbahnbau.de\/startseite-2\/wp-json\/wp\/v2\/product_brand?post=9854"},{"taxonomy":"product_cat","embeddable":true,"href":"https:\/\/www.mg-modelleisenbahnbau.de\/startseite-2\/wp-json\/wp\/v2\/product_cat?post=9854"},{"taxonomy":"product_tag","embeddable":true,"href":"https:\/\/www.mg-modelleisenbahnbau.de\/startseite-2\/wp-json\/wp\/v2\/product_tag?post=9854"}],"curies":[{"name":"wp","href":"https:\/\/api.w.org\/{rel}","templated":true}]}}