{"id":953,"date":"2018-10-15T17:32:17","date_gmt":"2018-10-15T15:32:17","guid":{"rendered":"http:\/\/www.mg-modelleisenbahnbau.de\/?post_type=product&#038;p=953"},"modified":"2025-06-30T07:01:37","modified_gmt":"2025-06-30T05:01:37","slug":"6833-verlaengerungen-fuer-hausbeleuchtungssockel-3-stueck","status":"publish","type":"product","link":"https:\/\/www.mg-modelleisenbahnbau.de\/startseite-2\/produkt\/6833-verlaengerungen-fuer-hausbeleuchtungssockel-3-stueck\/","title":{"rendered":"6833 Verl\u00e4ngerungen f\u00fcr Hausbeleuchtungssockel, 3 St\u00fcck"},"content":{"rendered":"<p>Produktinformationen &#8222;Verl\u00e4ngerungen f\u00fcr Hausbeleuchtungssockel, 3 St\u00fcck&#8220;<br \/>\nZur Verl\u00e4ngerung des Hausbeleuchtungssockels Art. 6832, um z. B. obere Stockwerke zu beleuchten. Die Verl\u00e4ngerungen werden einfach aufeinander gesteckt und das Kabel dabei innen durchgef\u00fchrt. H\u00f6he je Verl\u00e4ngerung: 30 mm.<\/p>\n","protected":false},"excerpt":{"rendered":"<p>Produktinformationen &#8222;Verl\u00e4ngerungen f\u00fcr Hausbeleuchtungssockel, 3 St\u00fcck&#8220; Zur Verl\u00e4ngerung des Hausbeleuchtungssockels Art. 6832, um z. B. obere Stockwerke zu beleuchten. Die Verl\u00e4ngerungen werden einfach aufeinander gesteckt und das Kabel dabei innen durchgef\u00fchrt. H\u00f6he je Verl\u00e4ngerung: 30 mm.<\/p>\n","protected":false},"featured_media":954,"comment_status":"open","ping_status":"closed","template":"","meta":[],"product_brand":[],"product_cat":[123,38,37,124],"product_tag":[292,291],"class_list":{"0":"post-953","1":"product","2":"type-product","3":"status-publish","4":"has-post-thumbnail","6":"product_cat-leuchten-h0","7":"product_cat-unkategorisiert","8":"product_cat-viessmann","9":"product_cat-viessmann-spur-h0","10":"product_tag-kein-spielzeug-nicht-geeignet-fuer-kinder-unter-14-jahren","11":"product_tag-warn-und-sicherheitshinweise-modellbauartikel","13":"first","14":"instock","15":"taxable","16":"shipping-taxable","17":"purchasable","18":"product-type-simple"},"jetpack_sharing_enabled":true,"_links":{"self":[{"href":"https:\/\/www.mg-modelleisenbahnbau.de\/startseite-2\/wp-json\/wp\/v2\/product\/953","targetHints":{"allow":["GET"]}}],"collection":[{"href":"https:\/\/www.mg-modelleisenbahnbau.de\/startseite-2\/wp-json\/wp\/v2\/product"}],"about":[{"href":"https:\/\/www.mg-modelleisenbahnbau.de\/startseite-2\/wp-json\/wp\/v2\/types\/product"}],"replies":[{"embeddable":true,"href":"https:\/\/www.mg-modelleisenbahnbau.de\/startseite-2\/wp-json\/wp\/v2\/comments?post=953"}],"wp:featuredmedia":[{"embeddable":true,"href":"https:\/\/www.mg-modelleisenbahnbau.de\/startseite-2\/wp-json\/wp\/v2\/media\/954"}],"wp:attachment":[{"href":"https:\/\/www.mg-modelleisenbahnbau.de\/startseite-2\/wp-json\/wp\/v2\/media?parent=953"}],"wp:term":[{"taxonomy":"product_brand","embeddable":true,"href":"https:\/\/www.mg-modelleisenbahnbau.de\/startseite-2\/wp-json\/wp\/v2\/product_brand?post=953"},{"taxonomy":"product_cat","embeddable":true,"href":"https:\/\/www.mg-modelleisenbahnbau.de\/startseite-2\/wp-json\/wp\/v2\/product_cat?post=953"},{"taxonomy":"product_tag","embeddable":true,"href":"https:\/\/www.mg-modelleisenbahnbau.de\/startseite-2\/wp-json\/wp\/v2\/product_tag?post=953"}],"curies":[{"name":"wp","href":"https:\/\/api.w.org\/{rel}","templated":true}]}}