{"id":9480,"date":"2023-09-01T18:16:14","date_gmt":"2023-09-01T16:16:14","guid":{"rendered":"https:\/\/www.mg-modelleisenbahnbau.de\/startseite-2\/?post_type=product&#038;p=9480"},"modified":"2025-06-29T23:43:16","modified_gmt":"2025-06-29T21:43:16","slug":"6003-beleuchtungs-set-fuer-kibri-garage-haus-anna-38338","status":"publish","type":"product","link":"https:\/\/www.mg-modelleisenbahnbau.de\/startseite-2\/produkt\/6003-beleuchtungs-set-fuer-kibri-garage-haus-anna-38338\/","title":{"rendered":"6003 Beleuchtungs-Set f\u00fcr kibri Garage Haus Anna 38338"},"content":{"rendered":"<div class=\"content--description\">\n<div class=\"content--title\">Produktinformationen &#8222;Beleuchtungs-Set f\u00fcr kibri Garage Haus Anna 38338&#8220;<\/div>\n<div class=\"product--description\">\n<p>Ideal f\u00fcr die Beleuchtung des kibri Kubushauses Anna, Art. 38338 aus Polyplate. Inhalt: 4 warmwei\u00dfe LEDs, 1 Diode, 1 Widerstand und zus\u00e4tzlich je 20 cm braunes und gelbes Kabel. Perfekt zum Anschluss an den Viessmann LED-Dimmer, Art. 5590.<\/p>\n<\/div>\n<\/div>\n","protected":false},"excerpt":{"rendered":"<p>Produktinformationen &#8222;Beleuchtungs-Set f\u00fcr kibri Garage Haus Anna 38338&#8220; Ideal f\u00fcr die Beleuchtung des kibri Kubushauses Anna, Art. 38338 aus Polyplate. Inhalt: 4 warmwei\u00dfe LEDs, 1 Diode, 1 Widerstand und zus\u00e4tzlich je 20 cm braunes und gelbes Kabel. Perfekt zum Anschluss an den Viessmann LED-Dimmer, Art. 5590.<\/p>\n","protected":false},"featured_media":9481,"comment_status":"open","ping_status":"closed","template":"","meta":[],"product_brand":[],"product_cat":[44,123,210,38,37],"product_tag":[292,291],"class_list":{"0":"post-9480","1":"product","2":"type-product","3":"status-publish","4":"has-post-thumbnail","6":"product_cat-kibri","7":"product_cat-leuchten-h0","8":"product_cat-stadthaeuser-ho","9":"product_cat-unkategorisiert","10":"product_cat-viessmann","11":"product_tag-kein-spielzeug-nicht-geeignet-fuer-kinder-unter-14-jahren","12":"product_tag-warn-und-sicherheitshinweise-modellbauartikel","14":"first","15":"instock","16":"taxable","17":"shipping-taxable","18":"purchasable","19":"product-type-simple"},"jetpack_sharing_enabled":true,"_links":{"self":[{"href":"https:\/\/www.mg-modelleisenbahnbau.de\/startseite-2\/wp-json\/wp\/v2\/product\/9480","targetHints":{"allow":["GET"]}}],"collection":[{"href":"https:\/\/www.mg-modelleisenbahnbau.de\/startseite-2\/wp-json\/wp\/v2\/product"}],"about":[{"href":"https:\/\/www.mg-modelleisenbahnbau.de\/startseite-2\/wp-json\/wp\/v2\/types\/product"}],"replies":[{"embeddable":true,"href":"https:\/\/www.mg-modelleisenbahnbau.de\/startseite-2\/wp-json\/wp\/v2\/comments?post=9480"}],"wp:featuredmedia":[{"embeddable":true,"href":"https:\/\/www.mg-modelleisenbahnbau.de\/startseite-2\/wp-json\/wp\/v2\/media\/9481"}],"wp:attachment":[{"href":"https:\/\/www.mg-modelleisenbahnbau.de\/startseite-2\/wp-json\/wp\/v2\/media?parent=9480"}],"wp:term":[{"taxonomy":"product_brand","embeddable":true,"href":"https:\/\/www.mg-modelleisenbahnbau.de\/startseite-2\/wp-json\/wp\/v2\/product_brand?post=9480"},{"taxonomy":"product_cat","embeddable":true,"href":"https:\/\/www.mg-modelleisenbahnbau.de\/startseite-2\/wp-json\/wp\/v2\/product_cat?post=9480"},{"taxonomy":"product_tag","embeddable":true,"href":"https:\/\/www.mg-modelleisenbahnbau.de\/startseite-2\/wp-json\/wp\/v2\/product_tag?post=9480"}],"curies":[{"name":"wp","href":"https:\/\/api.w.org\/{rel}","templated":true}]}}