{"id":9478,"date":"2023-09-01T18:11:17","date_gmt":"2023-09-01T16:11:17","guid":{"rendered":"https:\/\/www.mg-modelleisenbahnbau.de\/startseite-2\/?post_type=product&#038;p=9478"},"modified":"2025-06-29T23:30:40","modified_gmt":"2025-06-29T21:30:40","slug":"5590-led-dimmer-zweifach","status":"publish","type":"product","link":"https:\/\/www.mg-modelleisenbahnbau.de\/startseite-2\/produkt\/5590-led-dimmer-zweifach\/","title":{"rendered":"5590 LED-Dimmer, zweifach"},"content":{"rendered":"<div class=\"content--description\">\n<div class=\"content--title\">Produktinformationen &#8222;LED-Dimmer, zweifach&#8220;<\/div>\n<div class=\"product--description\">\n<p>Das Modul erm\u00f6glicht den Betrieb von einzelnen LEDs und LED-Leuchtstreifen mit stabiler und einstellbarer Helligkeit. Dazu versorgt das Modul die Verbraucher mit einem in Stufen einstellbaren Strom, der von der Versorgungsspannung des Moduls und von den Eigenschaften der LEDs weitestgehend unabh\u00e4ngig ist. LED-Leuchtstreifen d\u00fcrfen bis zu 7 LEDs in Reihe geschaltet haben. Geeignet f\u00fcr Viessmann LED-Leuchtstreifen z. B. Art. 5086 \u2013 5089. Das Modul hat zwei Ausg\u00e4nge. Unabh\u00e4ngig voneinander kann f\u00fcr jeden Ausgang mit jeweils 4 DIP-Schaltern (bin\u00e4r) die Helligkeit der LEDs \u00fcber die Stromst\u00e4rke eingestellt werden. Beginnend von ca. 1 mA lassen sich Str\u00f6me bis maximal ca. 31 mA einstellen. Die maximale Eingangsspannung betr\u00e4gt 24 V AC.<\/p>\n<\/div>\n<\/div>\n","protected":false},"excerpt":{"rendered":"<p>Produktinformationen &#8222;LED-Dimmer, zweifach&#8220; Das Modul erm\u00f6glicht den Betrieb von einzelnen LEDs und LED-Leuchtstreifen mit stabiler und einstellbarer Helligkeit. Dazu versorgt das Modul die Verbraucher mit einem in Stufen einstellbaren Strom, der von der Versorgungsspannung des Moduls und von den Eigenschaften der LEDs weitestgehend unabh\u00e4ngig ist. LED-Leuchtstreifen d\u00fcrfen bis zu 7 LEDs in Reihe geschaltet haben&#8230;.<\/p>\n","protected":false},"featured_media":9479,"comment_status":"open","ping_status":"closed","template":"","meta":[],"product_brand":[],"product_cat":[123,139,157,132,146,152,38,37],"product_tag":[292,291],"class_list":{"0":"post-9478","1":"product","2":"type-product","3":"status-publish","4":"has-post-thumbnail","6":"product_cat-leuchten-h0","7":"product_cat-leuchten-n","8":"product_cat-leuchten-spur-0","9":"product_cat-leuchten-tt","10":"product_cat-leuchten-z","11":"product_cat-relais-und-zubehoer","12":"product_cat-unkategorisiert","13":"product_cat-viessmann","14":"product_tag-kein-spielzeug-nicht-geeignet-fuer-kinder-unter-14-jahren","15":"product_tag-warn-und-sicherheitshinweise-modellbauartikel","17":"first","18":"instock","19":"taxable","20":"shipping-taxable","21":"purchasable","22":"product-type-simple"},"jetpack_sharing_enabled":true,"_links":{"self":[{"href":"https:\/\/www.mg-modelleisenbahnbau.de\/startseite-2\/wp-json\/wp\/v2\/product\/9478","targetHints":{"allow":["GET"]}}],"collection":[{"href":"https:\/\/www.mg-modelleisenbahnbau.de\/startseite-2\/wp-json\/wp\/v2\/product"}],"about":[{"href":"https:\/\/www.mg-modelleisenbahnbau.de\/startseite-2\/wp-json\/wp\/v2\/types\/product"}],"replies":[{"embeddable":true,"href":"https:\/\/www.mg-modelleisenbahnbau.de\/startseite-2\/wp-json\/wp\/v2\/comments?post=9478"}],"wp:featuredmedia":[{"embeddable":true,"href":"https:\/\/www.mg-modelleisenbahnbau.de\/startseite-2\/wp-json\/wp\/v2\/media\/9479"}],"wp:attachment":[{"href":"https:\/\/www.mg-modelleisenbahnbau.de\/startseite-2\/wp-json\/wp\/v2\/media?parent=9478"}],"wp:term":[{"taxonomy":"product_brand","embeddable":true,"href":"https:\/\/www.mg-modelleisenbahnbau.de\/startseite-2\/wp-json\/wp\/v2\/product_brand?post=9478"},{"taxonomy":"product_cat","embeddable":true,"href":"https:\/\/www.mg-modelleisenbahnbau.de\/startseite-2\/wp-json\/wp\/v2\/product_cat?post=9478"},{"taxonomy":"product_tag","embeddable":true,"href":"https:\/\/www.mg-modelleisenbahnbau.de\/startseite-2\/wp-json\/wp\/v2\/product_tag?post=9478"}],"curies":[{"name":"wp","href":"https:\/\/api.w.org\/{rel}","templated":true}]}}