{"id":9444,"date":"2023-08-12T20:03:06","date_gmt":"2023-08-12T18:03:06","guid":{"rendered":"https:\/\/www.mg-modelleisenbahnbau.de\/startseite-2\/?post_type=product&#038;p=9444"},"modified":"2025-06-30T16:22:02","modified_gmt":"2025-06-30T14:22:02","slug":"38909-h0-fachwerkhaus-in-bad-urach","status":"publish","type":"product","link":"https:\/\/www.mg-modelleisenbahnbau.de\/startseite-2\/produkt\/38909-h0-fachwerkhaus-in-bad-urach\/","title":{"rendered":"38909 H0 Fachwerkhaus in Bad Urach"},"content":{"rendered":"<div class=\"content--description\">\n<div class=\"content--title\">Produktinformationen &#8222;H0 Fachwerkhaus in Bad Urach&#8220;<\/div>\n<div class=\"product--description\">Bausatz. Dieses st\u00e4dtische Fachwerkhaus ist eines der pr\u00e4genden Geb\u00e4ude am Marktplatz in Bad Urach.<br \/>\nHergestellt im Zweifarben-Spritzgie\u00dfverfahren.<br \/>\nL 14,5 x B 10,4 x H 15,0 cm<br \/>\nSchwierigkeitsgrad: 2 (Fortgeschrittene)<\/div>\n<\/div>\n","protected":false},"excerpt":{"rendered":"<p>Produktinformationen &#8222;H0 Fachwerkhaus in Bad Urach&#8220; Bausatz. Dieses st\u00e4dtische Fachwerkhaus ist eines der pr\u00e4genden Geb\u00e4ude am Marktplatz in Bad Urach. Hergestellt im Zweifarben-Spritzgie\u00dfverfahren. L 14,5 x B 10,4 x H 15,0 cm Schwierigkeitsgrad: 2 (Fortgeschrittene)<\/p>\n","protected":false},"featured_media":9445,"comment_status":"open","ping_status":"closed","template":"","meta":[],"product_brand":[],"product_cat":[211,44,201,38],"product_tag":[292,291],"class_list":{"0":"post-9444","1":"product","2":"type-product","3":"status-publish","4":"has-post-thumbnail","6":"product_cat-fachwerkhaeuser-ho","7":"product_cat-kibri","8":"product_cat-kibri-spur-ho","9":"product_cat-unkategorisiert","10":"product_tag-kein-spielzeug-nicht-geeignet-fuer-kinder-unter-14-jahren","11":"product_tag-warn-und-sicherheitshinweise-modellbauartikel","13":"first","14":"instock","15":"taxable","16":"shipping-taxable","17":"purchasable","18":"product-type-simple"},"jetpack_sharing_enabled":true,"_links":{"self":[{"href":"https:\/\/www.mg-modelleisenbahnbau.de\/startseite-2\/wp-json\/wp\/v2\/product\/9444","targetHints":{"allow":["GET"]}}],"collection":[{"href":"https:\/\/www.mg-modelleisenbahnbau.de\/startseite-2\/wp-json\/wp\/v2\/product"}],"about":[{"href":"https:\/\/www.mg-modelleisenbahnbau.de\/startseite-2\/wp-json\/wp\/v2\/types\/product"}],"replies":[{"embeddable":true,"href":"https:\/\/www.mg-modelleisenbahnbau.de\/startseite-2\/wp-json\/wp\/v2\/comments?post=9444"}],"wp:featuredmedia":[{"embeddable":true,"href":"https:\/\/www.mg-modelleisenbahnbau.de\/startseite-2\/wp-json\/wp\/v2\/media\/9445"}],"wp:attachment":[{"href":"https:\/\/www.mg-modelleisenbahnbau.de\/startseite-2\/wp-json\/wp\/v2\/media?parent=9444"}],"wp:term":[{"taxonomy":"product_brand","embeddable":true,"href":"https:\/\/www.mg-modelleisenbahnbau.de\/startseite-2\/wp-json\/wp\/v2\/product_brand?post=9444"},{"taxonomy":"product_cat","embeddable":true,"href":"https:\/\/www.mg-modelleisenbahnbau.de\/startseite-2\/wp-json\/wp\/v2\/product_cat?post=9444"},{"taxonomy":"product_tag","embeddable":true,"href":"https:\/\/www.mg-modelleisenbahnbau.de\/startseite-2\/wp-json\/wp\/v2\/product_tag?post=9444"}],"curies":[{"name":"wp","href":"https:\/\/api.w.org\/{rel}","templated":true}]}}