{"id":9432,"date":"2023-08-02T19:03:55","date_gmt":"2023-08-02T17:03:55","guid":{"rendered":"https:\/\/www.mg-modelleisenbahnbau.de\/startseite-2\/?post_type=product&#038;p=9432"},"modified":"2025-06-30T16:22:01","modified_gmt":"2025-06-30T14:22:01","slug":"38907-h0-rathaus-in-bad-urach","status":"publish","type":"product","link":"https:\/\/www.mg-modelleisenbahnbau.de\/startseite-2\/produkt\/38907-h0-rathaus-in-bad-urach\/","title":{"rendered":"38907 H0 Rathaus in Bad Urach"},"content":{"rendered":"<div class=\"content--description\">\n<div class=\"content--title\">Produktinformationen &#8222;H0 Rathaus in Bad Urach&#8220;<\/div>\n<div class=\"product--description\">Bausatz. Das Rathaus mit Sonnenuhr und Glockenturm z\u00e4hlt zu den wichtigsten Geb\u00e4uden auf dem Marktplatz in Bad Urach.<br \/>\nHergestellt im Zweifarben-Spritzgie\u00dfverfahren.<br \/>\nL 17,0 x B 11,3 x H 19,6 cm<br \/>\nSchwierigkeitsgrad: 2 (Fortgeschrittene)<\/div>\n<\/div>\n","protected":false},"excerpt":{"rendered":"<p>Produktinformationen &#8222;H0 Rathaus in Bad Urach&#8220; Bausatz. Das Rathaus mit Sonnenuhr und Glockenturm z\u00e4hlt zu den wichtigsten Geb\u00e4uden auf dem Marktplatz in Bad Urach. Hergestellt im Zweifarben-Spritzgie\u00dfverfahren. L 17,0 x B 11,3 x H 19,6 cm Schwierigkeitsgrad: 2 (Fortgeschrittene)<\/p>\n","protected":false},"featured_media":9433,"comment_status":"open","ping_status":"closed","template":"","meta":[],"product_brand":[],"product_cat":[211,44,201,38],"product_tag":[292,291],"class_list":{"0":"post-9432","1":"product","2":"type-product","3":"status-publish","4":"has-post-thumbnail","6":"product_cat-fachwerkhaeuser-ho","7":"product_cat-kibri","8":"product_cat-kibri-spur-ho","9":"product_cat-unkategorisiert","10":"product_tag-kein-spielzeug-nicht-geeignet-fuer-kinder-unter-14-jahren","11":"product_tag-warn-und-sicherheitshinweise-modellbauartikel","13":"first","14":"instock","15":"taxable","16":"shipping-taxable","17":"purchasable","18":"product-type-simple"},"jetpack_sharing_enabled":true,"_links":{"self":[{"href":"https:\/\/www.mg-modelleisenbahnbau.de\/startseite-2\/wp-json\/wp\/v2\/product\/9432","targetHints":{"allow":["GET"]}}],"collection":[{"href":"https:\/\/www.mg-modelleisenbahnbau.de\/startseite-2\/wp-json\/wp\/v2\/product"}],"about":[{"href":"https:\/\/www.mg-modelleisenbahnbau.de\/startseite-2\/wp-json\/wp\/v2\/types\/product"}],"replies":[{"embeddable":true,"href":"https:\/\/www.mg-modelleisenbahnbau.de\/startseite-2\/wp-json\/wp\/v2\/comments?post=9432"}],"wp:featuredmedia":[{"embeddable":true,"href":"https:\/\/www.mg-modelleisenbahnbau.de\/startseite-2\/wp-json\/wp\/v2\/media\/9433"}],"wp:attachment":[{"href":"https:\/\/www.mg-modelleisenbahnbau.de\/startseite-2\/wp-json\/wp\/v2\/media?parent=9432"}],"wp:term":[{"taxonomy":"product_brand","embeddable":true,"href":"https:\/\/www.mg-modelleisenbahnbau.de\/startseite-2\/wp-json\/wp\/v2\/product_brand?post=9432"},{"taxonomy":"product_cat","embeddable":true,"href":"https:\/\/www.mg-modelleisenbahnbau.de\/startseite-2\/wp-json\/wp\/v2\/product_cat?post=9432"},{"taxonomy":"product_tag","embeddable":true,"href":"https:\/\/www.mg-modelleisenbahnbau.de\/startseite-2\/wp-json\/wp\/v2\/product_tag?post=9432"}],"curies":[{"name":"wp","href":"https:\/\/api.w.org\/{rel}","templated":true}]}}