{"id":9428,"date":"2023-08-02T18:46:00","date_gmt":"2023-08-02T16:46:00","guid":{"rendered":"https:\/\/www.mg-modelleisenbahnbau.de\/startseite-2\/?post_type=product&#038;p=9428"},"modified":"2025-06-29T23:43:16","modified_gmt":"2025-06-29T21:43:16","slug":"6002-beleuchtungs-set-fuer-kibri-kubushaeuser","status":"publish","type":"product","link":"https:\/\/www.mg-modelleisenbahnbau.de\/startseite-2\/produkt\/6002-beleuchtungs-set-fuer-kibri-kubushaeuser\/","title":{"rendered":"6002 Beleuchtungs-Set f\u00fcr kibri Kubush\u00e4user"},"content":{"rendered":"<div class=\"content--description\">\n<div class=\"content--title\">Produktinformationen &#8222;Beleuchtungs-Set f\u00fcr kibri Kubush\u00e4user&#8220;<\/div>\n<div class=\"product--description\">\n<p>Ideal f\u00fcr die Beleuchtung der kibri Kubush\u00e4user, Art. 38336 \u2013 38339 aus Polyplate. Inhalt: 4 warmwei\u00dfe, 3 wei\u00dfe und 1 gelbe LED. 1 Diode und 1 Widerstand, 2 IC Stecker. Perfekt zum Anschluss an den Viessmann LED-Dimmer, Art. 5590.<\/p>\n<\/div>\n<\/div>\n","protected":false},"excerpt":{"rendered":"<p>Produktinformationen &#8222;Beleuchtungs-Set f\u00fcr kibri Kubush\u00e4user&#8220; Ideal f\u00fcr die Beleuchtung der kibri Kubush\u00e4user, Art. 38336 \u2013 38339 aus Polyplate. Inhalt: 4 warmwei\u00dfe, 3 wei\u00dfe und 1 gelbe LED. 1 Diode und 1 Widerstand, 2 IC Stecker. Perfekt zum Anschluss an den Viessmann LED-Dimmer, Art. 5590.<\/p>\n","protected":false},"featured_media":9429,"comment_status":"open","ping_status":"closed","template":"","meta":[],"product_brand":[],"product_cat":[123,38,37,124],"product_tag":[292,291],"class_list":{"0":"post-9428","1":"product","2":"type-product","3":"status-publish","4":"has-post-thumbnail","6":"product_cat-leuchten-h0","7":"product_cat-unkategorisiert","8":"product_cat-viessmann","9":"product_cat-viessmann-spur-h0","10":"product_tag-kein-spielzeug-nicht-geeignet-fuer-kinder-unter-14-jahren","11":"product_tag-warn-und-sicherheitshinweise-modellbauartikel","13":"first","14":"instock","15":"taxable","16":"shipping-taxable","17":"purchasable","18":"product-type-simple"},"jetpack_sharing_enabled":true,"_links":{"self":[{"href":"https:\/\/www.mg-modelleisenbahnbau.de\/startseite-2\/wp-json\/wp\/v2\/product\/9428","targetHints":{"allow":["GET"]}}],"collection":[{"href":"https:\/\/www.mg-modelleisenbahnbau.de\/startseite-2\/wp-json\/wp\/v2\/product"}],"about":[{"href":"https:\/\/www.mg-modelleisenbahnbau.de\/startseite-2\/wp-json\/wp\/v2\/types\/product"}],"replies":[{"embeddable":true,"href":"https:\/\/www.mg-modelleisenbahnbau.de\/startseite-2\/wp-json\/wp\/v2\/comments?post=9428"}],"wp:featuredmedia":[{"embeddable":true,"href":"https:\/\/www.mg-modelleisenbahnbau.de\/startseite-2\/wp-json\/wp\/v2\/media\/9429"}],"wp:attachment":[{"href":"https:\/\/www.mg-modelleisenbahnbau.de\/startseite-2\/wp-json\/wp\/v2\/media?parent=9428"}],"wp:term":[{"taxonomy":"product_brand","embeddable":true,"href":"https:\/\/www.mg-modelleisenbahnbau.de\/startseite-2\/wp-json\/wp\/v2\/product_brand?post=9428"},{"taxonomy":"product_cat","embeddable":true,"href":"https:\/\/www.mg-modelleisenbahnbau.de\/startseite-2\/wp-json\/wp\/v2\/product_cat?post=9428"},{"taxonomy":"product_tag","embeddable":true,"href":"https:\/\/www.mg-modelleisenbahnbau.de\/startseite-2\/wp-json\/wp\/v2\/product_tag?post=9428"}],"curies":[{"name":"wp","href":"https:\/\/api.w.org\/{rel}","templated":true}]}}