{"id":9389,"date":"2023-07-03T21:31:32","date_gmt":"2023-07-03T19:31:32","guid":{"rendered":"https:\/\/www.mg-modelleisenbahnbau.de\/startseite-2\/?post_type=product&#038;p=9389"},"modified":"2025-07-01T09:47:29","modified_gmt":"2025-07-01T07:47:29","slug":"46016-vollmer-superzement-s-30-25-ml","status":"publish","type":"product","link":"https:\/\/www.mg-modelleisenbahnbau.de\/startseite-2\/produkt\/46016-vollmer-superzement-s-30-25-ml\/","title":{"rendered":"46016 Vollmer Superzement S 30, 25 ml"},"content":{"rendered":"<div class=\"content--description\">\n<div class=\"content--title\">Produktinformationen &#8222;Vollmer Superzement S 30, 25 ml&#8220;<\/div>\n<div class=\"product--description\">Der Spezialkleber ist kristallklar in der Farbe. Ihre wertvollen Baus\u00e4tze werden mit diesem Kleber sauber und dauerhaft verschwei\u00dft. Der hohe Verz\u00f6gerungseffekt vermeidet vorzeitiges Austrocknen und selbst gro\u00dffl\u00e4chige Teile k\u00f6nnen problemlos dauerhaft verbunden werden.<\/div>\n<\/div>\n<div><\/div>\n<div><\/div>\n<div>\n<div class=\"lenz-clp-top\">\n<div class=\"lenz-clp-short-overview\">\n<div class=\"clp-headline\">Gefahrenhinweise<\/div>\n<div class=\"clp-subtext\">Bitte beachten Sie die Gefahrenhinweise zu diesem Artikel. <a href=\"https:\/\/viessmann-modell.com\/642\/vollmer-superzement-s-30-25-ml#clp\">Mehr dazu.<\/a><\/div>\n<div class=\"clp-ghs-symbols\"><img decoding=\"async\" title=\"GHS02: Flamme\" src=\"https:\/\/viessmann-modell.com\/custom\/plugins\/LenzCLP\/Resources\/views\/frontend\/_public\/src\/img\/lenz_clp\/60\/ghs02.gif\" alt=\"GHS02: Flamme\" \/> <img decoding=\"async\" title=\"GHS07: dickes Ausrufezeichensymbol\" src=\"https:\/\/viessmann-modell.com\/custom\/plugins\/LenzCLP\/Resources\/views\/frontend\/_public\/src\/img\/lenz_clp\/60\/ghs07.gif\" alt=\"GHS07: dickes Ausrufezeichensymbol\" \/><\/div>\n<div class=\"clp-signalword\">Gefahrwort: Gefahr!<\/div>\n<\/div>\n<\/div>\n<\/div>\n","protected":false},"excerpt":{"rendered":"<p>Produktinformationen &#8222;Vollmer Superzement S 30, 25 ml&#8220; Der Spezialkleber ist kristallklar in der Farbe. Ihre wertvollen Baus\u00e4tze werden mit diesem Kleber sauber und dauerhaft verschwei\u00dft. Der hohe Verz\u00f6gerungseffekt vermeidet vorzeitiges Austrocknen und selbst gro\u00dffl\u00e4chige Teile k\u00f6nnen problemlos dauerhaft verbunden werden. Gefahrenhinweise Bitte beachten Sie die Gefahrenhinweise zu diesem Artikel. Mehr dazu. Gefahrwort: Gefahr!<\/p>\n","protected":false},"featured_media":9390,"comment_status":"open","ping_status":"closed","template":"","meta":[],"product_brand":[],"product_cat":[44,201,228,219,182,38,41,160,179,187,178,185],"product_tag":[292,291],"class_list":{"0":"post-9389","1":"product","2":"type-product","3":"status-publish","4":"has-post-thumbnail","6":"product_cat-kibri","7":"product_cat-kibri-spur-ho","8":"product_cat-kibri-spur-n","9":"product_cat-kibri-spur-z","10":"product_cat-steinkunst-spur-g","11":"product_cat-unkategorisiert","12":"product_cat-vollmer","13":"product_cat-vollmer-ho","14":"product_cat-vollmer-spur-g","15":"product_cat-vollmer-spur-n","16":"product_cat-vollmer-spur-tt","17":"product_cat-vollmer-spur-z","18":"product_tag-kein-spielzeug-nicht-geeignet-fuer-kinder-unter-14-jahren","19":"product_tag-warn-und-sicherheitshinweise-modellbauartikel","21":"first","22":"instock","23":"taxable","24":"shipping-taxable","25":"purchasable","26":"product-type-simple"},"jetpack_sharing_enabled":true,"_links":{"self":[{"href":"https:\/\/www.mg-modelleisenbahnbau.de\/startseite-2\/wp-json\/wp\/v2\/product\/9389","targetHints":{"allow":["GET"]}}],"collection":[{"href":"https:\/\/www.mg-modelleisenbahnbau.de\/startseite-2\/wp-json\/wp\/v2\/product"}],"about":[{"href":"https:\/\/www.mg-modelleisenbahnbau.de\/startseite-2\/wp-json\/wp\/v2\/types\/product"}],"replies":[{"embeddable":true,"href":"https:\/\/www.mg-modelleisenbahnbau.de\/startseite-2\/wp-json\/wp\/v2\/comments?post=9389"}],"wp:featuredmedia":[{"embeddable":true,"href":"https:\/\/www.mg-modelleisenbahnbau.de\/startseite-2\/wp-json\/wp\/v2\/media\/9390"}],"wp:attachment":[{"href":"https:\/\/www.mg-modelleisenbahnbau.de\/startseite-2\/wp-json\/wp\/v2\/media?parent=9389"}],"wp:term":[{"taxonomy":"product_brand","embeddable":true,"href":"https:\/\/www.mg-modelleisenbahnbau.de\/startseite-2\/wp-json\/wp\/v2\/product_brand?post=9389"},{"taxonomy":"product_cat","embeddable":true,"href":"https:\/\/www.mg-modelleisenbahnbau.de\/startseite-2\/wp-json\/wp\/v2\/product_cat?post=9389"},{"taxonomy":"product_tag","embeddable":true,"href":"https:\/\/www.mg-modelleisenbahnbau.de\/startseite-2\/wp-json\/wp\/v2\/product_tag?post=9389"}],"curies":[{"name":"wp","href":"https:\/\/api.w.org\/{rel}","templated":true}]}}