{"id":935,"date":"2018-10-15T15:53:47","date_gmt":"2018-10-15T13:53:47","guid":{"rendered":"http:\/\/www.mg-modelleisenbahnbau.de\/?post_type=product&#038;p=935"},"modified":"2025-06-30T00:00:10","modified_gmt":"2025-06-29T22:00:10","slug":"6049-steck-verteilerleiste-12-polig-fuer-beleuchtung","status":"publish","type":"product","link":"https:\/\/www.mg-modelleisenbahnbau.de\/startseite-2\/produkt\/6049-steck-verteilerleiste-12-polig-fuer-beleuchtung\/","title":{"rendered":"6049 Steck-Verteilerleiste 12-polig, f\u00fcr Beleuchtung"},"content":{"rendered":"<p>Produktinformationen &#8222;Steck-Verteilerleiste 12-polig, f\u00fcr Beleuchtung&#8220;<br \/>\nDie praktische 12-polige Steck-Verteilerleiste verbindet bis zu 12 Stromverbraucher \u2013 ganz einfach durch Buchsen zum Einstecken der Widerst\u00e4nde und Dioden. Sie ist daher perfekt geeignet zur Verwendung mit der Etageninnenbeleuchtung Art. 6045 \u2013 6048. Keine Stecker, Schraubklemmen und kein L\u00f6ten notwendig. Um auch sehr d\u00fcnne Kabel und Litzen steckbar zu machen, empfehlen wir die Adapterstifte f\u00fcr Verteilerleisten, Artikel 6044. Ma\u00dfe: L 3,2 x B 2,1 x H 0,7 cm.<\/p>\n","protected":false},"excerpt":{"rendered":"<p>Produktinformationen &#8222;Steck-Verteilerleiste 12-polig, f\u00fcr Beleuchtung&#8220; Die praktische 12-polige Steck-Verteilerleiste verbindet bis zu 12 Stromverbraucher \u2013 ganz einfach durch Buchsen zum Einstecken der Widerst\u00e4nde und Dioden. Sie ist daher perfekt geeignet zur Verwendung mit der Etageninnenbeleuchtung Art. 6045 \u2013 6048. Keine Stecker, Schraubklemmen und kein L\u00f6ten notwendig. Um auch sehr d\u00fcnne Kabel und Litzen steckbar zu&#8230;<\/p>\n","protected":false},"featured_media":936,"comment_status":"open","ping_status":"closed","template":"","meta":[],"product_brand":[],"product_cat":[123,38,37,124],"product_tag":[292,291],"class_list":{"0":"post-935","1":"product","2":"type-product","3":"status-publish","4":"has-post-thumbnail","6":"product_cat-leuchten-h0","7":"product_cat-unkategorisiert","8":"product_cat-viessmann","9":"product_cat-viessmann-spur-h0","10":"product_tag-kein-spielzeug-nicht-geeignet-fuer-kinder-unter-14-jahren","11":"product_tag-warn-und-sicherheitshinweise-modellbauartikel","13":"first","14":"instock","15":"taxable","16":"shipping-taxable","17":"purchasable","18":"product-type-simple"},"jetpack_sharing_enabled":true,"_links":{"self":[{"href":"https:\/\/www.mg-modelleisenbahnbau.de\/startseite-2\/wp-json\/wp\/v2\/product\/935","targetHints":{"allow":["GET"]}}],"collection":[{"href":"https:\/\/www.mg-modelleisenbahnbau.de\/startseite-2\/wp-json\/wp\/v2\/product"}],"about":[{"href":"https:\/\/www.mg-modelleisenbahnbau.de\/startseite-2\/wp-json\/wp\/v2\/types\/product"}],"replies":[{"embeddable":true,"href":"https:\/\/www.mg-modelleisenbahnbau.de\/startseite-2\/wp-json\/wp\/v2\/comments?post=935"}],"wp:featuredmedia":[{"embeddable":true,"href":"https:\/\/www.mg-modelleisenbahnbau.de\/startseite-2\/wp-json\/wp\/v2\/media\/936"}],"wp:attachment":[{"href":"https:\/\/www.mg-modelleisenbahnbau.de\/startseite-2\/wp-json\/wp\/v2\/media?parent=935"}],"wp:term":[{"taxonomy":"product_brand","embeddable":true,"href":"https:\/\/www.mg-modelleisenbahnbau.de\/startseite-2\/wp-json\/wp\/v2\/product_brand?post=935"},{"taxonomy":"product_cat","embeddable":true,"href":"https:\/\/www.mg-modelleisenbahnbau.de\/startseite-2\/wp-json\/wp\/v2\/product_cat?post=935"},{"taxonomy":"product_tag","embeddable":true,"href":"https:\/\/www.mg-modelleisenbahnbau.de\/startseite-2\/wp-json\/wp\/v2\/product_tag?post=935"}],"curies":[{"name":"wp","href":"https:\/\/api.w.org\/{rel}","templated":true}]}}