{"id":933,"date":"2018-10-15T15:50:17","date_gmt":"2018-10-15T13:50:17","guid":{"rendered":"http:\/\/www.mg-modelleisenbahnbau.de\/?post_type=product&#038;p=933"},"modified":"2025-06-29T22:53:50","modified_gmt":"2025-06-29T20:53:50","slug":"5205-verteilerleiste-mit-powermodul","status":"publish","type":"product","link":"https:\/\/www.mg-modelleisenbahnbau.de\/startseite-2\/produkt\/5205-verteilerleiste-mit-powermodul\/","title":{"rendered":"5205 Verteilerleiste mit Powermodul"},"content":{"rendered":"<p>Produktinformationen &#8222;Verteilerleiste mit Powermodul&#8220;<br \/>\nDas kompakte Modul f\u00fcr einfachen Anschluss und helle, flackerfreie LED-Beleuchtung. Die oben auf dem Modul gut zug\u00e4ngliche Steck-Verteilerleiste erm\u00f6glicht den bequemen l\u00f6tfreien Anschluss von 12 Stromverbrauchern durch einfaches Einstecken ihrer Widerst\u00e4nde und Dioden in die Buchsen der Leiste \u2013 ideal f\u00fcr die Etageninnenbeleuchtung Art. 6045 \u2013 6048. Mit Zuleitungskabel zum Lichttrafo. Eingangsspannung 16 V AC, Ausgangsspannung ca. 22 V DC, Strom 400 mA dauernd, \u00fcberlastgesch\u00fctzt. Die Verteilerleiste ist mit weiteren Verteilerleisten erweiterbar, z. B. Art. 6049. Ma\u00dfe (ohne Befestigung): L 3,7 x B 2,6 x H 2,2 cm.<\/p>\n","protected":false},"excerpt":{"rendered":"<p>Produktinformationen &#8222;Verteilerleiste mit Powermodul&#8220; Das kompakte Modul f\u00fcr einfachen Anschluss und helle, flackerfreie LED-Beleuchtung. Die oben auf dem Modul gut zug\u00e4ngliche Steck-Verteilerleiste erm\u00f6glicht den bequemen l\u00f6tfreien Anschluss von 12 Stromverbrauchern durch einfaches Einstecken ihrer Widerst\u00e4nde und Dioden in die Buchsen der Leiste \u2013 ideal f\u00fcr die Etageninnenbeleuchtung Art. 6045 \u2013 6048. Mit Zuleitungskabel zum Lichttrafo&#8230;.<\/p>\n","protected":false},"featured_media":934,"comment_status":"open","ping_status":"closed","template":"","meta":[],"product_brand":[],"product_cat":[123,38,37,124],"product_tag":[292,291],"class_list":{"0":"post-933","1":"product","2":"type-product","3":"status-publish","4":"has-post-thumbnail","6":"product_cat-leuchten-h0","7":"product_cat-unkategorisiert","8":"product_cat-viessmann","9":"product_cat-viessmann-spur-h0","10":"product_tag-kein-spielzeug-nicht-geeignet-fuer-kinder-unter-14-jahren","11":"product_tag-warn-und-sicherheitshinweise-modellbauartikel","13":"first","14":"instock","15":"taxable","16":"shipping-taxable","17":"purchasable","18":"product-type-simple"},"jetpack_sharing_enabled":true,"_links":{"self":[{"href":"https:\/\/www.mg-modelleisenbahnbau.de\/startseite-2\/wp-json\/wp\/v2\/product\/933","targetHints":{"allow":["GET"]}}],"collection":[{"href":"https:\/\/www.mg-modelleisenbahnbau.de\/startseite-2\/wp-json\/wp\/v2\/product"}],"about":[{"href":"https:\/\/www.mg-modelleisenbahnbau.de\/startseite-2\/wp-json\/wp\/v2\/types\/product"}],"replies":[{"embeddable":true,"href":"https:\/\/www.mg-modelleisenbahnbau.de\/startseite-2\/wp-json\/wp\/v2\/comments?post=933"}],"wp:featuredmedia":[{"embeddable":true,"href":"https:\/\/www.mg-modelleisenbahnbau.de\/startseite-2\/wp-json\/wp\/v2\/media\/934"}],"wp:attachment":[{"href":"https:\/\/www.mg-modelleisenbahnbau.de\/startseite-2\/wp-json\/wp\/v2\/media?parent=933"}],"wp:term":[{"taxonomy":"product_brand","embeddable":true,"href":"https:\/\/www.mg-modelleisenbahnbau.de\/startseite-2\/wp-json\/wp\/v2\/product_brand?post=933"},{"taxonomy":"product_cat","embeddable":true,"href":"https:\/\/www.mg-modelleisenbahnbau.de\/startseite-2\/wp-json\/wp\/v2\/product_cat?post=933"},{"taxonomy":"product_tag","embeddable":true,"href":"https:\/\/www.mg-modelleisenbahnbau.de\/startseite-2\/wp-json\/wp\/v2\/product_tag?post=933"}],"curies":[{"name":"wp","href":"https:\/\/api.w.org\/{rel}","templated":true}]}}