{"id":928,"date":"2018-10-15T15:44:35","date_gmt":"2018-10-15T13:44:35","guid":{"rendered":"http:\/\/www.mg-modelleisenbahnbau.de\/?post_type=product&#038;p=928"},"modified":"2025-06-29T23:43:23","modified_gmt":"2025-06-29T21:43:23","slug":"6018-hausbeleuchtung-2-leds-weiss","status":"publish","type":"product","link":"https:\/\/www.mg-modelleisenbahnbau.de\/startseite-2\/produkt\/6018-hausbeleuchtung-2-leds-weiss\/","title":{"rendered":"6018 Hausbeleuchtung, 2 LEDs wei\u00df 1 St\u00fcck"},"content":{"rendered":"<p>Produktinformationen &#8222;Hausbeleuchtung, 2 LEDs wei\u00df&#8220;<br \/>\nIdeal f\u00fcr die Innenbeleuchtung von Geb\u00e4uden aller Art: 2 wei\u00dfe LEDs auf einer kleinen Platine zum Ankleben unter dem Dach, wartungsfrei. Passen auch zum Hausbeleuchtungs-Startset Art. 6005. Au\u00dferdem erh\u00e4ltlich als Art. 6017 mit gelben und als Art. 6021 mit warmwei\u00dfen LEDs. Auch f\u00fcr TT und N Geb\u00e4ude geeignet. TIPP: Das Powermodul Art. 5215 sorgt f\u00fcr flackerfreies Licht beim Betrieb mit Wechselstrom und erzeugt nahezu doppelte Helligkeit.<\/p>\n<p>1 St\u00fcck<\/p>\n<p>&nbsp;<\/p>\n","protected":false},"excerpt":{"rendered":"<p>Produktinformationen &#8222;Hausbeleuchtung, 2 LEDs wei\u00df&#8220; Ideal f\u00fcr die Innenbeleuchtung von Geb\u00e4uden aller Art: 2 wei\u00dfe LEDs auf einer kleinen Platine zum Ankleben unter dem Dach, wartungsfrei. Passen auch zum Hausbeleuchtungs-Startset Art. 6005. Au\u00dferdem erh\u00e4ltlich als Art. 6017 mit gelben und als Art. 6021 mit warmwei\u00dfen LEDs. Auch f\u00fcr TT und N Geb\u00e4ude geeignet. TIPP: Das&#8230;<\/p>\n","protected":false},"featured_media":930,"comment_status":"open","ping_status":"closed","template":"","meta":[],"product_brand":[],"product_cat":[123,38,37,124],"product_tag":[292,291],"class_list":{"0":"post-928","1":"product","2":"type-product","3":"status-publish","4":"has-post-thumbnail","6":"product_cat-leuchten-h0","7":"product_cat-unkategorisiert","8":"product_cat-viessmann","9":"product_cat-viessmann-spur-h0","10":"product_tag-kein-spielzeug-nicht-geeignet-fuer-kinder-unter-14-jahren","11":"product_tag-warn-und-sicherheitshinweise-modellbauartikel","13":"first","14":"instock","15":"taxable","16":"shipping-taxable","17":"purchasable","18":"product-type-simple"},"jetpack_sharing_enabled":true,"_links":{"self":[{"href":"https:\/\/www.mg-modelleisenbahnbau.de\/startseite-2\/wp-json\/wp\/v2\/product\/928","targetHints":{"allow":["GET"]}}],"collection":[{"href":"https:\/\/www.mg-modelleisenbahnbau.de\/startseite-2\/wp-json\/wp\/v2\/product"}],"about":[{"href":"https:\/\/www.mg-modelleisenbahnbau.de\/startseite-2\/wp-json\/wp\/v2\/types\/product"}],"replies":[{"embeddable":true,"href":"https:\/\/www.mg-modelleisenbahnbau.de\/startseite-2\/wp-json\/wp\/v2\/comments?post=928"}],"wp:featuredmedia":[{"embeddable":true,"href":"https:\/\/www.mg-modelleisenbahnbau.de\/startseite-2\/wp-json\/wp\/v2\/media\/930"}],"wp:attachment":[{"href":"https:\/\/www.mg-modelleisenbahnbau.de\/startseite-2\/wp-json\/wp\/v2\/media?parent=928"}],"wp:term":[{"taxonomy":"product_brand","embeddable":true,"href":"https:\/\/www.mg-modelleisenbahnbau.de\/startseite-2\/wp-json\/wp\/v2\/product_brand?post=928"},{"taxonomy":"product_cat","embeddable":true,"href":"https:\/\/www.mg-modelleisenbahnbau.de\/startseite-2\/wp-json\/wp\/v2\/product_cat?post=928"},{"taxonomy":"product_tag","embeddable":true,"href":"https:\/\/www.mg-modelleisenbahnbau.de\/startseite-2\/wp-json\/wp\/v2\/product_tag?post=928"}],"curies":[{"name":"wp","href":"https:\/\/api.w.org\/{rel}","templated":true}]}}