{"id":921,"date":"2018-10-15T15:37:15","date_gmt":"2018-10-15T13:37:15","guid":{"rendered":"http:\/\/www.mg-modelleisenbahnbau.de\/?post_type=product&#038;p=921"},"modified":"2025-06-29T23:43:18","modified_gmt":"2025-06-29T21:43:18","slug":"6008-hausbeleuchtung-mit-1-led-weiss-10-stueck","status":"publish","type":"product","link":"https:\/\/www.mg-modelleisenbahnbau.de\/startseite-2\/produkt\/6008-hausbeleuchtung-mit-1-led-weiss-10-stueck\/","title":{"rendered":"6008 Hausbeleuchtung mit 1 LED wei\u00df, 10 St\u00fcck"},"content":{"rendered":"<p>Produktinformationen &#8222;Hausbeleuchtung mit 1 LED wei\u00df, 10 St\u00fcck&#8220;<br \/>\nIdeal zur Verwendung mit den Lichtboxen des Hausbeleuchtungs-Startsets Art. 6005 zur Einzelfensterbeleuchtung oder mit den Lichtschienen Art. 6045 zur Etageninnenbeleuchtung von Geb\u00e4uden aller Art. Je eine wartungsfreie LED auf einer kleinen Platine sorgt f\u00fcr die passende Helligkeit. Au\u00dferdem erh\u00e4ltlich als Art. 6006 mit warmwei\u00dfer und als Art. 6007 mit gelber LED. Auch f\u00fcr TT und N Geb\u00e4ude geeignet. TIPP: Das Powermodul Art. 5215 sorgt f\u00fcr flackerfreies Licht beim Betrieb mit Wechselstrom und erzeugt nahezu doppelte Helligkeit.<\/p>\n","protected":false},"excerpt":{"rendered":"<p>Produktinformationen &#8222;Hausbeleuchtung mit 1 LED wei\u00df, 10 St\u00fcck&#8220; Ideal zur Verwendung mit den Lichtboxen des Hausbeleuchtungs-Startsets Art. 6005 zur Einzelfensterbeleuchtung oder mit den Lichtschienen Art. 6045 zur Etageninnenbeleuchtung von Geb\u00e4uden aller Art. Je eine wartungsfreie LED auf einer kleinen Platine sorgt f\u00fcr die passende Helligkeit. Au\u00dferdem erh\u00e4ltlich als Art. 6006 mit warmwei\u00dfer und als Art&#8230;.<\/p>\n","protected":false},"featured_media":923,"comment_status":"open","ping_status":"closed","template":"","meta":[],"product_brand":[],"product_cat":[123,38,37,124],"product_tag":[292,291],"class_list":{"0":"post-921","1":"product","2":"type-product","3":"status-publish","4":"has-post-thumbnail","6":"product_cat-leuchten-h0","7":"product_cat-unkategorisiert","8":"product_cat-viessmann","9":"product_cat-viessmann-spur-h0","10":"product_tag-kein-spielzeug-nicht-geeignet-fuer-kinder-unter-14-jahren","11":"product_tag-warn-und-sicherheitshinweise-modellbauartikel","13":"first","14":"instock","15":"taxable","16":"shipping-taxable","17":"purchasable","18":"product-type-simple"},"jetpack_sharing_enabled":true,"_links":{"self":[{"href":"https:\/\/www.mg-modelleisenbahnbau.de\/startseite-2\/wp-json\/wp\/v2\/product\/921","targetHints":{"allow":["GET"]}}],"collection":[{"href":"https:\/\/www.mg-modelleisenbahnbau.de\/startseite-2\/wp-json\/wp\/v2\/product"}],"about":[{"href":"https:\/\/www.mg-modelleisenbahnbau.de\/startseite-2\/wp-json\/wp\/v2\/types\/product"}],"replies":[{"embeddable":true,"href":"https:\/\/www.mg-modelleisenbahnbau.de\/startseite-2\/wp-json\/wp\/v2\/comments?post=921"}],"wp:featuredmedia":[{"embeddable":true,"href":"https:\/\/www.mg-modelleisenbahnbau.de\/startseite-2\/wp-json\/wp\/v2\/media\/923"}],"wp:attachment":[{"href":"https:\/\/www.mg-modelleisenbahnbau.de\/startseite-2\/wp-json\/wp\/v2\/media?parent=921"}],"wp:term":[{"taxonomy":"product_brand","embeddable":true,"href":"https:\/\/www.mg-modelleisenbahnbau.de\/startseite-2\/wp-json\/wp\/v2\/product_brand?post=921"},{"taxonomy":"product_cat","embeddable":true,"href":"https:\/\/www.mg-modelleisenbahnbau.de\/startseite-2\/wp-json\/wp\/v2\/product_cat?post=921"},{"taxonomy":"product_tag","embeddable":true,"href":"https:\/\/www.mg-modelleisenbahnbau.de\/startseite-2\/wp-json\/wp\/v2\/product_tag?post=921"}],"curies":[{"name":"wp","href":"https:\/\/api.w.org\/{rel}","templated":true}]}}