{"id":915,"date":"2018-10-15T15:27:41","date_gmt":"2018-10-15T13:27:41","guid":{"rendered":"http:\/\/www.mg-modelleisenbahnbau.de\/?post_type=product&#038;p=915"},"modified":"2025-06-29T23:43:17","modified_gmt":"2025-06-29T21:43:17","slug":"6005-hausbeleuchtungs-startset-12-boxen-4-verschiedene-groessen-1-led-weiss","status":"publish","type":"product","link":"https:\/\/www.mg-modelleisenbahnbau.de\/startseite-2\/produkt\/6005-hausbeleuchtungs-startset-12-boxen-4-verschiedene-groessen-1-led-weiss\/","title":{"rendered":"6005 Hausbeleuchtungs-Startset, 12 Boxen, 4 verschiedene Gr\u00f6\u00dfen, 1 LED wei\u00df"},"content":{"rendered":"<p>Produktinformationen &#8222;Hausbeleuchtungs-Startset, 12 Boxen, 4 verschiedene Gr\u00f6\u00dfen, 1 LED wei\u00df&#8220;<br \/>\nDas Set besteht aus 12 Lichtboxen \u2013 je 3 St\u00fcck in 4 verschiedenen Gr\u00f6\u00dfen \u2013 und einer wei\u00dfen Hausbeleuchtungs-LED. Die Lichtboxen zur indirekten Fensterbeleuchtung erm\u00f6glichen das Beleuchten einzelner R\u00e4ume. Zur Beleuchtung der Lichtboxen empfehlen wir die Platinen mit einer LED in gelb Art. 6007, wei\u00df Art. 6008, warmwei\u00df Art. 6006, die Platinen mit je 2 LEDs in wei\u00df Art. 6017, gelb Art. 6018 und warmwei\u00df Art. 6021 oder die LEDs mit Anschlusskabel in wei\u00df Art. 6048, gelb Art. 6047 und warmwei\u00df Art. 6046. Die Lichtboxen werden von innen hinter die Fenster geklebt und geben dem Raum Tiefe. Auf diese Weise wird das Durchleuchten der W\u00e4nde verhindert. Auch f\u00fcr TT und N Geb\u00e4ude geeignet. Ma\u00dfe der Lichtboxen: L 17 x B 18 x H 26 mm, L 17 x B 16 x H 21 mm, L 17 x B 12 x H 19 mm, L 17 x B 14 x H 23 mm. TIPP: Das Powermodul Art. 5215 sorgt f\u00fcr flackerfreies Licht beim Betrieb mit Wechselstrom und erzeugt nahezu doppelte Helligkeit.<\/p>\n","protected":false},"excerpt":{"rendered":"<p>Produktinformationen &#8222;Hausbeleuchtungs-Startset, 12 Boxen, 4 verschiedene Gr\u00f6\u00dfen, 1 LED wei\u00df&#8220; Das Set besteht aus 12 Lichtboxen \u2013 je 3 St\u00fcck in 4 verschiedenen Gr\u00f6\u00dfen \u2013 und einer wei\u00dfen Hausbeleuchtungs-LED. Die Lichtboxen zur indirekten Fensterbeleuchtung erm\u00f6glichen das Beleuchten einzelner R\u00e4ume. Zur Beleuchtung der Lichtboxen empfehlen wir die Platinen mit einer LED in gelb Art. 6007, wei\u00df&#8230;<\/p>\n","protected":false},"featured_media":916,"comment_status":"open","ping_status":"closed","template":"","meta":[],"product_brand":[],"product_cat":[123,38,37,124],"product_tag":[292,291],"class_list":{"0":"post-915","1":"product","2":"type-product","3":"status-publish","4":"has-post-thumbnail","6":"product_cat-leuchten-h0","7":"product_cat-unkategorisiert","8":"product_cat-viessmann","9":"product_cat-viessmann-spur-h0","10":"product_tag-kein-spielzeug-nicht-geeignet-fuer-kinder-unter-14-jahren","11":"product_tag-warn-und-sicherheitshinweise-modellbauartikel","13":"first","14":"instock","15":"taxable","16":"shipping-taxable","17":"purchasable","18":"product-type-simple"},"jetpack_sharing_enabled":true,"_links":{"self":[{"href":"https:\/\/www.mg-modelleisenbahnbau.de\/startseite-2\/wp-json\/wp\/v2\/product\/915","targetHints":{"allow":["GET"]}}],"collection":[{"href":"https:\/\/www.mg-modelleisenbahnbau.de\/startseite-2\/wp-json\/wp\/v2\/product"}],"about":[{"href":"https:\/\/www.mg-modelleisenbahnbau.de\/startseite-2\/wp-json\/wp\/v2\/types\/product"}],"replies":[{"embeddable":true,"href":"https:\/\/www.mg-modelleisenbahnbau.de\/startseite-2\/wp-json\/wp\/v2\/comments?post=915"}],"wp:featuredmedia":[{"embeddable":true,"href":"https:\/\/www.mg-modelleisenbahnbau.de\/startseite-2\/wp-json\/wp\/v2\/media\/916"}],"wp:attachment":[{"href":"https:\/\/www.mg-modelleisenbahnbau.de\/startseite-2\/wp-json\/wp\/v2\/media?parent=915"}],"wp:term":[{"taxonomy":"product_brand","embeddable":true,"href":"https:\/\/www.mg-modelleisenbahnbau.de\/startseite-2\/wp-json\/wp\/v2\/product_brand?post=915"},{"taxonomy":"product_cat","embeddable":true,"href":"https:\/\/www.mg-modelleisenbahnbau.de\/startseite-2\/wp-json\/wp\/v2\/product_cat?post=915"},{"taxonomy":"product_tag","embeddable":true,"href":"https:\/\/www.mg-modelleisenbahnbau.de\/startseite-2\/wp-json\/wp\/v2\/product_tag?post=915"}],"curies":[{"name":"wp","href":"https:\/\/api.w.org\/{rel}","templated":true}]}}