{"id":908,"date":"2018-10-15T14:55:17","date_gmt":"2018-10-15T12:55:17","guid":{"rendered":"http:\/\/www.mg-modelleisenbahnbau.de\/?post_type=product&#038;p=908"},"modified":"2025-06-29T18:00:24","modified_gmt":"2025-06-29T16:00:24","slug":"4045-h0-ks-mehrabschnittssignal-als-einfahrsignal-mit-multiplex-technologie","status":"publish","type":"product","link":"https:\/\/www.mg-modelleisenbahnbau.de\/startseite-2\/produkt\/4045-h0-ks-mehrabschnittssignal-als-einfahrsignal-mit-multiplex-technologie\/","title":{"rendered":"4045 H0 Ks-Mehrabschnittssignal als Einfahrsignal mit Multiplex-Technologie"},"content":{"rendered":"<p>Produktinformationen &#8222;H0 Ks-Mehrabschnittssignal als Einfahrsignal mit Multiplex-Technologie&#8220;<br \/>\nKombinationssignal mit filigranem Messingmast in originalgetreuer Lackierung und Patentsteckfu\u00df f\u00fcr einfache Montage. Mit Stecker, 6 wartungsfreien LEDs, 2 Geschwindigkeitsvoranzeigern (Zs3 und Zs3v), Vorsignalfunktion und Kennlicht (Ke) f\u00fcr verk\u00fcrzten Bremswegabstand. Signalbilder Hp0, Zs3, Ks1, Zs3, Ks1bl, Zs3v, Ks2 und Zs3. Nur passend f\u00fcr die Steuermodule Viessmann-Multiplexer Art. 5229 und 52292. H\u00f6he: 78 mm.<\/p>\n","protected":false},"excerpt":{"rendered":"<p>Produktinformationen &#8222;H0 Ks-Mehrabschnittssignal als Einfahrsignal mit Multiplex-Technologie&#8220; Kombinationssignal mit filigranem Messingmast in originalgetreuer Lackierung und Patentsteckfu\u00df f\u00fcr einfache Montage. Mit Stecker, 6 wartungsfreien LEDs, 2 Geschwindigkeitsvoranzeigern (Zs3 und Zs3v), Vorsignalfunktion und Kennlicht (Ke) f\u00fcr verk\u00fcrzten Bremswegabstand. Signalbilder Hp0, Zs3, Ks1, Zs3, Ks1bl, Zs3v, Ks2 und Zs3. Nur passend f\u00fcr die Steuermodule Viessmann-Multiplexer Art. 5229 und&#8230;<\/p>\n","protected":false},"featured_media":909,"comment_status":"open","ping_status":"closed","template":"","meta":[],"product_brand":[],"product_cat":[126,38,37,124],"product_tag":[292,291],"class_list":{"0":"post-908","1":"product","2":"type-product","3":"status-publish","4":"has-post-thumbnail","6":"product_cat-lichtsignale-h0","7":"product_cat-unkategorisiert","8":"product_cat-viessmann","9":"product_cat-viessmann-spur-h0","10":"product_tag-kein-spielzeug-nicht-geeignet-fuer-kinder-unter-14-jahren","11":"product_tag-warn-und-sicherheitshinweise-modellbauartikel","13":"first","14":"instock","15":"taxable","16":"shipping-taxable","17":"purchasable","18":"product-type-simple"},"jetpack_sharing_enabled":true,"_links":{"self":[{"href":"https:\/\/www.mg-modelleisenbahnbau.de\/startseite-2\/wp-json\/wp\/v2\/product\/908","targetHints":{"allow":["GET"]}}],"collection":[{"href":"https:\/\/www.mg-modelleisenbahnbau.de\/startseite-2\/wp-json\/wp\/v2\/product"}],"about":[{"href":"https:\/\/www.mg-modelleisenbahnbau.de\/startseite-2\/wp-json\/wp\/v2\/types\/product"}],"replies":[{"embeddable":true,"href":"https:\/\/www.mg-modelleisenbahnbau.de\/startseite-2\/wp-json\/wp\/v2\/comments?post=908"}],"wp:featuredmedia":[{"embeddable":true,"href":"https:\/\/www.mg-modelleisenbahnbau.de\/startseite-2\/wp-json\/wp\/v2\/media\/909"}],"wp:attachment":[{"href":"https:\/\/www.mg-modelleisenbahnbau.de\/startseite-2\/wp-json\/wp\/v2\/media?parent=908"}],"wp:term":[{"taxonomy":"product_brand","embeddable":true,"href":"https:\/\/www.mg-modelleisenbahnbau.de\/startseite-2\/wp-json\/wp\/v2\/product_brand?post=908"},{"taxonomy":"product_cat","embeddable":true,"href":"https:\/\/www.mg-modelleisenbahnbau.de\/startseite-2\/wp-json\/wp\/v2\/product_cat?post=908"},{"taxonomy":"product_tag","embeddable":true,"href":"https:\/\/www.mg-modelleisenbahnbau.de\/startseite-2\/wp-json\/wp\/v2\/product_tag?post=908"}],"curies":[{"name":"wp","href":"https:\/\/api.w.org\/{rel}","templated":true}]}}