{"id":9053,"date":"2023-02-25T13:46:52","date_gmt":"2023-02-25T12:46:52","guid":{"rendered":"https:\/\/www.mg-modelleisenbahnbau.de\/startseite-2\/?post_type=product&#038;p=9053"},"modified":"2025-08-02T21:08:51","modified_gmt":"2025-08-02T19:08:51","slug":"duha-11500-1-palette-mit-ziegelsteinen-spur-h0","status":"publish","type":"product","link":"https:\/\/www.mg-modelleisenbahnbau.de\/startseite-2\/produkt\/duha-11500-1-palette-mit-ziegelsteinen-spur-h0\/","title":{"rendered":"DUHA 11500 &#8211; 1 Palette mit Ziegelsteinen (Spur H0)"},"content":{"rendered":"<p><span style=\"font-size: medium;\">1 Palette mit Ziegelsteinen<\/span><\/p>\n<p>Ma\u00dfe\u00a0ca. 14 x 9 x 15 mm<\/p>\n<p>Die Lieferung erfolgt ohne Figur.<\/p>\n<p>Ladegut von DUHA<\/p>\n<p>DUHA-Modelle sind bis ins Detail nach den gro\u00dfen Vorbildern gefertigt, ganz nach dem Motto &#8222;So wirklichkeitsgetreu wie m\u00f6glich&#8220;!<\/p>\n<p>Da \u00fcberwiegend Naturmaterialien verwendet werden, kommen gerade die Details besonders sch\u00f6n zur Geltung.<br \/>\nDas zeigt immer wieder die \u00dcberlegenheit gegen\u00fcber den reinen Kunststoffmodellen.<br \/>\nBei den Holzteilen kann man die Struktur sehr gut erkennen.<br \/>\nWir geben uns bei der Fertigung der einzelnen St\u00fccke die gr\u00f6\u00dfte M\u00fche, ein optimales Ergebnis zu erzielen.<\/p>\n<p>Sicher werden Sie von unserem Ladegut begeistert sein.<br \/>\nKleine Abweichungen in Struktur und Farbe sind ein Zeichen f\u00fcr reine Handarbeit.<br \/>\nDamit ist jedes St\u00fcck, das Sie erwerben ein Original, ein kleines Kunstwerk!<br \/>\nEs bereichert in seiner Einzigartigkeit Ihre Anlage, Ihr Modell oder Ihre Sammlung und macht sie zu etwas Besonderem.<\/p>\n","protected":false},"excerpt":{"rendered":"<p>1 Palette mit Ziegelsteinen Ma\u00dfe\u00a0ca. 14 x 9 x 15 mm Die Lieferung erfolgt ohne Figur. Ladegut von DUHA DUHA-Modelle sind bis ins Detail nach den gro\u00dfen Vorbildern gefertigt, ganz nach dem Motto &#8222;So wirklichkeitsgetreu wie m\u00f6glich&#8220;! Da \u00fcberwiegend Naturmaterialien verwendet werden, kommen gerade die Details besonders sch\u00f6n zur Geltung. Das zeigt immer wieder die&#8230;<\/p>\n","protected":false},"featured_media":9054,"comment_status":"open","ping_status":"closed","template":"","meta":[],"product_brand":[],"product_cat":[50,38],"product_tag":[292,291],"class_list":{"0":"post-9053","1":"product","2":"type-product","3":"status-publish","4":"has-post-thumbnail","6":"product_cat-ladegueter","7":"product_cat-unkategorisiert","8":"product_tag-kein-spielzeug-nicht-geeignet-fuer-kinder-unter-14-jahren","9":"product_tag-warn-und-sicherheitshinweise-modellbauartikel","11":"first","12":"instock","13":"taxable","14":"shipping-taxable","15":"purchasable","16":"product-type-simple"},"jetpack_sharing_enabled":true,"_links":{"self":[{"href":"https:\/\/www.mg-modelleisenbahnbau.de\/startseite-2\/wp-json\/wp\/v2\/product\/9053","targetHints":{"allow":["GET"]}}],"collection":[{"href":"https:\/\/www.mg-modelleisenbahnbau.de\/startseite-2\/wp-json\/wp\/v2\/product"}],"about":[{"href":"https:\/\/www.mg-modelleisenbahnbau.de\/startseite-2\/wp-json\/wp\/v2\/types\/product"}],"replies":[{"embeddable":true,"href":"https:\/\/www.mg-modelleisenbahnbau.de\/startseite-2\/wp-json\/wp\/v2\/comments?post=9053"}],"wp:featuredmedia":[{"embeddable":true,"href":"https:\/\/www.mg-modelleisenbahnbau.de\/startseite-2\/wp-json\/wp\/v2\/media\/9054"}],"wp:attachment":[{"href":"https:\/\/www.mg-modelleisenbahnbau.de\/startseite-2\/wp-json\/wp\/v2\/media?parent=9053"}],"wp:term":[{"taxonomy":"product_brand","embeddable":true,"href":"https:\/\/www.mg-modelleisenbahnbau.de\/startseite-2\/wp-json\/wp\/v2\/product_brand?post=9053"},{"taxonomy":"product_cat","embeddable":true,"href":"https:\/\/www.mg-modelleisenbahnbau.de\/startseite-2\/wp-json\/wp\/v2\/product_cat?post=9053"},{"taxonomy":"product_tag","embeddable":true,"href":"https:\/\/www.mg-modelleisenbahnbau.de\/startseite-2\/wp-json\/wp\/v2\/product_tag?post=9053"}],"curies":[{"name":"wp","href":"https:\/\/api.w.org\/{rel}","templated":true}]}}