{"id":889,"date":"2018-10-15T13:24:58","date_gmt":"2018-10-15T11:24:58","guid":{"rendered":"http:\/\/www.mg-modelleisenbahnbau.de\/?post_type=product&#038;p=889"},"modified":"2025-06-29T22:03:32","modified_gmt":"2025-06-29T20:03:32","slug":"4755-h0-signalbruecke-mit-multiplex-technologie-ohne-signalkoepfe","status":"publish","type":"product","link":"https:\/\/www.mg-modelleisenbahnbau.de\/startseite-2\/produkt\/4755-h0-signalbruecke-mit-multiplex-technologie-ohne-signalkoepfe\/","title":{"rendered":"4755 H0 Signalbr\u00fccke mit Multiplex-Technologie ohne Signalk\u00f6pfe"},"content":{"rendered":"<p>Produktinformationen &#8222;H0 Signalbr\u00fccke mit Multiplex-Technologie ohne Signalk\u00f6pfe&#8220;<br \/>\nFeinste Messing\u00e4tzteile machen die Signalbr\u00fccke zu einem echten Blickfang. Die passenden Signalk\u00f6pfe sind mit praktischen Steckverbindern ausgestattet und austauschbar (Signalk\u00f6pfe Art. 4751 \u2013 4753). Zur Anpassung an ver\u00e4nderte Gleismittenabst\u00e4nde (45 \u2013 77 mm) sind die Signalk\u00f6pfe seitenverschiebbar. Zum Einsatz \u00fcberall dort, wo der Platz f\u00fcr 2 Signalmasten nicht ausreicht. Die Kabel sind unsichtbar in der vorbildgetreu lackierten Br\u00fccke verlegt. Anschluss an die Steuermodule Viessmann Multiplexer Art. 5229 oder 52292. Ma\u00dfe: L 118,3 x B 34,1 x H 112,1 mm.<\/p>\n","protected":false},"excerpt":{"rendered":"<p>Produktinformationen &#8222;H0 Signalbr\u00fccke mit Multiplex-Technologie ohne Signalk\u00f6pfe&#8220; Feinste Messing\u00e4tzteile machen die Signalbr\u00fccke zu einem echten Blickfang. Die passenden Signalk\u00f6pfe sind mit praktischen Steckverbindern ausgestattet und austauschbar (Signalk\u00f6pfe Art. 4751 \u2013 4753). Zur Anpassung an ver\u00e4nderte Gleismittenabst\u00e4nde (45 \u2013 77 mm) sind die Signalk\u00f6pfe seitenverschiebbar. Zum Einsatz \u00fcberall dort, wo der Platz f\u00fcr 2 Signalmasten nicht&#8230;<\/p>\n","protected":false},"featured_media":890,"comment_status":"open","ping_status":"closed","template":"","meta":[],"product_brand":[],"product_cat":[126,38,37,124],"product_tag":[292,291],"class_list":{"0":"post-889","1":"product","2":"type-product","3":"status-publish","4":"has-post-thumbnail","6":"product_cat-lichtsignale-h0","7":"product_cat-unkategorisiert","8":"product_cat-viessmann","9":"product_cat-viessmann-spur-h0","10":"product_tag-kein-spielzeug-nicht-geeignet-fuer-kinder-unter-14-jahren","11":"product_tag-warn-und-sicherheitshinweise-modellbauartikel","13":"first","14":"instock","15":"taxable","16":"shipping-taxable","17":"purchasable","18":"product-type-simple"},"jetpack_sharing_enabled":true,"_links":{"self":[{"href":"https:\/\/www.mg-modelleisenbahnbau.de\/startseite-2\/wp-json\/wp\/v2\/product\/889","targetHints":{"allow":["GET"]}}],"collection":[{"href":"https:\/\/www.mg-modelleisenbahnbau.de\/startseite-2\/wp-json\/wp\/v2\/product"}],"about":[{"href":"https:\/\/www.mg-modelleisenbahnbau.de\/startseite-2\/wp-json\/wp\/v2\/types\/product"}],"replies":[{"embeddable":true,"href":"https:\/\/www.mg-modelleisenbahnbau.de\/startseite-2\/wp-json\/wp\/v2\/comments?post=889"}],"wp:featuredmedia":[{"embeddable":true,"href":"https:\/\/www.mg-modelleisenbahnbau.de\/startseite-2\/wp-json\/wp\/v2\/media\/890"}],"wp:attachment":[{"href":"https:\/\/www.mg-modelleisenbahnbau.de\/startseite-2\/wp-json\/wp\/v2\/media?parent=889"}],"wp:term":[{"taxonomy":"product_brand","embeddable":true,"href":"https:\/\/www.mg-modelleisenbahnbau.de\/startseite-2\/wp-json\/wp\/v2\/product_brand?post=889"},{"taxonomy":"product_cat","embeddable":true,"href":"https:\/\/www.mg-modelleisenbahnbau.de\/startseite-2\/wp-json\/wp\/v2\/product_cat?post=889"},{"taxonomy":"product_tag","embeddable":true,"href":"https:\/\/www.mg-modelleisenbahnbau.de\/startseite-2\/wp-json\/wp\/v2\/product_tag?post=889"}],"curies":[{"name":"wp","href":"https:\/\/api.w.org\/{rel}","templated":true}]}}