{"id":883,"date":"2018-10-15T13:16:18","date_gmt":"2018-10-15T11:16:18","guid":{"rendered":"http:\/\/www.mg-modelleisenbahnbau.de\/?post_type=product&#038;p=883"},"modified":"2025-06-29T21:53:05","modified_gmt":"2025-06-29T19:53:05","slug":"4751-h0-ausfahrsignalkoepfe-mit-vorsignal-und-multiplex-technologie-2-stueck","status":"publish","type":"product","link":"https:\/\/www.mg-modelleisenbahnbau.de\/startseite-2\/produkt\/4751-h0-ausfahrsignalkoepfe-mit-vorsignal-und-multiplex-technologie-2-stueck\/","title":{"rendered":"4751 H0 Ausfahrsignalk\u00f6pfe mit Vorsignal und Multiplex- Technologie, 2 St\u00fcck"},"content":{"rendered":"<p>Produktinformationen &#8222;H0 Ausfahrsignalk\u00f6pfe mit Vorsignal und Multiplex- Technologie, 2 St\u00fcck&#8220;<br \/>\nSignalk\u00f6pfe nach Bauart 69 ohne Mast, aber komplett verkabelt. Mit Stecker und 10 LEDs, wartungsfrei. Zur Montage an Geb\u00e4uden (z. B. kibri Br\u00fcckenstellwerk Hamm Art. 39310) oder an den Signalbr\u00fccken Art. 4750 und 4755. Die Signalk\u00f6pfe werden am Ausleger der Signalbr\u00fccke eingeklipst und lassen sich daher leicht austauschen. Anschluss an die Steuermodule Viessmann Multiplexer Art. 5229 oder 52292.<\/p>\n","protected":false},"excerpt":{"rendered":"<p>Produktinformationen &#8222;H0 Ausfahrsignalk\u00f6pfe mit Vorsignal und Multiplex- Technologie, 2 St\u00fcck&#8220; Signalk\u00f6pfe nach Bauart 69 ohne Mast, aber komplett verkabelt. Mit Stecker und 10 LEDs, wartungsfrei. Zur Montage an Geb\u00e4uden (z. B. kibri Br\u00fcckenstellwerk Hamm Art. 39310) oder an den Signalbr\u00fccken Art. 4750 und 4755. Die Signalk\u00f6pfe werden am Ausleger der Signalbr\u00fccke eingeklipst und lassen sich&#8230;<\/p>\n","protected":false},"featured_media":884,"comment_status":"open","ping_status":"closed","template":"","meta":[],"product_brand":[],"product_cat":[126,38,37,124],"product_tag":[292,291],"class_list":{"0":"post-883","1":"product","2":"type-product","3":"status-publish","4":"has-post-thumbnail","6":"product_cat-lichtsignale-h0","7":"product_cat-unkategorisiert","8":"product_cat-viessmann","9":"product_cat-viessmann-spur-h0","10":"product_tag-kein-spielzeug-nicht-geeignet-fuer-kinder-unter-14-jahren","11":"product_tag-warn-und-sicherheitshinweise-modellbauartikel","13":"first","14":"instock","15":"taxable","16":"shipping-taxable","17":"purchasable","18":"product-type-simple"},"jetpack_sharing_enabled":true,"_links":{"self":[{"href":"https:\/\/www.mg-modelleisenbahnbau.de\/startseite-2\/wp-json\/wp\/v2\/product\/883","targetHints":{"allow":["GET"]}}],"collection":[{"href":"https:\/\/www.mg-modelleisenbahnbau.de\/startseite-2\/wp-json\/wp\/v2\/product"}],"about":[{"href":"https:\/\/www.mg-modelleisenbahnbau.de\/startseite-2\/wp-json\/wp\/v2\/types\/product"}],"replies":[{"embeddable":true,"href":"https:\/\/www.mg-modelleisenbahnbau.de\/startseite-2\/wp-json\/wp\/v2\/comments?post=883"}],"wp:featuredmedia":[{"embeddable":true,"href":"https:\/\/www.mg-modelleisenbahnbau.de\/startseite-2\/wp-json\/wp\/v2\/media\/884"}],"wp:attachment":[{"href":"https:\/\/www.mg-modelleisenbahnbau.de\/startseite-2\/wp-json\/wp\/v2\/media?parent=883"}],"wp:term":[{"taxonomy":"product_brand","embeddable":true,"href":"https:\/\/www.mg-modelleisenbahnbau.de\/startseite-2\/wp-json\/wp\/v2\/product_brand?post=883"},{"taxonomy":"product_cat","embeddable":true,"href":"https:\/\/www.mg-modelleisenbahnbau.de\/startseite-2\/wp-json\/wp\/v2\/product_cat?post=883"},{"taxonomy":"product_tag","embeddable":true,"href":"https:\/\/www.mg-modelleisenbahnbau.de\/startseite-2\/wp-json\/wp\/v2\/product_tag?post=883"}],"curies":[{"name":"wp","href":"https:\/\/api.w.org\/{rel}","templated":true}]}}