{"id":8681,"date":"2022-12-12T14:16:07","date_gmt":"2022-12-12T13:16:07","guid":{"rendered":"https:\/\/www.mg-modelleisenbahnbau.de\/?post_type=product&#038;p=8681"},"modified":"2025-06-30T16:37:21","modified_gmt":"2025-06-30T14:37:21","slug":"39257-h0-erweiterungs-set-fuer-wartungshalle-deutsche-bahn","status":"publish","type":"product","link":"https:\/\/www.mg-modelleisenbahnbau.de\/startseite-2\/produkt\/39257-h0-erweiterungs-set-fuer-wartungshalle-deutsche-bahn\/","title":{"rendered":"39257 H0 Erweiterungs-Set f\u00fcr Wartungshalle Deutsche Bahn"},"content":{"rendered":"<div class=\"content--description\">\n<div class=\"content--title\">Produktinformationen &#8222;H0 Erweiterungs-Set f\u00fcr Wartungshalle Deutsche Bahn 39256&#8220;<\/div>\n<div class=\"product--description\">\n<p>Bausatz. Erweiterungs-Set zur individuellen Verl\u00e4ngerung der Wartungshalle Deutsche Bahn, Art. 39256 (je Feld ca. 7 cm). Inhalt: Je 2 Elemente f\u00fcr beide Seiten, Dachteile, Schienenprofile, Grube. F\u00fcr 2- und 3-Leiter Systeme geeignet.<br \/>\nWandelement L 14,0 x B 14,0 x H 9,0 cm<br \/>\nSchwierigkeitsgrad: 1 (Einsteiger)<\/p>\n<\/div>\n<\/div>\n","protected":false},"excerpt":{"rendered":"<p>Produktinformationen &#8222;H0 Erweiterungs-Set f\u00fcr Wartungshalle Deutsche Bahn 39256&#8220; Bausatz. Erweiterungs-Set zur individuellen Verl\u00e4ngerung der Wartungshalle Deutsche Bahn, Art. 39256 (je Feld ca. 7 cm). Inhalt: Je 2 Elemente f\u00fcr beide Seiten, Dachteile, Schienenprofile, Grube. F\u00fcr 2- und 3-Leiter Systeme geeignet. Wandelement L 14,0 x B 14,0 x H 9,0 cm Schwierigkeitsgrad: 1 (Einsteiger)<\/p>\n","protected":false},"featured_media":8799,"comment_status":"open","ping_status":"closed","template":"","meta":[],"product_brand":[],"product_cat":[207,44,38],"product_tag":[292,291],"class_list":{"0":"post-8681","1":"product","2":"type-product","3":"status-publish","4":"has-post-thumbnail","6":"product_cat-bahnbetriebswerke-lokschuppen","7":"product_cat-kibri","8":"product_cat-unkategorisiert","9":"product_tag-kein-spielzeug-nicht-geeignet-fuer-kinder-unter-14-jahren","10":"product_tag-warn-und-sicherheitshinweise-modellbauartikel","12":"first","13":"instock","14":"taxable","15":"shipping-taxable","16":"purchasable","17":"product-type-simple"},"jetpack_sharing_enabled":true,"_links":{"self":[{"href":"https:\/\/www.mg-modelleisenbahnbau.de\/startseite-2\/wp-json\/wp\/v2\/product\/8681","targetHints":{"allow":["GET"]}}],"collection":[{"href":"https:\/\/www.mg-modelleisenbahnbau.de\/startseite-2\/wp-json\/wp\/v2\/product"}],"about":[{"href":"https:\/\/www.mg-modelleisenbahnbau.de\/startseite-2\/wp-json\/wp\/v2\/types\/product"}],"replies":[{"embeddable":true,"href":"https:\/\/www.mg-modelleisenbahnbau.de\/startseite-2\/wp-json\/wp\/v2\/comments?post=8681"}],"wp:featuredmedia":[{"embeddable":true,"href":"https:\/\/www.mg-modelleisenbahnbau.de\/startseite-2\/wp-json\/wp\/v2\/media\/8799"}],"wp:attachment":[{"href":"https:\/\/www.mg-modelleisenbahnbau.de\/startseite-2\/wp-json\/wp\/v2\/media?parent=8681"}],"wp:term":[{"taxonomy":"product_brand","embeddable":true,"href":"https:\/\/www.mg-modelleisenbahnbau.de\/startseite-2\/wp-json\/wp\/v2\/product_brand?post=8681"},{"taxonomy":"product_cat","embeddable":true,"href":"https:\/\/www.mg-modelleisenbahnbau.de\/startseite-2\/wp-json\/wp\/v2\/product_cat?post=8681"},{"taxonomy":"product_tag","embeddable":true,"href":"https:\/\/www.mg-modelleisenbahnbau.de\/startseite-2\/wp-json\/wp\/v2\/product_tag?post=8681"}],"curies":[{"name":"wp","href":"https:\/\/api.w.org\/{rel}","templated":true}]}}