{"id":847,"date":"2018-10-15T11:41:47","date_gmt":"2018-10-15T09:41:47","guid":{"rendered":"http:\/\/www.mg-modelleisenbahnbau.de\/?post_type=product&#038;p=847"},"modified":"2025-06-29T22:53:55","modified_gmt":"2025-06-29T20:53:55","slug":"5222-steuermodul-fuer-licht-einfahrsignal","status":"publish","type":"product","link":"https:\/\/www.mg-modelleisenbahnbau.de\/startseite-2\/produkt\/5222-steuermodul-fuer-licht-einfahrsignal\/","title":{"rendered":"5222 Steuermodul f\u00fcr Licht-Einfahrsignal"},"content":{"rendered":"<p>Produktinformationen &#8222;Steuermodul f\u00fcr Licht-Einfahrsignal&#8220;<br \/>\nGeeignet f\u00fcr alle 3-begriffigen Licht-Einfahrsignale von Spur 0 bis Z (au\u00dfer Signale mit Multiplex-Technologie). Das Modul erzeugt alle 3 m\u00f6glichen Einfahrsignalbilder (Hp0, Hp1 und Hp2). Vorbildgerechter weicher Signalbildwechsel. Ein Kontakt f\u00fcr die Zugbeeinflussung ist integriert. Damit wird bei Halt-zeigendem Signal das Gleis vor dem Signal abgeschaltet. Die Ansteuerung erfolgt \u00fcber das Tasten-Stellpult Art. 5546, Einzeltaster, Schaltgleise, Gleiskontakte oder digitale Magnetartikeldecoder. Zus\u00e4tzlich ist ein Ausgang zur Steuerung eines Vorsignals \u00fcber das Steuermodul Art. 5220 vorhanden.<\/p>\n","protected":false},"excerpt":{"rendered":"<p>Produktinformationen &#8222;Steuermodul f\u00fcr Licht-Einfahrsignal&#8220; Geeignet f\u00fcr alle 3-begriffigen Licht-Einfahrsignale von Spur 0 bis Z (au\u00dfer Signale mit Multiplex-Technologie). Das Modul erzeugt alle 3 m\u00f6glichen Einfahrsignalbilder (Hp0, Hp1 und Hp2). Vorbildgerechter weicher Signalbildwechsel. Ein Kontakt f\u00fcr die Zugbeeinflussung ist integriert. Damit wird bei Halt-zeigendem Signal das Gleis vor dem Signal abgeschaltet. Die Ansteuerung erfolgt \u00fcber das&#8230;<\/p>\n","protected":false},"featured_media":848,"comment_status":"open","ping_status":"closed","template":"","meta":[],"product_brand":[],"product_cat":[126,38,37,124],"product_tag":[292,291],"class_list":{"0":"post-847","1":"product","2":"type-product","3":"status-publish","4":"has-post-thumbnail","6":"product_cat-lichtsignale-h0","7":"product_cat-unkategorisiert","8":"product_cat-viessmann","9":"product_cat-viessmann-spur-h0","10":"product_tag-kein-spielzeug-nicht-geeignet-fuer-kinder-unter-14-jahren","11":"product_tag-warn-und-sicherheitshinweise-modellbauartikel","13":"first","14":"instock","15":"taxable","16":"shipping-taxable","17":"purchasable","18":"product-type-simple"},"jetpack_sharing_enabled":true,"_links":{"self":[{"href":"https:\/\/www.mg-modelleisenbahnbau.de\/startseite-2\/wp-json\/wp\/v2\/product\/847","targetHints":{"allow":["GET"]}}],"collection":[{"href":"https:\/\/www.mg-modelleisenbahnbau.de\/startseite-2\/wp-json\/wp\/v2\/product"}],"about":[{"href":"https:\/\/www.mg-modelleisenbahnbau.de\/startseite-2\/wp-json\/wp\/v2\/types\/product"}],"replies":[{"embeddable":true,"href":"https:\/\/www.mg-modelleisenbahnbau.de\/startseite-2\/wp-json\/wp\/v2\/comments?post=847"}],"wp:featuredmedia":[{"embeddable":true,"href":"https:\/\/www.mg-modelleisenbahnbau.de\/startseite-2\/wp-json\/wp\/v2\/media\/848"}],"wp:attachment":[{"href":"https:\/\/www.mg-modelleisenbahnbau.de\/startseite-2\/wp-json\/wp\/v2\/media?parent=847"}],"wp:term":[{"taxonomy":"product_brand","embeddable":true,"href":"https:\/\/www.mg-modelleisenbahnbau.de\/startseite-2\/wp-json\/wp\/v2\/product_brand?post=847"},{"taxonomy":"product_cat","embeddable":true,"href":"https:\/\/www.mg-modelleisenbahnbau.de\/startseite-2\/wp-json\/wp\/v2\/product_cat?post=847"},{"taxonomy":"product_tag","embeddable":true,"href":"https:\/\/www.mg-modelleisenbahnbau.de\/startseite-2\/wp-json\/wp\/v2\/product_tag?post=847"}],"curies":[{"name":"wp","href":"https:\/\/api.w.org\/{rel}","templated":true}]}}