{"id":8412,"date":"2022-02-20T09:45:41","date_gmt":"2022-02-20T08:45:41","guid":{"rendered":"https:\/\/www.mg-modelleisenbahnbau.de\/?post_type=product&#038;p=8412"},"modified":"2026-02-20T14:23:47","modified_gmt":"2026-02-20T13:23:47","slug":"2195-neu-100-stecktannen-5-14-cm","status":"publish","type":"product","link":"https:\/\/www.mg-modelleisenbahnbau.de\/startseite-2\/produkt\/2195-neu-100-stecktannen-5-14-cm\/","title":{"rendered":"2195  Neu 100 Stecktannen 5 &#8211; 14 cm"},"content":{"rendered":"<p><span class=\"ProductNo\">Artikel-Nr.: 2195<\/span><\/p>\n<div class=\"ClearBoth\"><\/div>\n<div class=\"Description\">\n<p>Die neuen Stecktannen sind mit einer speziellen Grasfaser &#8211; Flockmischung beflockt die den Tannen ein naturgetreues Aussehen verleihen.<br \/>\nEin neues Fertigungsverfahren macht es uns m\u00f6glich Ihnen diese Gro\u00dfpackungen zu einem sensationell g\u00fcnstigen Preis anzubieten.<\/p>\n<\/div>\n","protected":false},"excerpt":{"rendered":"<p>Artikel-Nr.: 2195 Die neuen Stecktannen sind mit einer speziellen Grasfaser &#8211; Flockmischung beflockt die den Tannen ein naturgetreues Aussehen verleihen. Ein neues Fertigungsverfahren macht es uns m\u00f6glich Ihnen diese Gro\u00dfpackungen zu einem sensationell g\u00fcnstigen Preis anzubieten.<\/p>\n","protected":false},"featured_media":8413,"comment_status":"open","ping_status":"closed","template":"","meta":[],"product_brand":[],"product_cat":[40,251,38],"product_tag":[292,291],"class_list":{"0":"post-8412","1":"product","2":"type-product","3":"status-publish","4":"has-post-thumbnail","6":"product_cat-heki","7":"product_cat-neuheiten-und-vorbestellungen","8":"product_cat-unkategorisiert","9":"product_tag-kein-spielzeug-nicht-geeignet-fuer-kinder-unter-14-jahren","10":"product_tag-warn-und-sicherheitshinweise-modellbauartikel","12":"first","13":"instock","14":"taxable","15":"shipping-taxable","16":"purchasable","17":"product-type-simple"},"jetpack_sharing_enabled":true,"_links":{"self":[{"href":"https:\/\/www.mg-modelleisenbahnbau.de\/startseite-2\/wp-json\/wp\/v2\/product\/8412","targetHints":{"allow":["GET"]}}],"collection":[{"href":"https:\/\/www.mg-modelleisenbahnbau.de\/startseite-2\/wp-json\/wp\/v2\/product"}],"about":[{"href":"https:\/\/www.mg-modelleisenbahnbau.de\/startseite-2\/wp-json\/wp\/v2\/types\/product"}],"replies":[{"embeddable":true,"href":"https:\/\/www.mg-modelleisenbahnbau.de\/startseite-2\/wp-json\/wp\/v2\/comments?post=8412"}],"wp:featuredmedia":[{"embeddable":true,"href":"https:\/\/www.mg-modelleisenbahnbau.de\/startseite-2\/wp-json\/wp\/v2\/media\/8413"}],"wp:attachment":[{"href":"https:\/\/www.mg-modelleisenbahnbau.de\/startseite-2\/wp-json\/wp\/v2\/media?parent=8412"}],"wp:term":[{"taxonomy":"product_brand","embeddable":true,"href":"https:\/\/www.mg-modelleisenbahnbau.de\/startseite-2\/wp-json\/wp\/v2\/product_brand?post=8412"},{"taxonomy":"product_cat","embeddable":true,"href":"https:\/\/www.mg-modelleisenbahnbau.de\/startseite-2\/wp-json\/wp\/v2\/product_cat?post=8412"},{"taxonomy":"product_tag","embeddable":true,"href":"https:\/\/www.mg-modelleisenbahnbau.de\/startseite-2\/wp-json\/wp\/v2\/product_tag?post=8412"}],"curies":[{"name":"wp","href":"https:\/\/api.w.org\/{rel}","templated":true}]}}