{"id":8374,"date":"2022-02-12T20:58:09","date_gmt":"2022-02-12T19:58:09","guid":{"rendered":"https:\/\/www.mg-modelleisenbahnbau.de\/?post_type=product&#038;p=8374"},"modified":"2025-06-30T08:48:32","modified_gmt":"2025-06-30T06:48:32","slug":"8430-magnetband-5-m","status":"publish","type":"product","link":"https:\/\/www.mg-modelleisenbahnbau.de\/startseite-2\/produkt\/8430-magnetband-5-m\/","title":{"rendered":"8430 Magnetband, 5 m"},"content":{"rendered":"<div class=\"content--description\">\n<div class=\"content--title\">Produktinformationen &#8222;Magnetband, 5 m&#8220;<\/div>\n<div class=\"product--description\">Das Magnetband ist auf seiner Oberfl\u00e4che polarisiert (S\u00fcdpol oben). Es leitet die F\u00fchrungsmagnete der CarMotion Fahrzeuge. Je nach Art der Stra\u00dfe wird es in ein vorgefertigtes Stra\u00dfensystem versetzt oder mit Hilfe einer Oberfl\u00e4chenfr\u00e4se in die Anlagenplatte eingebaut. Ma\u00dfe: B 0,3 x H 0,1 cm.<\/div>\n<\/div>\n","protected":false},"excerpt":{"rendered":"<p>Produktinformationen &#8222;Magnetband, 5 m&#8220; Das Magnetband ist auf seiner Oberfl\u00e4che polarisiert (S\u00fcdpol oben). Es leitet die F\u00fchrungsmagnete der CarMotion Fahrzeuge. Je nach Art der Stra\u00dfe wird es in ein vorgefertigtes Stra\u00dfensystem versetzt oder mit Hilfe einer Oberfl\u00e4chenfr\u00e4se in die Anlagenplatte eingebaut. Ma\u00dfe: B 0,3 x H 0,1 cm.<\/p>\n","protected":false},"featured_media":8375,"comment_status":"open","ping_status":"closed","template":"","meta":[],"product_brand":[],"product_cat":[272,251,38,37],"product_tag":[292,291],"class_list":{"0":"post-8374","1":"product","2":"type-product","3":"status-publish","4":"has-post-thumbnail","6":"product_cat-h0-carmotion","7":"product_cat-neuheiten-und-vorbestellungen","8":"product_cat-unkategorisiert","9":"product_cat-viessmann","10":"product_tag-kein-spielzeug-nicht-geeignet-fuer-kinder-unter-14-jahren","11":"product_tag-warn-und-sicherheitshinweise-modellbauartikel","13":"first","14":"instock","15":"taxable","16":"shipping-taxable","17":"purchasable","18":"product-type-simple"},"jetpack_sharing_enabled":true,"_links":{"self":[{"href":"https:\/\/www.mg-modelleisenbahnbau.de\/startseite-2\/wp-json\/wp\/v2\/product\/8374","targetHints":{"allow":["GET"]}}],"collection":[{"href":"https:\/\/www.mg-modelleisenbahnbau.de\/startseite-2\/wp-json\/wp\/v2\/product"}],"about":[{"href":"https:\/\/www.mg-modelleisenbahnbau.de\/startseite-2\/wp-json\/wp\/v2\/types\/product"}],"replies":[{"embeddable":true,"href":"https:\/\/www.mg-modelleisenbahnbau.de\/startseite-2\/wp-json\/wp\/v2\/comments?post=8374"}],"wp:featuredmedia":[{"embeddable":true,"href":"https:\/\/www.mg-modelleisenbahnbau.de\/startseite-2\/wp-json\/wp\/v2\/media\/8375"}],"wp:attachment":[{"href":"https:\/\/www.mg-modelleisenbahnbau.de\/startseite-2\/wp-json\/wp\/v2\/media?parent=8374"}],"wp:term":[{"taxonomy":"product_brand","embeddable":true,"href":"https:\/\/www.mg-modelleisenbahnbau.de\/startseite-2\/wp-json\/wp\/v2\/product_brand?post=8374"},{"taxonomy":"product_cat","embeddable":true,"href":"https:\/\/www.mg-modelleisenbahnbau.de\/startseite-2\/wp-json\/wp\/v2\/product_cat?post=8374"},{"taxonomy":"product_tag","embeddable":true,"href":"https:\/\/www.mg-modelleisenbahnbau.de\/startseite-2\/wp-json\/wp\/v2\/product_tag?post=8374"}],"curies":[{"name":"wp","href":"https:\/\/api.w.org\/{rel}","templated":true}]}}