{"id":8372,"date":"2022-02-12T20:56:05","date_gmt":"2022-02-12T19:56:05","guid":{"rendered":"https:\/\/www.mg-modelleisenbahnbau.de\/?post_type=product&#038;p=8372"},"modified":"2025-06-30T09:03:44","modified_gmt":"2025-06-30T07:03:44","slug":"8431-dauermagnete-12-stueck","status":"publish","type":"product","link":"https:\/\/www.mg-modelleisenbahnbau.de\/startseite-2\/produkt\/8431-dauermagnete-12-stueck\/","title":{"rendered":"8431 Dauermagnete, 12 St\u00fcck"},"content":{"rendered":"<div class=\"content--description\">\n<div class=\"content--title\">Produktinformationen &#8222;Dauermagnete, 12 St\u00fcck&#8220;<\/div>\n<div class=\"product--description\">Mit einer Serie von bis zu drei Magneten unter der Stra\u00dfe k\u00f6nnen ortsfeste Befehle ausgel\u00f6st werden, z. B. \u00c4ndern der Geschwindigkeit oder Schalten diverser Lichtfunktionen.<br \/>\n\u00d8 0,4 x H 0,5 cm<\/div>\n<\/div>\n","protected":false},"excerpt":{"rendered":"<p>Produktinformationen &#8222;Dauermagnete, 12 St\u00fcck&#8220; Mit einer Serie von bis zu drei Magneten unter der Stra\u00dfe k\u00f6nnen ortsfeste Befehle ausgel\u00f6st werden, z. B. \u00c4ndern der Geschwindigkeit oder Schalten diverser Lichtfunktionen. \u00d8 0,4 x H 0,5 cm<\/p>\n","protected":false},"featured_media":8373,"comment_status":"open","ping_status":"closed","template":"","meta":[],"product_brand":[],"product_cat":[272,251,38,37],"product_tag":[292,291],"class_list":{"0":"post-8372","1":"product","2":"type-product","3":"status-publish","4":"has-post-thumbnail","6":"product_cat-h0-carmotion","7":"product_cat-neuheiten-und-vorbestellungen","8":"product_cat-unkategorisiert","9":"product_cat-viessmann","10":"product_tag-kein-spielzeug-nicht-geeignet-fuer-kinder-unter-14-jahren","11":"product_tag-warn-und-sicherheitshinweise-modellbauartikel","13":"first","14":"instock","15":"taxable","16":"shipping-taxable","17":"purchasable","18":"product-type-simple"},"jetpack_sharing_enabled":true,"_links":{"self":[{"href":"https:\/\/www.mg-modelleisenbahnbau.de\/startseite-2\/wp-json\/wp\/v2\/product\/8372","targetHints":{"allow":["GET"]}}],"collection":[{"href":"https:\/\/www.mg-modelleisenbahnbau.de\/startseite-2\/wp-json\/wp\/v2\/product"}],"about":[{"href":"https:\/\/www.mg-modelleisenbahnbau.de\/startseite-2\/wp-json\/wp\/v2\/types\/product"}],"replies":[{"embeddable":true,"href":"https:\/\/www.mg-modelleisenbahnbau.de\/startseite-2\/wp-json\/wp\/v2\/comments?post=8372"}],"wp:featuredmedia":[{"embeddable":true,"href":"https:\/\/www.mg-modelleisenbahnbau.de\/startseite-2\/wp-json\/wp\/v2\/media\/8373"}],"wp:attachment":[{"href":"https:\/\/www.mg-modelleisenbahnbau.de\/startseite-2\/wp-json\/wp\/v2\/media?parent=8372"}],"wp:term":[{"taxonomy":"product_brand","embeddable":true,"href":"https:\/\/www.mg-modelleisenbahnbau.de\/startseite-2\/wp-json\/wp\/v2\/product_brand?post=8372"},{"taxonomy":"product_cat","embeddable":true,"href":"https:\/\/www.mg-modelleisenbahnbau.de\/startseite-2\/wp-json\/wp\/v2\/product_cat?post=8372"},{"taxonomy":"product_tag","embeddable":true,"href":"https:\/\/www.mg-modelleisenbahnbau.de\/startseite-2\/wp-json\/wp\/v2\/product_tag?post=8372"}],"curies":[{"name":"wp","href":"https:\/\/api.w.org\/{rel}","templated":true}]}}