{"id":8370,"date":"2022-02-12T20:54:27","date_gmt":"2022-02-12T19:54:27","guid":{"rendered":"https:\/\/www.mg-modelleisenbahnbau.de\/?post_type=product&#038;p=8370"},"modified":"2025-06-30T08:48:28","modified_gmt":"2025-06-30T06:48:28","slug":"8423-h0-nachruest-set-fuer-kibri-anhaenger-und-auflieger-zwillingsbereifung","status":"publish","type":"product","link":"https:\/\/www.mg-modelleisenbahnbau.de\/startseite-2\/produkt\/8423-h0-nachruest-set-fuer-kibri-anhaenger-und-auflieger-zwillingsbereifung\/","title":{"rendered":"8423 H0 Nachr\u00fcst-Set f\u00fcr kibri Anh\u00e4nger und Auflieger, Zwillingsbereifung"},"content":{"rendered":"<div class=\"content--description\">\n<div class=\"content--title\">Produktinformationen &#8222;H0 Nachr\u00fcst-Set f\u00fcr kibri Anh\u00e4nger und Auflieger, Zwillingsbereifung&#8220;<\/div>\n<div class=\"product--description\">Mit diesem Set k\u00f6nnen Sie Ihre kibri Anh\u00e4nger oder Auflieger nachr\u00fcsten, um die Laufruhe und Spurtreue des Fahrzeugs zu optimieren. Sie verbessern dadurch die Fahreigenschaften des Anh\u00e4ngers bzw. Aufliegers.<br \/>\nInhalt: 8 Gummireifen, 4 Felgen, 2 Stahlachsen, 4 Buchsen.<br \/>\nGeeignet f\u00fcr 2-achsige Anh\u00e4nger und Auflieger mit Zwillingsbereifung.<\/div>\n<\/div>\n","protected":false},"excerpt":{"rendered":"<p>Produktinformationen &#8222;H0 Nachr\u00fcst-Set f\u00fcr kibri Anh\u00e4nger und Auflieger, Zwillingsbereifung&#8220; Mit diesem Set k\u00f6nnen Sie Ihre kibri Anh\u00e4nger oder Auflieger nachr\u00fcsten, um die Laufruhe und Spurtreue des Fahrzeugs zu optimieren. Sie verbessern dadurch die Fahreigenschaften des Anh\u00e4ngers bzw. Aufliegers. Inhalt: 8 Gummireifen, 4 Felgen, 2 Stahlachsen, 4 Buchsen. Geeignet f\u00fcr 2-achsige Anh\u00e4nger und Auflieger mit Zwillingsbereifung.<\/p>\n","protected":false},"featured_media":8371,"comment_status":"open","ping_status":"closed","template":"","meta":[],"product_brand":[],"product_cat":[272,251,38,37],"product_tag":[292,291],"class_list":{"0":"post-8370","1":"product","2":"type-product","3":"status-publish","4":"has-post-thumbnail","6":"product_cat-h0-carmotion","7":"product_cat-neuheiten-und-vorbestellungen","8":"product_cat-unkategorisiert","9":"product_cat-viessmann","10":"product_tag-kein-spielzeug-nicht-geeignet-fuer-kinder-unter-14-jahren","11":"product_tag-warn-und-sicherheitshinweise-modellbauartikel","13":"first","14":"instock","15":"taxable","16":"shipping-taxable","17":"purchasable","18":"product-type-simple"},"jetpack_sharing_enabled":true,"_links":{"self":[{"href":"https:\/\/www.mg-modelleisenbahnbau.de\/startseite-2\/wp-json\/wp\/v2\/product\/8370","targetHints":{"allow":["GET"]}}],"collection":[{"href":"https:\/\/www.mg-modelleisenbahnbau.de\/startseite-2\/wp-json\/wp\/v2\/product"}],"about":[{"href":"https:\/\/www.mg-modelleisenbahnbau.de\/startseite-2\/wp-json\/wp\/v2\/types\/product"}],"replies":[{"embeddable":true,"href":"https:\/\/www.mg-modelleisenbahnbau.de\/startseite-2\/wp-json\/wp\/v2\/comments?post=8370"}],"wp:featuredmedia":[{"embeddable":true,"href":"https:\/\/www.mg-modelleisenbahnbau.de\/startseite-2\/wp-json\/wp\/v2\/media\/8371"}],"wp:attachment":[{"href":"https:\/\/www.mg-modelleisenbahnbau.de\/startseite-2\/wp-json\/wp\/v2\/media?parent=8370"}],"wp:term":[{"taxonomy":"product_brand","embeddable":true,"href":"https:\/\/www.mg-modelleisenbahnbau.de\/startseite-2\/wp-json\/wp\/v2\/product_brand?post=8370"},{"taxonomy":"product_cat","embeddable":true,"href":"https:\/\/www.mg-modelleisenbahnbau.de\/startseite-2\/wp-json\/wp\/v2\/product_cat?post=8370"},{"taxonomy":"product_tag","embeddable":true,"href":"https:\/\/www.mg-modelleisenbahnbau.de\/startseite-2\/wp-json\/wp\/v2\/product_tag?post=8370"}],"curies":[{"name":"wp","href":"https:\/\/api.w.org\/{rel}","templated":true}]}}