{"id":8365,"date":"2022-02-12T20:49:51","date_gmt":"2022-02-12T19:49:51","guid":{"rendered":"https:\/\/www.mg-modelleisenbahnbau.de\/?post_type=product&#038;p=8365"},"modified":"2026-02-13T10:02:55","modified_gmt":"2026-02-13T09:02:55","slug":"8420-h0-nachruest-set-fuer-kibri-anhaenger-und-auflieger-beleuchtung","status":"publish","type":"product","link":"https:\/\/www.mg-modelleisenbahnbau.de\/startseite-2\/produkt\/8420-h0-nachruest-set-fuer-kibri-anhaenger-und-auflieger-beleuchtung\/","title":{"rendered":"8420 H0 Nachr\u00fcst-Set f\u00fcr kibri Anh\u00e4nger und Auflieger, Beleuchtung"},"content":{"rendered":"<div class=\"content--description\">\n<div class=\"content--title\">Produktinformationen &#8222;H0 Nachr\u00fcst-Set f\u00fcr kibri Anh\u00e4nger und Auflieger, Beleuchtung&#8220;<\/div>\n<div class=\"product--description\">Mit diesem Set k\u00f6nnen Sie Ihre Anh\u00e4nger und Auflieger g\u00e4ngiger Hersteller nachr\u00fcsten, um den vollen Funktionsumfang der CarMotion-Fahrzeuge nutzen zu k\u00f6nnen.<br \/>\nInhalt: 1 Sto\u00dfstange mit 5-poligem Anschlussstecker und Infrarot-Sender f\u00fcr Abstandssteuerung.<\/div>\n<\/div>\n","protected":false},"excerpt":{"rendered":"<p>Produktinformationen &#8222;H0 Nachr\u00fcst-Set f\u00fcr kibri Anh\u00e4nger und Auflieger, Beleuchtung&#8220; Mit diesem Set k\u00f6nnen Sie Ihre Anh\u00e4nger und Auflieger g\u00e4ngiger Hersteller nachr\u00fcsten, um den vollen Funktionsumfang der CarMotion-Fahrzeuge nutzen zu k\u00f6nnen. Inhalt: 1 Sto\u00dfstange mit 5-poligem Anschlussstecker und Infrarot-Sender f\u00fcr Abstandssteuerung.<\/p>\n","protected":false},"featured_media":8366,"comment_status":"open","ping_status":"closed","template":"","meta":[],"product_brand":[],"product_cat":[272,251,38,37],"product_tag":[292,291],"class_list":{"0":"post-8365","1":"product","2":"type-product","3":"status-publish","4":"has-post-thumbnail","6":"product_cat-h0-carmotion","7":"product_cat-neuheiten-und-vorbestellungen","8":"product_cat-unkategorisiert","9":"product_cat-viessmann","10":"product_tag-kein-spielzeug-nicht-geeignet-fuer-kinder-unter-14-jahren","11":"product_tag-warn-und-sicherheitshinweise-modellbauartikel","13":"first","14":"instock","15":"taxable","16":"shipping-taxable","17":"purchasable","18":"product-type-simple"},"jetpack_sharing_enabled":true,"_links":{"self":[{"href":"https:\/\/www.mg-modelleisenbahnbau.de\/startseite-2\/wp-json\/wp\/v2\/product\/8365","targetHints":{"allow":["GET"]}}],"collection":[{"href":"https:\/\/www.mg-modelleisenbahnbau.de\/startseite-2\/wp-json\/wp\/v2\/product"}],"about":[{"href":"https:\/\/www.mg-modelleisenbahnbau.de\/startseite-2\/wp-json\/wp\/v2\/types\/product"}],"replies":[{"embeddable":true,"href":"https:\/\/www.mg-modelleisenbahnbau.de\/startseite-2\/wp-json\/wp\/v2\/comments?post=8365"}],"wp:featuredmedia":[{"embeddable":true,"href":"https:\/\/www.mg-modelleisenbahnbau.de\/startseite-2\/wp-json\/wp\/v2\/media\/8366"}],"wp:attachment":[{"href":"https:\/\/www.mg-modelleisenbahnbau.de\/startseite-2\/wp-json\/wp\/v2\/media?parent=8365"}],"wp:term":[{"taxonomy":"product_brand","embeddable":true,"href":"https:\/\/www.mg-modelleisenbahnbau.de\/startseite-2\/wp-json\/wp\/v2\/product_brand?post=8365"},{"taxonomy":"product_cat","embeddable":true,"href":"https:\/\/www.mg-modelleisenbahnbau.de\/startseite-2\/wp-json\/wp\/v2\/product_cat?post=8365"},{"taxonomy":"product_tag","embeddable":true,"href":"https:\/\/www.mg-modelleisenbahnbau.de\/startseite-2\/wp-json\/wp\/v2\/product_tag?post=8365"}],"curies":[{"name":"wp","href":"https:\/\/api.w.org\/{rel}","templated":true}]}}