{"id":8363,"date":"2022-02-12T20:48:05","date_gmt":"2022-02-12T19:48:05","guid":{"rendered":"https:\/\/www.mg-modelleisenbahnbau.de\/?post_type=product&#038;p=8363"},"modified":"2025-06-30T08:48:24","modified_gmt":"2025-06-30T06:48:24","slug":"8410-teleskop-magnetstab","status":"publish","type":"product","link":"https:\/\/www.mg-modelleisenbahnbau.de\/startseite-2\/produkt\/8410-teleskop-magnetstab\/","title":{"rendered":"8410 Teleskop-Magnetstab"},"content":{"rendered":"<div class=\"content--description\">\n<div class=\"content--title\">Produktinformationen &#8222;Teleskop-Magnetstab&#8220;<\/div>\n<div class=\"product--description\">Mit Hilfe des Magnetstabs k\u00f6nnen Sie Ihre CarMotion Fahrzeuge leicht auch aus gr\u00f6\u00dferen Entfernungen auf Ihrer Anlage ein- und ausschalten, ohne das Fahrzeug von der Stra\u00dfe zu heben. L\u00e4nge: 12,6 \u2013 64 cm.<\/div>\n<\/div>\n","protected":false},"excerpt":{"rendered":"<p>Produktinformationen &#8222;Teleskop-Magnetstab&#8220; Mit Hilfe des Magnetstabs k\u00f6nnen Sie Ihre CarMotion Fahrzeuge leicht auch aus gr\u00f6\u00dferen Entfernungen auf Ihrer Anlage ein- und ausschalten, ohne das Fahrzeug von der Stra\u00dfe zu heben. L\u00e4nge: 12,6 \u2013 64 cm.<\/p>\n","protected":false},"featured_media":8364,"comment_status":"open","ping_status":"closed","template":"","meta":[],"product_brand":[],"product_cat":[272,251,38,37],"product_tag":[292,291],"class_list":{"0":"post-8363","1":"product","2":"type-product","3":"status-publish","4":"has-post-thumbnail","6":"product_cat-h0-carmotion","7":"product_cat-neuheiten-und-vorbestellungen","8":"product_cat-unkategorisiert","9":"product_cat-viessmann","10":"product_tag-kein-spielzeug-nicht-geeignet-fuer-kinder-unter-14-jahren","11":"product_tag-warn-und-sicherheitshinweise-modellbauartikel","13":"first","14":"instock","15":"taxable","16":"shipping-taxable","17":"purchasable","18":"product-type-simple"},"jetpack_sharing_enabled":true,"_links":{"self":[{"href":"https:\/\/www.mg-modelleisenbahnbau.de\/startseite-2\/wp-json\/wp\/v2\/product\/8363","targetHints":{"allow":["GET"]}}],"collection":[{"href":"https:\/\/www.mg-modelleisenbahnbau.de\/startseite-2\/wp-json\/wp\/v2\/product"}],"about":[{"href":"https:\/\/www.mg-modelleisenbahnbau.de\/startseite-2\/wp-json\/wp\/v2\/types\/product"}],"replies":[{"embeddable":true,"href":"https:\/\/www.mg-modelleisenbahnbau.de\/startseite-2\/wp-json\/wp\/v2\/comments?post=8363"}],"wp:featuredmedia":[{"embeddable":true,"href":"https:\/\/www.mg-modelleisenbahnbau.de\/startseite-2\/wp-json\/wp\/v2\/media\/8364"}],"wp:attachment":[{"href":"https:\/\/www.mg-modelleisenbahnbau.de\/startseite-2\/wp-json\/wp\/v2\/media?parent=8363"}],"wp:term":[{"taxonomy":"product_brand","embeddable":true,"href":"https:\/\/www.mg-modelleisenbahnbau.de\/startseite-2\/wp-json\/wp\/v2\/product_brand?post=8363"},{"taxonomy":"product_cat","embeddable":true,"href":"https:\/\/www.mg-modelleisenbahnbau.de\/startseite-2\/wp-json\/wp\/v2\/product_cat?post=8363"},{"taxonomy":"product_tag","embeddable":true,"href":"https:\/\/www.mg-modelleisenbahnbau.de\/startseite-2\/wp-json\/wp\/v2\/product_tag?post=8363"}],"curies":[{"name":"wp","href":"https:\/\/api.w.org\/{rel}","templated":true}]}}