{"id":8361,"date":"2022-02-12T20:46:31","date_gmt":"2022-02-12T19:46:31","guid":{"rendered":"https:\/\/www.mg-modelleisenbahnbau.de\/?post_type=product&#038;p=8361"},"modified":"2025-06-30T08:48:22","modified_gmt":"2025-06-30T06:48:22","slug":"8402-fernbedienung","status":"publish","type":"product","link":"https:\/\/www.mg-modelleisenbahnbau.de\/startseite-2\/produkt\/8402-fernbedienung\/","title":{"rendered":"8402 Fernbedienung"},"content":{"rendered":"<div class=\"content--title\">Produktinformationen &#8222;Fernbedienung&#8220;<\/div>\n<div class=\"product--description\">Die Fernbedienung erlaubt ein einfaches Steuern der CarMotion Fahrzeuge auf der Anlage sowie einfache Einstellungen am Fahrzeug. Dazu wird die Fernbedienung auf die Vorderseite des Fahrzeugs gerichtet, wo sich dessen Infrarotsensoren befinden. Gr\u00f6\u00dfere Entfernungen als ca. 50 cm zum Fahrzeug erfordern ein genaueres Ausrichten der Fernbedienung auf das Fahrzeug, bis zu 1 m ist unter g\u00fcnstigen Umst\u00e4nden m\u00f6glich. Sie eignet sich also zur lokalen Beeinflussung der Fahrzeuge \u2013 Fahren auf Sicht gewisserma\u00dfen. Ein Fahrzeug kann damit gestartet werden \u2013 auch von einer aktiven Stoppspule &#8211; und beliebig gestoppt werden. Eingestellt werden k\u00f6nnen des weiteren die Fahrzeuggeschwindigkeit und vorhandene Funktionen am Fahrzeug &#8211; wie die Beleuchtung, die Blinker usw. F\u00fcr diese grundlegenden Konfigurationen muss also das Fahrzeug nicht erst an das Programmierger\u00e4t angeschlossen werden. Die Fernbedienung erg\u00e4nzt au\u00dferdem die Steuerung der Fahrzeuge mittels der Magnetanordnungen unter der Fahrbahn \u2013 so sind komplexe Abl\u00e4ufe mit zus\u00e4tzlicher Eingriffsm\u00f6glichkeit durch den Anwender m\u00f6glich.<\/div>\n","protected":false},"excerpt":{"rendered":"<p>Produktinformationen &#8222;Fernbedienung&#8220; Die Fernbedienung erlaubt ein einfaches Steuern der CarMotion Fahrzeuge auf der Anlage sowie einfache Einstellungen am Fahrzeug. Dazu wird die Fernbedienung auf die Vorderseite des Fahrzeugs gerichtet, wo sich dessen Infrarotsensoren befinden. Gr\u00f6\u00dfere Entfernungen als ca. 50 cm zum Fahrzeug erfordern ein genaueres Ausrichten der Fernbedienung auf das Fahrzeug, bis zu 1 m&#8230;<\/p>\n","protected":false},"featured_media":8362,"comment_status":"open","ping_status":"closed","template":"","meta":[],"product_brand":[],"product_cat":[272,251,38,37],"product_tag":[292,291],"class_list":{"0":"post-8361","1":"product","2":"type-product","3":"status-publish","4":"has-post-thumbnail","6":"product_cat-h0-carmotion","7":"product_cat-neuheiten-und-vorbestellungen","8":"product_cat-unkategorisiert","9":"product_cat-viessmann","10":"product_tag-kein-spielzeug-nicht-geeignet-fuer-kinder-unter-14-jahren","11":"product_tag-warn-und-sicherheitshinweise-modellbauartikel","13":"first","14":"instock","15":"taxable","16":"shipping-taxable","17":"purchasable","18":"product-type-simple"},"jetpack_sharing_enabled":true,"_links":{"self":[{"href":"https:\/\/www.mg-modelleisenbahnbau.de\/startseite-2\/wp-json\/wp\/v2\/product\/8361","targetHints":{"allow":["GET"]}}],"collection":[{"href":"https:\/\/www.mg-modelleisenbahnbau.de\/startseite-2\/wp-json\/wp\/v2\/product"}],"about":[{"href":"https:\/\/www.mg-modelleisenbahnbau.de\/startseite-2\/wp-json\/wp\/v2\/types\/product"}],"replies":[{"embeddable":true,"href":"https:\/\/www.mg-modelleisenbahnbau.de\/startseite-2\/wp-json\/wp\/v2\/comments?post=8361"}],"wp:featuredmedia":[{"embeddable":true,"href":"https:\/\/www.mg-modelleisenbahnbau.de\/startseite-2\/wp-json\/wp\/v2\/media\/8362"}],"wp:attachment":[{"href":"https:\/\/www.mg-modelleisenbahnbau.de\/startseite-2\/wp-json\/wp\/v2\/media?parent=8361"}],"wp:term":[{"taxonomy":"product_brand","embeddable":true,"href":"https:\/\/www.mg-modelleisenbahnbau.de\/startseite-2\/wp-json\/wp\/v2\/product_brand?post=8361"},{"taxonomy":"product_cat","embeddable":true,"href":"https:\/\/www.mg-modelleisenbahnbau.de\/startseite-2\/wp-json\/wp\/v2\/product_cat?post=8361"},{"taxonomy":"product_tag","embeddable":true,"href":"https:\/\/www.mg-modelleisenbahnbau.de\/startseite-2\/wp-json\/wp\/v2\/product_tag?post=8361"}],"curies":[{"name":"wp","href":"https:\/\/api.w.org\/{rel}","templated":true}]}}