{"id":8357,"date":"2022-02-12T20:42:30","date_gmt":"2022-02-12T19:42:30","guid":{"rendered":"https:\/\/www.mg-modelleisenbahnbau.de\/?post_type=product&#038;p=8357"},"modified":"2025-11-22T10:00:01","modified_gmt":"2025-11-22T09:00:01","slug":"8401-programmiergeraet","status":"publish","type":"product","link":"https:\/\/www.mg-modelleisenbahnbau.de\/startseite-2\/produkt\/8401-programmiergeraet\/","title":{"rendered":"8401 Programmierger\u00e4t"},"content":{"rendered":"<div class=\"content--title\">Produktinformationen &#8222;Programmierger\u00e4t&#8220;<\/div>\n<div class=\"product--description\">Mit dem Programmierger\u00e4t k\u00f6nnen Sie viele Einstellungen sowie Softwareaktualisierungen an Ihren CarMotion Fahrzeugen vornehmen. Es wird mit einem USB-Kabel an die Ladebuchse des Fahrzeugs und an eine USB-A-Buchse eines Computers oder eines Hubs, Adapters o.\u00e4.\u00a0 angeschlossen. Die \u00fcbersichtliche Bedienungssoftware (Windows\/IOS) kommuniziert mit dem Fahrzeug, informiert \u00fcber den Ladezustand, die gefahrene Strecke usw.. Sie dient au\u00dferdem der komfortablen Einstellung diverser Parameter des Fahrzeugs, wie Geschwindigkeit, aktive Funktionen, Lichthelligkeiten uvm. Insbesondere werden dar\u00fcber die gew\u00fcnschten Reaktionen des Fahrzeugs auf die Befehle, die mittels der Magnetanordnungen in der Fahrbahn ausgel\u00f6st werden k\u00f6nnen, eingestellt. Konfigurationen lassen sich au\u00dferdem bequem zwischen Fahrzeugen kopieren.<\/div>\n","protected":false},"excerpt":{"rendered":"<p>Produktinformationen &#8222;Programmierger\u00e4t&#8220; Mit dem Programmierger\u00e4t k\u00f6nnen Sie viele Einstellungen sowie Softwareaktualisierungen an Ihren CarMotion Fahrzeugen vornehmen. Es wird mit einem USB-Kabel an die Ladebuchse des Fahrzeugs und an eine USB-A-Buchse eines Computers oder eines Hubs, Adapters o.\u00e4.\u00a0 angeschlossen. Die \u00fcbersichtliche Bedienungssoftware (Windows\/IOS) kommuniziert mit dem Fahrzeug, informiert \u00fcber den Ladezustand, die gefahrene Strecke usw.. Sie&#8230;<\/p>\n","protected":false},"featured_media":8358,"comment_status":"open","ping_status":"closed","template":"","meta":[],"product_brand":[],"product_cat":[272,251,38,37],"product_tag":[292,291],"class_list":{"0":"post-8357","1":"product","2":"type-product","3":"status-publish","4":"has-post-thumbnail","6":"product_cat-h0-carmotion","7":"product_cat-neuheiten-und-vorbestellungen","8":"product_cat-unkategorisiert","9":"product_cat-viessmann","10":"product_tag-kein-spielzeug-nicht-geeignet-fuer-kinder-unter-14-jahren","11":"product_tag-warn-und-sicherheitshinweise-modellbauartikel","13":"first","14":"instock","15":"taxable","16":"shipping-taxable","17":"purchasable","18":"product-type-simple"},"jetpack_sharing_enabled":true,"_links":{"self":[{"href":"https:\/\/www.mg-modelleisenbahnbau.de\/startseite-2\/wp-json\/wp\/v2\/product\/8357","targetHints":{"allow":["GET"]}}],"collection":[{"href":"https:\/\/www.mg-modelleisenbahnbau.de\/startseite-2\/wp-json\/wp\/v2\/product"}],"about":[{"href":"https:\/\/www.mg-modelleisenbahnbau.de\/startseite-2\/wp-json\/wp\/v2\/types\/product"}],"replies":[{"embeddable":true,"href":"https:\/\/www.mg-modelleisenbahnbau.de\/startseite-2\/wp-json\/wp\/v2\/comments?post=8357"}],"wp:featuredmedia":[{"embeddable":true,"href":"https:\/\/www.mg-modelleisenbahnbau.de\/startseite-2\/wp-json\/wp\/v2\/media\/8358"}],"wp:attachment":[{"href":"https:\/\/www.mg-modelleisenbahnbau.de\/startseite-2\/wp-json\/wp\/v2\/media?parent=8357"}],"wp:term":[{"taxonomy":"product_brand","embeddable":true,"href":"https:\/\/www.mg-modelleisenbahnbau.de\/startseite-2\/wp-json\/wp\/v2\/product_brand?post=8357"},{"taxonomy":"product_cat","embeddable":true,"href":"https:\/\/www.mg-modelleisenbahnbau.de\/startseite-2\/wp-json\/wp\/v2\/product_cat?post=8357"},{"taxonomy":"product_tag","embeddable":true,"href":"https:\/\/www.mg-modelleisenbahnbau.de\/startseite-2\/wp-json\/wp\/v2\/product_tag?post=8357"}],"curies":[{"name":"wp","href":"https:\/\/api.w.org\/{rel}","templated":true}]}}