{"id":8286,"date":"2022-02-10T15:54:21","date_gmt":"2022-02-10T14:54:21","guid":{"rendered":"https:\/\/www.mg-modelleisenbahnbau.de\/?post_type=product&#038;p=8286"},"modified":"2025-06-29T17:47:34","modified_gmt":"2025-06-29T15:47:34","slug":"2630-h0-robel-gleiskraftwagen-54-22-sersa-version-mit-motorisch-bewegtem-kran-funktionsmodell-fuer-2l","status":"publish","type":"product","link":"https:\/\/www.mg-modelleisenbahnbau.de\/startseite-2\/produkt\/2630-h0-robel-gleiskraftwagen-54-22-sersa-version-mit-motorisch-bewegtem-kran-funktionsmodell-fuer-2l\/","title":{"rendered":"2630 H0 ROBEL Gleiskraftwagen 54.22 SERSA Version mit motorisch bewegtem Kran, Funktionsmodell f\u00fcr 2L"},"content":{"rendered":"<div class=\"content--description\">\n<div class=\"content--title\">Produktinformationen &#8222;H0 ROBEL Gleiskraftwagen 54.22 SERSA Version mit motorisch bewegtem Kran, Funktionsmodell f\u00fcr 2L&#8220;<\/div>\n<div class=\"product--description\">Funktionsmodell f\u00fcr Zweileitersysteme.<br \/>\n&#8211; Beweglicher Arbeitskran, der motorisch nach rechts und links unbegrenzt schwenkbar ist. Der Kranarm erhebt sich von der Ladefl\u00e4che und senkt sich anschlie\u00dfend neben dem Gleis.<br \/>\n&#8211; Mit elektrischem Antrieb, fahrtrichtungsabh\u00e4ngiger Dreilicht-Spitzenbeleuchtung bzw. roten Schlussleuchten, gelber Warnblinkleuchte. Integriertes Soundmodul f\u00fcr Pfeife und verschiedene betriebsabh\u00e4ngige Ger\u00e4usche. RailCom-f\u00e4higer Digitaldecoder f\u00fcr DCC\/MM und Analogbetrieb (DC\/AC) mit integriertem Stromspeicher. Mit Kupplungssch\u00e4chten nach NEM 362 beidseitig, Kurzkupplungskinematik und beiliegender Systemkupplung.<br \/>\n&#8211; Funktionsumfang im Analogbetrieb: Fahrmodus vorw\u00e4rts\/r\u00fcckw\u00e4rts, Bewegung des Kranarms m\u00f6glich, Warnblinkleuchte und Kabinenbeleuchtung aktiv, Sound aktiv (Lautst\u00e4rke einstellbar \u00fcber CV), Licht aktiv.<br \/>\n&#8211; Funktionsumfang im Digitalbetrieb: Fahrmodus vorw\u00e4rts\/r\u00fcckw\u00e4rts, schaltbare Funktionen: Bewegung des Kranarms \u00fcber Fahrregler, Warnblinkleuchte, Kabinenbeleuchtung, Sound (Lautst\u00e4rke einstellbar \u00fcber CV), Pfeife, Kompressorsound, Licht.<br \/>\nL\u00fcP 13,4 x B 3,6 x H 4,8 cm<\/div>\n<\/div>\n","protected":false},"excerpt":{"rendered":"<p>Produktinformationen &#8222;H0 ROBEL Gleiskraftwagen 54.22 SERSA Version mit motorisch bewegtem Kran, Funktionsmodell f\u00fcr 2L&#8220; Funktionsmodell f\u00fcr Zweileitersysteme. &#8211; Beweglicher Arbeitskran, der motorisch nach rechts und links unbegrenzt schwenkbar ist. Der Kranarm erhebt sich von der Ladefl\u00e4che und senkt sich anschlie\u00dfend neben dem Gleis. &#8211; Mit elektrischem Antrieb, fahrtrichtungsabh\u00e4ngiger Dreilicht-Spitzenbeleuchtung bzw. roten Schlussleuchten, gelber Warnblinkleuchte. Integriertes&#8230;<\/p>\n","protected":false},"featured_media":8300,"comment_status":"open","ping_status":"closed","template":"","meta":[],"product_brand":[],"product_cat":[251,128,38,37],"product_tag":[292,291],"class_list":{"0":"post-8286","1":"product","2":"type-product","3":"status-publish","4":"has-post-thumbnail","6":"product_cat-neuheiten-und-vorbestellungen","7":"product_cat-railmotion-h0","8":"product_cat-unkategorisiert","9":"product_cat-viessmann","10":"product_tag-kein-spielzeug-nicht-geeignet-fuer-kinder-unter-14-jahren","11":"product_tag-warn-und-sicherheitshinweise-modellbauartikel","13":"first","14":"instock","15":"taxable","16":"shipping-taxable","17":"purchasable","18":"product-type-simple"},"jetpack_sharing_enabled":true,"_links":{"self":[{"href":"https:\/\/www.mg-modelleisenbahnbau.de\/startseite-2\/wp-json\/wp\/v2\/product\/8286","targetHints":{"allow":["GET"]}}],"collection":[{"href":"https:\/\/www.mg-modelleisenbahnbau.de\/startseite-2\/wp-json\/wp\/v2\/product"}],"about":[{"href":"https:\/\/www.mg-modelleisenbahnbau.de\/startseite-2\/wp-json\/wp\/v2\/types\/product"}],"replies":[{"embeddable":true,"href":"https:\/\/www.mg-modelleisenbahnbau.de\/startseite-2\/wp-json\/wp\/v2\/comments?post=8286"}],"wp:featuredmedia":[{"embeddable":true,"href":"https:\/\/www.mg-modelleisenbahnbau.de\/startseite-2\/wp-json\/wp\/v2\/media\/8300"}],"wp:attachment":[{"href":"https:\/\/www.mg-modelleisenbahnbau.de\/startseite-2\/wp-json\/wp\/v2\/media?parent=8286"}],"wp:term":[{"taxonomy":"product_brand","embeddable":true,"href":"https:\/\/www.mg-modelleisenbahnbau.de\/startseite-2\/wp-json\/wp\/v2\/product_brand?post=8286"},{"taxonomy":"product_cat","embeddable":true,"href":"https:\/\/www.mg-modelleisenbahnbau.de\/startseite-2\/wp-json\/wp\/v2\/product_cat?post=8286"},{"taxonomy":"product_tag","embeddable":true,"href":"https:\/\/www.mg-modelleisenbahnbau.de\/startseite-2\/wp-json\/wp\/v2\/product_tag?post=8286"}],"curies":[{"name":"wp","href":"https:\/\/api.w.org\/{rel}","templated":true}]}}