{"id":8113,"date":"2022-01-17T13:07:12","date_gmt":"2022-01-17T12:07:12","guid":{"rendered":"https:\/\/www.mg-modelleisenbahnbau.de\/?post_type=product&#038;p=8113"},"modified":"2026-03-22T18:58:21","modified_gmt":"2026-03-22T17:58:21","slug":"33151054-magileaf-0-5-mm-40-grs-belaubung-silbergruen","status":"publish","type":"product","link":"https:\/\/www.mg-modelleisenbahnbau.de\/startseite-2\/produkt\/33151054-magileaf-0-5-mm-40-grs-belaubung-silbergruen\/","title":{"rendered":"33151054 Magileaf 0.5 mm 40 grs. Belaubung Silbergr\u00fcn"},"content":{"rendered":"<div id=\"product-description-short-381\">\n<p>Magileaf ist ein nat\u00fcrliche Produkt f\u00fcr die Belaubung ihre B\u00e4ume und B\u00fcsche. Magileaf ist ein Produkt das durch seine unregelm\u00e4\u00dfige Einf\u00e4rbung ihrem Laub wundersch\u00f6ne Nuances gibt.<\/p>\n<p>Die Magileaf lassen sich mit Magispray problemlos auf den \u00c4sten anbringen. Wir raten ihnen den Plastifizierer auf den fertigen Baum zu spr\u00fchen um die Flexibilit\u00e4t und Langlebigkeit zu garantieren.<\/p>\n<\/div>\n","protected":false},"excerpt":{"rendered":"<p>Magileaf ist ein nat\u00fcrliche Produkt f\u00fcr die Belaubung ihre B\u00e4ume und B\u00fcsche. Magileaf ist ein Produkt das durch seine unregelm\u00e4\u00dfige Einf\u00e4rbung ihrem Laub wundersch\u00f6ne Nuances gibt. Die Magileaf lassen sich mit Magispray problemlos auf den \u00c4sten anbringen. Wir raten ihnen den Plastifizierer auf den fertigen Baum zu spr\u00fchen um die Flexibilit\u00e4t und Langlebigkeit zu garantieren.<\/p>\n","protected":false},"featured_media":8114,"comment_status":"open","ping_status":"closed","template":"","meta":[],"product_brand":[],"product_cat":[247,45,38],"product_tag":[292,291],"class_list":{"0":"post-8113","1":"product","2":"type-product","3":"status-publish","4":"has-post-thumbnail","6":"product_cat-belaubung","7":"product_cat-microrama-miniature","8":"product_cat-unkategorisiert","9":"product_tag-kein-spielzeug-nicht-geeignet-fuer-kinder-unter-14-jahren","10":"product_tag-warn-und-sicherheitshinweise-modellbauartikel","12":"first","13":"instock","14":"taxable","15":"shipping-taxable","16":"purchasable","17":"product-type-simple"},"jetpack_sharing_enabled":true,"_links":{"self":[{"href":"https:\/\/www.mg-modelleisenbahnbau.de\/startseite-2\/wp-json\/wp\/v2\/product\/8113","targetHints":{"allow":["GET"]}}],"collection":[{"href":"https:\/\/www.mg-modelleisenbahnbau.de\/startseite-2\/wp-json\/wp\/v2\/product"}],"about":[{"href":"https:\/\/www.mg-modelleisenbahnbau.de\/startseite-2\/wp-json\/wp\/v2\/types\/product"}],"replies":[{"embeddable":true,"href":"https:\/\/www.mg-modelleisenbahnbau.de\/startseite-2\/wp-json\/wp\/v2\/comments?post=8113"}],"wp:featuredmedia":[{"embeddable":true,"href":"https:\/\/www.mg-modelleisenbahnbau.de\/startseite-2\/wp-json\/wp\/v2\/media\/8114"}],"wp:attachment":[{"href":"https:\/\/www.mg-modelleisenbahnbau.de\/startseite-2\/wp-json\/wp\/v2\/media?parent=8113"}],"wp:term":[{"taxonomy":"product_brand","embeddable":true,"href":"https:\/\/www.mg-modelleisenbahnbau.de\/startseite-2\/wp-json\/wp\/v2\/product_brand?post=8113"},{"taxonomy":"product_cat","embeddable":true,"href":"https:\/\/www.mg-modelleisenbahnbau.de\/startseite-2\/wp-json\/wp\/v2\/product_cat?post=8113"},{"taxonomy":"product_tag","embeddable":true,"href":"https:\/\/www.mg-modelleisenbahnbau.de\/startseite-2\/wp-json\/wp\/v2\/product_tag?post=8113"}],"curies":[{"name":"wp","href":"https:\/\/api.w.org\/{rel}","templated":true}]}}