{"id":804,"date":"2018-10-15T09:47:48","date_gmt":"2018-10-15T07:47:48","guid":{"rendered":"http:\/\/www.mg-modelleisenbahnbau.de\/?post_type=product&#038;p=804"},"modified":"2025-06-29T21:20:40","modified_gmt":"2025-06-29T19:20:40","slug":"4515-h0-form-sperrsignal-mit-erdfuss","status":"publish","type":"product","link":"https:\/\/www.mg-modelleisenbahnbau.de\/startseite-2\/produkt\/4515-h0-form-sperrsignal-mit-erdfuss\/","title":{"rendered":"4515 H0 Form-Sperrsignal mit Erdfu\u00df"},"content":{"rendered":"<p>Produktinformationen &#8222;H0 Form-Sperrsignal mit Erdfu\u00df&#8220;<br \/>\nMit filigranem Messingmast in originalgetreuer Lackierung und Unterflur-Kompaktantrieb. Die Blende ist beweglich und beleuchtet. Mit einer LED, wartungsfrei. Bei der Bahn gibt es verschiedene Sperrsignal-Bauformen. W\u00e4hrend das Sperrsignal Art. 4517 die Version mit Flanschfu\u00df darstellt, welches an Gleisen einzeln steht, ist das Sperrsignal Art. 4515 die niedrigere Regelausf\u00fchrung. Es wird z. B. bei der Aufstellung direkt vor einem Hauptsignal verwendet. Signalbilder Sh0 und Sh1. H\u00f6he: 55 mm.<\/p>\n","protected":false},"excerpt":{"rendered":"<p>Produktinformationen &#8222;H0 Form-Sperrsignal mit Erdfu\u00df&#8220; Mit filigranem Messingmast in originalgetreuer Lackierung und Unterflur-Kompaktantrieb. Die Blende ist beweglich und beleuchtet. Mit einer LED, wartungsfrei. Bei der Bahn gibt es verschiedene Sperrsignal-Bauformen. W\u00e4hrend das Sperrsignal Art. 4517 die Version mit Flanschfu\u00df darstellt, welches an Gleisen einzeln steht, ist das Sperrsignal Art. 4515 die niedrigere Regelausf\u00fchrung. Es wird&#8230;<\/p>\n","protected":false},"featured_media":805,"comment_status":"open","ping_status":"closed","template":"","meta":[],"product_brand":[],"product_cat":[125,38,37,124],"product_tag":[292,291],"class_list":{"0":"post-804","1":"product","2":"type-product","3":"status-publish","4":"has-post-thumbnail","6":"product_cat-formsignale-h0","7":"product_cat-unkategorisiert","8":"product_cat-viessmann","9":"product_cat-viessmann-spur-h0","10":"product_tag-kein-spielzeug-nicht-geeignet-fuer-kinder-unter-14-jahren","11":"product_tag-warn-und-sicherheitshinweise-modellbauartikel","13":"first","14":"instock","15":"taxable","16":"shipping-taxable","17":"purchasable","18":"product-type-simple"},"jetpack_sharing_enabled":true,"_links":{"self":[{"href":"https:\/\/www.mg-modelleisenbahnbau.de\/startseite-2\/wp-json\/wp\/v2\/product\/804","targetHints":{"allow":["GET"]}}],"collection":[{"href":"https:\/\/www.mg-modelleisenbahnbau.de\/startseite-2\/wp-json\/wp\/v2\/product"}],"about":[{"href":"https:\/\/www.mg-modelleisenbahnbau.de\/startseite-2\/wp-json\/wp\/v2\/types\/product"}],"replies":[{"embeddable":true,"href":"https:\/\/www.mg-modelleisenbahnbau.de\/startseite-2\/wp-json\/wp\/v2\/comments?post=804"}],"wp:featuredmedia":[{"embeddable":true,"href":"https:\/\/www.mg-modelleisenbahnbau.de\/startseite-2\/wp-json\/wp\/v2\/media\/805"}],"wp:attachment":[{"href":"https:\/\/www.mg-modelleisenbahnbau.de\/startseite-2\/wp-json\/wp\/v2\/media?parent=804"}],"wp:term":[{"taxonomy":"product_brand","embeddable":true,"href":"https:\/\/www.mg-modelleisenbahnbau.de\/startseite-2\/wp-json\/wp\/v2\/product_brand?post=804"},{"taxonomy":"product_cat","embeddable":true,"href":"https:\/\/www.mg-modelleisenbahnbau.de\/startseite-2\/wp-json\/wp\/v2\/product_cat?post=804"},{"taxonomy":"product_tag","embeddable":true,"href":"https:\/\/www.mg-modelleisenbahnbau.de\/startseite-2\/wp-json\/wp\/v2\/product_tag?post=804"}],"curies":[{"name":"wp","href":"https:\/\/api.w.org\/{rel}","templated":true}]}}