{"id":800,"date":"2018-10-15T09:34:35","date_gmt":"2018-10-15T07:34:35","guid":{"rendered":"http:\/\/www.mg-modelleisenbahnbau.de\/?post_type=product&#038;p=800"},"modified":"2025-06-29T21:20:39","modified_gmt":"2025-06-29T19:20:39","slug":"4510-h0-form-vorsignal-scheibe-starr-fluegel-beweglich","status":"publish","type":"product","link":"https:\/\/www.mg-modelleisenbahnbau.de\/startseite-2\/produkt\/4510-h0-form-vorsignal-scheibe-starr-fluegel-beweglich\/","title":{"rendered":"4510 H0 Form-Vorsignal, Scheibe starr, Fl\u00fcgel beweglich"},"content":{"rendered":"<p>Produktinformationen &#8222;H0 Form-Vorsignal, Scheibe starr, Fl\u00fcgel beweglich&#8220;<br \/>\nMit filigranem Messingmast in originalgetreuer Lackierung, bedruckter Signalscheibe und -fl\u00fcgel, Gl\u00fchlampen und Unterflur-Kompaktantrieb. Integrierte Schaltkontakte sorgen f\u00fcr eine echte Zugbremsung bei Halt erwarten. F\u00fcr eine echte Langsamfahr-Funktion wird lediglich noch der Langsamfahrwiderstand Art. 5216 ben\u00f6tigt. Signalbilder Vr0 und Vr2. Ersatzgl\u00fchlampe Art. 6200. H\u00f6he: 51 mm.<\/p>\n","protected":false},"excerpt":{"rendered":"<p>Produktinformationen &#8222;H0 Form-Vorsignal, Scheibe starr, Fl\u00fcgel beweglich&#8220; Mit filigranem Messingmast in originalgetreuer Lackierung, bedruckter Signalscheibe und -fl\u00fcgel, Gl\u00fchlampen und Unterflur-Kompaktantrieb. Integrierte Schaltkontakte sorgen f\u00fcr eine echte Zugbremsung bei Halt erwarten. F\u00fcr eine echte Langsamfahr-Funktion wird lediglich noch der Langsamfahrwiderstand Art. 5216 ben\u00f6tigt. Signalbilder Vr0 und Vr2. Ersatzgl\u00fchlampe Art. 6200. H\u00f6he: 51 mm.<\/p>\n","protected":false},"featured_media":801,"comment_status":"open","ping_status":"closed","template":"","meta":[],"product_brand":[],"product_cat":[125,38,37,124],"product_tag":[292,291],"class_list":{"0":"post-800","1":"product","2":"type-product","3":"status-publish","4":"has-post-thumbnail","6":"product_cat-formsignale-h0","7":"product_cat-unkategorisiert","8":"product_cat-viessmann","9":"product_cat-viessmann-spur-h0","10":"product_tag-kein-spielzeug-nicht-geeignet-fuer-kinder-unter-14-jahren","11":"product_tag-warn-und-sicherheitshinweise-modellbauartikel","13":"first","14":"instock","15":"taxable","16":"shipping-taxable","17":"purchasable","18":"product-type-simple"},"jetpack_sharing_enabled":true,"_links":{"self":[{"href":"https:\/\/www.mg-modelleisenbahnbau.de\/startseite-2\/wp-json\/wp\/v2\/product\/800","targetHints":{"allow":["GET"]}}],"collection":[{"href":"https:\/\/www.mg-modelleisenbahnbau.de\/startseite-2\/wp-json\/wp\/v2\/product"}],"about":[{"href":"https:\/\/www.mg-modelleisenbahnbau.de\/startseite-2\/wp-json\/wp\/v2\/types\/product"}],"replies":[{"embeddable":true,"href":"https:\/\/www.mg-modelleisenbahnbau.de\/startseite-2\/wp-json\/wp\/v2\/comments?post=800"}],"wp:featuredmedia":[{"embeddable":true,"href":"https:\/\/www.mg-modelleisenbahnbau.de\/startseite-2\/wp-json\/wp\/v2\/media\/801"}],"wp:attachment":[{"href":"https:\/\/www.mg-modelleisenbahnbau.de\/startseite-2\/wp-json\/wp\/v2\/media?parent=800"}],"wp:term":[{"taxonomy":"product_brand","embeddable":true,"href":"https:\/\/www.mg-modelleisenbahnbau.de\/startseite-2\/wp-json\/wp\/v2\/product_brand?post=800"},{"taxonomy":"product_cat","embeddable":true,"href":"https:\/\/www.mg-modelleisenbahnbau.de\/startseite-2\/wp-json\/wp\/v2\/product_cat?post=800"},{"taxonomy":"product_tag","embeddable":true,"href":"https:\/\/www.mg-modelleisenbahnbau.de\/startseite-2\/wp-json\/wp\/v2\/product_tag?post=800"}],"curies":[{"name":"wp","href":"https:\/\/api.w.org\/{rel}","templated":true}]}}