{"id":792,"date":"2018-10-14T23:29:02","date_gmt":"2018-10-14T21:29:02","guid":{"rendered":"http:\/\/www.mg-modelleisenbahnbau.de\/?post_type=product&#038;p=792"},"modified":"2025-06-29T22:38:33","modified_gmt":"2025-06-29T20:38:33","slug":"5104-h0-bahnschranke-mit-behang-vollautomatisch","status":"publish","type":"product","link":"https:\/\/www.mg-modelleisenbahnbau.de\/startseite-2\/produkt\/5104-h0-bahnschranke-mit-behang-vollautomatisch\/","title":{"rendered":"5104 H0 Bahnschranke mit Behang, vollautomatisch"},"content":{"rendered":"<p>Produktinformationen &#8222;H0 Bahnschranke mit Behang, vollautomatisch&#8220;<br \/>\nBahn\u00fcbergang mit 2 Bahnschranken, angetrieben durch 2 getrennte Unterflur-Antriebe. Ausgestattet mit filigranem Behang und L\u00e4utewerkattrappe. Die Antriebe erm\u00f6glichen vorbildgetreu langsames \u00d6ffnen und Schlie\u00dfen der Schranken mit 2 Geschwindigkeiten. Die Stra\u00dfe kann \u00fcber beliebig viele Gleise f\u00fchren. Gleisf\u00fcllst\u00fccke, Auffahrrampen sowie bedruckte Verkehrszeichen liegen bei. Der integrierte Digitaldecoder ist multiprotokollf\u00e4hig und versteht die Formate DCC und MM. F\u00fcr den automatischen Betrieb sind Schaltgleise bzw. die Schaltkontakte Art. 6840 erforderlich. Bei zweigleisiger Strecke ben\u00f6tigen Sie zus\u00e4tzlich das elektronische Relais Art. 5552. Informationen zum Einsatz bietet das Viessmann Signalbuch Art. 5299. Zum Aufbau einer vierschl\u00e4gigen Schranke ben\u00f6tigen Sie zus\u00e4tzlich Art. 5107 mit gespiegelter Bedruckung. Weitere Gleisf\u00fcllst\u00fccke sind unter Art. 5105 (Zweileitergleis) und 5106 (Mittelleitergleis) erh\u00e4ltlich. L\u00e4nge eines Schrankenbaumes: ca. 63 mm. TIPP: Das dazu passende Soundmodul Art. 5556 erzeugt auf die Bewegung der Schranke abgestimmte Ger\u00e4usche.<\/p>\n","protected":false},"excerpt":{"rendered":"<p>Produktinformationen &#8222;H0 Bahnschranke mit Behang, vollautomatisch&#8220; Bahn\u00fcbergang mit 2 Bahnschranken, angetrieben durch 2 getrennte Unterflur-Antriebe. Ausgestattet mit filigranem Behang und L\u00e4utewerkattrappe. Die Antriebe erm\u00f6glichen vorbildgetreu langsames \u00d6ffnen und Schlie\u00dfen der Schranken mit 2 Geschwindigkeiten. Die Stra\u00dfe kann \u00fcber beliebig viele Gleise f\u00fchren. Gleisf\u00fcllst\u00fccke, Auffahrrampen sowie bedruckte Verkehrszeichen liegen bei. Der integrierte Digitaldecoder ist multiprotokollf\u00e4hig und&#8230;<\/p>\n","protected":false},"featured_media":793,"comment_status":"open","ping_status":"closed","template":"","meta":[],"product_brand":[],"product_cat":[130,38,37,124],"product_tag":[292,291],"class_list":{"0":"post-792","1":"product","2":"type-product","3":"status-publish","4":"has-post-thumbnail","6":"product_cat-bahnzubehoer-h0","7":"product_cat-unkategorisiert","8":"product_cat-viessmann","9":"product_cat-viessmann-spur-h0","10":"product_tag-kein-spielzeug-nicht-geeignet-fuer-kinder-unter-14-jahren","11":"product_tag-warn-und-sicherheitshinweise-modellbauartikel","13":"first","14":"instock","15":"taxable","16":"shipping-taxable","17":"purchasable","18":"product-type-simple"},"jetpack_sharing_enabled":true,"_links":{"self":[{"href":"https:\/\/www.mg-modelleisenbahnbau.de\/startseite-2\/wp-json\/wp\/v2\/product\/792","targetHints":{"allow":["GET"]}}],"collection":[{"href":"https:\/\/www.mg-modelleisenbahnbau.de\/startseite-2\/wp-json\/wp\/v2\/product"}],"about":[{"href":"https:\/\/www.mg-modelleisenbahnbau.de\/startseite-2\/wp-json\/wp\/v2\/types\/product"}],"replies":[{"embeddable":true,"href":"https:\/\/www.mg-modelleisenbahnbau.de\/startseite-2\/wp-json\/wp\/v2\/comments?post=792"}],"wp:featuredmedia":[{"embeddable":true,"href":"https:\/\/www.mg-modelleisenbahnbau.de\/startseite-2\/wp-json\/wp\/v2\/media\/793"}],"wp:attachment":[{"href":"https:\/\/www.mg-modelleisenbahnbau.de\/startseite-2\/wp-json\/wp\/v2\/media?parent=792"}],"wp:term":[{"taxonomy":"product_brand","embeddable":true,"href":"https:\/\/www.mg-modelleisenbahnbau.de\/startseite-2\/wp-json\/wp\/v2\/product_brand?post=792"},{"taxonomy":"product_cat","embeddable":true,"href":"https:\/\/www.mg-modelleisenbahnbau.de\/startseite-2\/wp-json\/wp\/v2\/product_cat?post=792"},{"taxonomy":"product_tag","embeddable":true,"href":"https:\/\/www.mg-modelleisenbahnbau.de\/startseite-2\/wp-json\/wp\/v2\/product_tag?post=792"}],"curies":[{"name":"wp","href":"https:\/\/api.w.org\/{rel}","templated":true}]}}