{"id":785,"date":"2018-10-14T23:17:01","date_gmt":"2018-10-14T21:17:01","guid":{"rendered":"http:\/\/www.mg-modelleisenbahnbau.de\/?post_type=product&#038;p=785"},"modified":"2025-06-29T22:38:31","modified_gmt":"2025-06-29T20:38:31","slug":"5100-h0-bahnschranke-vollautomatisch","status":"publish","type":"product","link":"https:\/\/www.mg-modelleisenbahnbau.de\/startseite-2\/produkt\/5100-h0-bahnschranke-vollautomatisch\/","title":{"rendered":"5100 H0 Bahnschranke, vollautomatisch"},"content":{"rendered":"<p>Produktinformationen &#8222;H0 Bahnschranke, vollautomatisch&#8220;<br \/>\nBahn\u00fcbergang mit 2 Bahnschranken, angetrieben durch 2 getrennte Unterflur-Kompaktantriebe. Die Schranken zeichnen sich durch langsames \u00d6ffnen und Schlie\u00dfen der Schrankenb\u00e4ume aus. Gleisf\u00fcllst\u00fccke, Auffahrrampen sowie bedruckte Verkehrszeichen liegen bei. Erweiterbar mit dem Verl\u00e4ngerungssatz Art. 5103. F\u00fcr den automatischen Betrieb sind zus\u00e4tzlich Schaltgleise bzw. die Schaltkontakte Art. 6840 erforderlich, bei zweigleisiger Strecke wird dazu au\u00dferdem ein elektronisches Relais Art. 5552 ben\u00f6tigt. Weitere Gleisf\u00fcllst\u00fccke sind unter der Artikelnummer 5101 (Zweileitergleis) und 5102 (Mittelleitergleis) erh\u00e4ltlich. L\u00e4nge eines Schrankenbaumes: ca. 43 mm. TIPP: Das dazu passende Soundmodul Art. 5556 erzeugt auf die Bewegung der Schranke abgestimmte Ger\u00e4usche.<\/p>\n","protected":false},"excerpt":{"rendered":"<p>Produktinformationen &#8222;H0 Bahnschranke, vollautomatisch&#8220; Bahn\u00fcbergang mit 2 Bahnschranken, angetrieben durch 2 getrennte Unterflur-Kompaktantriebe. Die Schranken zeichnen sich durch langsames \u00d6ffnen und Schlie\u00dfen der Schrankenb\u00e4ume aus. Gleisf\u00fcllst\u00fccke, Auffahrrampen sowie bedruckte Verkehrszeichen liegen bei. Erweiterbar mit dem Verl\u00e4ngerungssatz Art. 5103. F\u00fcr den automatischen Betrieb sind zus\u00e4tzlich Schaltgleise bzw. die Schaltkontakte Art. 6840 erforderlich, bei zweigleisiger Strecke wird&#8230;<\/p>\n","protected":false},"featured_media":786,"comment_status":"open","ping_status":"closed","template":"","meta":[],"product_brand":[],"product_cat":[130,38,37,124],"product_tag":[292,291],"class_list":{"0":"post-785","1":"product","2":"type-product","3":"status-publish","4":"has-post-thumbnail","6":"product_cat-bahnzubehoer-h0","7":"product_cat-unkategorisiert","8":"product_cat-viessmann","9":"product_cat-viessmann-spur-h0","10":"product_tag-kein-spielzeug-nicht-geeignet-fuer-kinder-unter-14-jahren","11":"product_tag-warn-und-sicherheitshinweise-modellbauartikel","13":"first","14":"instock","15":"taxable","16":"shipping-taxable","17":"purchasable","18":"product-type-simple"},"jetpack_sharing_enabled":true,"_links":{"self":[{"href":"https:\/\/www.mg-modelleisenbahnbau.de\/startseite-2\/wp-json\/wp\/v2\/product\/785","targetHints":{"allow":["GET"]}}],"collection":[{"href":"https:\/\/www.mg-modelleisenbahnbau.de\/startseite-2\/wp-json\/wp\/v2\/product"}],"about":[{"href":"https:\/\/www.mg-modelleisenbahnbau.de\/startseite-2\/wp-json\/wp\/v2\/types\/product"}],"replies":[{"embeddable":true,"href":"https:\/\/www.mg-modelleisenbahnbau.de\/startseite-2\/wp-json\/wp\/v2\/comments?post=785"}],"wp:featuredmedia":[{"embeddable":true,"href":"https:\/\/www.mg-modelleisenbahnbau.de\/startseite-2\/wp-json\/wp\/v2\/media\/786"}],"wp:attachment":[{"href":"https:\/\/www.mg-modelleisenbahnbau.de\/startseite-2\/wp-json\/wp\/v2\/media?parent=785"}],"wp:term":[{"taxonomy":"product_brand","embeddable":true,"href":"https:\/\/www.mg-modelleisenbahnbau.de\/startseite-2\/wp-json\/wp\/v2\/product_brand?post=785"},{"taxonomy":"product_cat","embeddable":true,"href":"https:\/\/www.mg-modelleisenbahnbau.de\/startseite-2\/wp-json\/wp\/v2\/product_cat?post=785"},{"taxonomy":"product_tag","embeddable":true,"href":"https:\/\/www.mg-modelleisenbahnbau.de\/startseite-2\/wp-json\/wp\/v2\/product_tag?post=785"}],"curies":[{"name":"wp","href":"https:\/\/api.w.org\/{rel}","templated":true}]}}