{"id":7794,"date":"2021-09-24T17:56:48","date_gmt":"2021-09-24T15:56:48","guid":{"rendered":"https:\/\/www.mg-modelleisenbahnbau.de\/?post_type=product&#038;p=7794"},"modified":"2025-11-16T17:35:23","modified_gmt":"2025-11-16T16:35:23","slug":"10-847-004-magigras-extra-fein-0-4-kg-fuer-die-baeume-zum-pinseln-400-g","status":"publish","type":"product","link":"https:\/\/www.mg-modelleisenbahnbau.de\/startseite-2\/produkt\/10-847-004-magigras-extra-fein-0-4-kg-fuer-die-baeume-zum-pinseln-400-g\/","title":{"rendered":"10 847 004 Magigras Extra Fein 0.4 Kg f\u00fcr die B\u00e4ume zum Pinseln (400 g)"},"content":{"rendered":"<h2>lektrisch leitendes Kunstharz f\u00fcr den Boden ihrer Dioramas : atemberaubende Ergebnisse ihres Grasmasters !<\/h2>\n<p>Die meisten Modellbauer die Dioramas herstellen, sind mit der Herstellung von Gr\u00e4sern konfrontiert! Dieses klappt ganz gut mit einem Grasmaster der ein elektrisches Magnetfeld bildet und die synthetischen Fasern orientiert! Um jedoch die Polarit\u00e4t zu erzeugen muss man die Landschaft mit einem Gemisch aus Holzleim und Sp\u00fclmittel einschmieren! Nach dem Trocknen leitet diese leider keine Elektrizit\u00e4t mehr; Unm\u00f6glich also f\u00fcr das Gestalten von Gr\u00fcnflachen und anderen Bepflanzungen! Dazu hinaus ist es praktisch einen flexiblen Tr\u00e4ger zu haben, in den man jederzeit Pflanzen, B\u00e4ume und Gegenst\u00e4nde stecken kann ohne zu kleben und zu bohren!<br \/>\nDieses Kunstharz gibt es jetzt. Das ist Flexigras.<\/p>\n<h2>\u00dcbersicht von Magigras<\/h2>\n<p>-Flexigras ist ideal f\u00fcr die Darstellung der Erde bei Dioramas und das elektrostatische Beflockung<br \/>\n-Verwendung von Neopren Spray selbst bei schon installierten Objekten in kleinen maskierten Bereichen<br \/>\n-Nadeln bleiben stecken, ohne Kleber zuzuf\u00fcgen<br \/>\n-Flexigras bleibt nach dem Trocknen flexibel und besteckbar<br \/>\n-Kann mit einem Kutter geschnitten werden<br \/>\n-Bleibt an verschiedenen Materialen haften<br \/>\n-Tr\u00e4gt sich mit einem Spachtel in feinen schichten auf<br \/>\n-Mischbeh\u00e4lter und Werkzeuge lassen sich einfach mit Wasser reinigen<br \/>\n-Flexigras ist nicht giftig, kann aber eine Allergische Reaktion hervorrufen da es Zement enth\u00e4lt, daher Handschuhe tragen.<br \/>\n-Eine Stunde nach dem Auftragen k\u00f6nne sie ein Tuch benutzen um eventuelle Spachtelspuren abzutupfen<br \/>\n-Feuerbest\u00e4ndig und hohe Lebensdauer<\/p>\n","protected":false},"excerpt":{"rendered":"<p>lektrisch leitendes Kunstharz f\u00fcr den Boden ihrer Dioramas : atemberaubende Ergebnisse ihres Grasmasters ! Die meisten Modellbauer die Dioramas herstellen, sind mit der Herstellung von Gr\u00e4sern konfrontiert! Dieses klappt ganz gut mit einem Grasmaster der ein elektrisches Magnetfeld bildet und die synthetischen Fasern orientiert! Um jedoch die Polarit\u00e4t zu erzeugen muss man die Landschaft mit&#8230;<\/p>\n","protected":false},"featured_media":7795,"comment_status":"open","ping_status":"closed","template":"","meta":[],"product_brand":[],"product_cat":[245,45,38],"product_tag":[292,291],"class_list":{"0":"post-7794","1":"product","2":"type-product","3":"status-publish","4":"has-post-thumbnail","6":"product_cat-kleber-kunsthatz","7":"product_cat-microrama-miniature","8":"product_cat-unkategorisiert","9":"product_tag-kein-spielzeug-nicht-geeignet-fuer-kinder-unter-14-jahren","10":"product_tag-warn-und-sicherheitshinweise-modellbauartikel","12":"first","13":"outofstock","14":"taxable","15":"shipping-taxable","16":"purchasable","17":"product-type-simple"},"jetpack_sharing_enabled":true,"_links":{"self":[{"href":"https:\/\/www.mg-modelleisenbahnbau.de\/startseite-2\/wp-json\/wp\/v2\/product\/7794","targetHints":{"allow":["GET"]}}],"collection":[{"href":"https:\/\/www.mg-modelleisenbahnbau.de\/startseite-2\/wp-json\/wp\/v2\/product"}],"about":[{"href":"https:\/\/www.mg-modelleisenbahnbau.de\/startseite-2\/wp-json\/wp\/v2\/types\/product"}],"replies":[{"embeddable":true,"href":"https:\/\/www.mg-modelleisenbahnbau.de\/startseite-2\/wp-json\/wp\/v2\/comments?post=7794"}],"wp:featuredmedia":[{"embeddable":true,"href":"https:\/\/www.mg-modelleisenbahnbau.de\/startseite-2\/wp-json\/wp\/v2\/media\/7795"}],"wp:attachment":[{"href":"https:\/\/www.mg-modelleisenbahnbau.de\/startseite-2\/wp-json\/wp\/v2\/media?parent=7794"}],"wp:term":[{"taxonomy":"product_brand","embeddable":true,"href":"https:\/\/www.mg-modelleisenbahnbau.de\/startseite-2\/wp-json\/wp\/v2\/product_brand?post=7794"},{"taxonomy":"product_cat","embeddable":true,"href":"https:\/\/www.mg-modelleisenbahnbau.de\/startseite-2\/wp-json\/wp\/v2\/product_cat?post=7794"},{"taxonomy":"product_tag","embeddable":true,"href":"https:\/\/www.mg-modelleisenbahnbau.de\/startseite-2\/wp-json\/wp\/v2\/product_tag?post=7794"}],"curies":[{"name":"wp","href":"https:\/\/api.w.org\/{rel}","templated":true}]}}