{"id":779,"date":"2018-10-14T23:08:49","date_gmt":"2018-10-14T21:08:49","guid":{"rendered":"http:\/\/www.mg-modelleisenbahnbau.de\/?post_type=product&#038;p=779"},"modified":"2025-06-29T22:26:31","modified_gmt":"2025-06-29T20:26:31","slug":"5085-h0-verkehrszeichen-222-mit-led-beleuchtung","status":"publish","type":"product","link":"https:\/\/www.mg-modelleisenbahnbau.de\/startseite-2\/produkt\/5085-h0-verkehrszeichen-222-mit-led-beleuchtung\/","title":{"rendered":"5085 H0 Verkehrszeichen 222 mit LED-Beleuchtung"},"content":{"rendered":"<p>Produktinformationen &#8222;H0 Verkehrszeichen 222 mit LED-Beleuchtung&#8220;<br \/>\nDieses Verkehrszeichen (vorgeschriebene Fahrtrichtung) passt ideal zur Epoche III und fr\u00fchen Epoche IV. Mit Patentsteckfu\u00df f\u00fcr besonders einfache Montage. Wartungsfrei dank LED-Beleuchtung. Ma\u00dfe: L 6 x B 8 x H 19 mm.<\/p>\n","protected":false},"excerpt":{"rendered":"<p>Produktinformationen &#8222;H0 Verkehrszeichen 222 mit LED-Beleuchtung&#8220; Dieses Verkehrszeichen (vorgeschriebene Fahrtrichtung) passt ideal zur Epoche III und fr\u00fchen Epoche IV. Mit Patentsteckfu\u00df f\u00fcr besonders einfache Montage. Wartungsfrei dank LED-Beleuchtung. Ma\u00dfe: L 6 x B 8 x H 19 mm.<\/p>\n","protected":false},"featured_media":780,"comment_status":"open","ping_status":"closed","template":"","meta":[],"product_brand":[],"product_cat":[129,38,37,124],"product_tag":[292,291],"class_list":{"0":"post-779","1":"product","2":"type-product","3":"status-publish","4":"has-post-thumbnail","6":"product_cat-emotion-h0","7":"product_cat-unkategorisiert","8":"product_cat-viessmann","9":"product_cat-viessmann-spur-h0","10":"product_tag-kein-spielzeug-nicht-geeignet-fuer-kinder-unter-14-jahren","11":"product_tag-warn-und-sicherheitshinweise-modellbauartikel","13":"first","14":"instock","15":"taxable","16":"shipping-taxable","17":"purchasable","18":"product-type-simple"},"jetpack_sharing_enabled":true,"_links":{"self":[{"href":"https:\/\/www.mg-modelleisenbahnbau.de\/startseite-2\/wp-json\/wp\/v2\/product\/779","targetHints":{"allow":["GET"]}}],"collection":[{"href":"https:\/\/www.mg-modelleisenbahnbau.de\/startseite-2\/wp-json\/wp\/v2\/product"}],"about":[{"href":"https:\/\/www.mg-modelleisenbahnbau.de\/startseite-2\/wp-json\/wp\/v2\/types\/product"}],"replies":[{"embeddable":true,"href":"https:\/\/www.mg-modelleisenbahnbau.de\/startseite-2\/wp-json\/wp\/v2\/comments?post=779"}],"wp:featuredmedia":[{"embeddable":true,"href":"https:\/\/www.mg-modelleisenbahnbau.de\/startseite-2\/wp-json\/wp\/v2\/media\/780"}],"wp:attachment":[{"href":"https:\/\/www.mg-modelleisenbahnbau.de\/startseite-2\/wp-json\/wp\/v2\/media?parent=779"}],"wp:term":[{"taxonomy":"product_brand","embeddable":true,"href":"https:\/\/www.mg-modelleisenbahnbau.de\/startseite-2\/wp-json\/wp\/v2\/product_brand?post=779"},{"taxonomy":"product_cat","embeddable":true,"href":"https:\/\/www.mg-modelleisenbahnbau.de\/startseite-2\/wp-json\/wp\/v2\/product_cat?post=779"},{"taxonomy":"product_tag","embeddable":true,"href":"https:\/\/www.mg-modelleisenbahnbau.de\/startseite-2\/wp-json\/wp\/v2\/product_tag?post=779"}],"curies":[{"name":"wp","href":"https:\/\/api.w.org\/{rel}","templated":true}]}}