{"id":777,"date":"2018-10-14T23:06:07","date_gmt":"2018-10-14T21:06:07","guid":{"rendered":"http:\/\/www.mg-modelleisenbahnbau.de\/?post_type=product&#038;p=777"},"modified":"2025-06-29T22:26:29","modified_gmt":"2025-06-29T20:26:29","slug":"5079-led-hausinnenbeleuchtung-mit-tv-simulation","status":"publish","type":"product","link":"https:\/\/www.mg-modelleisenbahnbau.de\/startseite-2\/produkt\/5079-led-hausinnenbeleuchtung-mit-tv-simulation\/","title":{"rendered":"5079 LED-Hausinnenbeleuchtung mit TV-Simulation"},"content":{"rendered":"<p>Produktinformationen &#8222;LED-Hausinnenbeleuchtung mit TV-Simulation&#8220;<br \/>\nStromsparende und wartungsfreie LED-Innenbeleuchtung f\u00fcr alle Modellh\u00e4user. Damit lassen sich mehrere Fenster\/R\u00e4ume eines Hauses realit\u00e4tsnah und unabh\u00e4ngig voneinander beleuchten. Der Clou: Mit dem beiliegenden Steuermodul und der Platine mit den speziellen rot-blauen LEDs erzeugen Sie eine realistische TV-Simulation! Das Steuermodul verf\u00fcgt \u00fcber 4 Kan\u00e4le, an die jeweils bis zu 6 LED-Platinen anschlie\u00dfbar sind. Weitere Platinen mit einer LED erhalten Sie in gelb Art. 6007, wei\u00df Art. 6008, warmwei\u00df Art. 6006 oder Platinen mit je 2 LEDs f\u00fcr mehr Helligkeit in wei\u00df Art. 6017, gelb Art. 6018 und warmwei\u00df Art. 6021. F\u00fcr alle Spurgr\u00f6\u00dfen von N bis H0 geeignet. Zum Lieferumfang geh\u00f6ren 3 Platinen mit je einer wei\u00dfen LED, eine Platine mit rot-blauen LEDs f\u00fcr die TV-Simulation, eine Steuerelektronik und 12 Lichtboxen in 4 verschiedenen Gr\u00f6\u00dfen. Ma\u00dfe der Lichtboxen: L 17 x B 18 x H 26 mm, L 17 x B 16 x H 21 mm, L 17 x B 12 x H 19 mm, L 17 x B 14 x H 23 mm. TIPP: Das Powermodul Art. 5215 sorgt f\u00fcr flackerfreies Licht beim Betrieb mit Wechselstrom und erzeugt nahezu doppelte Helligkeit.<\/p>\n<h1 class=\"product--title\"><strong><span style=\"color: #ff0000;\">\u00a0<\/span><\/strong><\/h1>\n<p>&nbsp;<\/p>\n<p>&nbsp;<\/p>\n","protected":false},"excerpt":{"rendered":"<p>Produktinformationen &#8222;LED-Hausinnenbeleuchtung mit TV-Simulation&#8220; Stromsparende und wartungsfreie LED-Innenbeleuchtung f\u00fcr alle Modellh\u00e4user. Damit lassen sich mehrere Fenster\/R\u00e4ume eines Hauses realit\u00e4tsnah und unabh\u00e4ngig voneinander beleuchten. Der Clou: Mit dem beiliegenden Steuermodul und der Platine mit den speziellen rot-blauen LEDs erzeugen Sie eine realistische TV-Simulation! Das Steuermodul verf\u00fcgt \u00fcber 4 Kan\u00e4le, an die jeweils bis zu 6 LED-Platinen&#8230;<\/p>\n","protected":false},"featured_media":778,"comment_status":"open","ping_status":"closed","template":"","meta":[],"product_brand":[],"product_cat":[123,132,38,37,124,131],"product_tag":[292,291],"class_list":{"0":"post-777","1":"product","2":"type-product","3":"status-publish","4":"has-post-thumbnail","6":"product_cat-leuchten-h0","7":"product_cat-leuchten-tt","8":"product_cat-unkategorisiert","9":"product_cat-viessmann","10":"product_cat-viessmann-spur-h0","11":"product_cat-viessmann-spur-tt","12":"product_tag-kein-spielzeug-nicht-geeignet-fuer-kinder-unter-14-jahren","13":"product_tag-warn-und-sicherheitshinweise-modellbauartikel","15":"first","16":"instock","17":"taxable","18":"shipping-taxable","19":"purchasable","20":"product-type-simple"},"jetpack_sharing_enabled":true,"_links":{"self":[{"href":"https:\/\/www.mg-modelleisenbahnbau.de\/startseite-2\/wp-json\/wp\/v2\/product\/777","targetHints":{"allow":["GET"]}}],"collection":[{"href":"https:\/\/www.mg-modelleisenbahnbau.de\/startseite-2\/wp-json\/wp\/v2\/product"}],"about":[{"href":"https:\/\/www.mg-modelleisenbahnbau.de\/startseite-2\/wp-json\/wp\/v2\/types\/product"}],"replies":[{"embeddable":true,"href":"https:\/\/www.mg-modelleisenbahnbau.de\/startseite-2\/wp-json\/wp\/v2\/comments?post=777"}],"wp:featuredmedia":[{"embeddable":true,"href":"https:\/\/www.mg-modelleisenbahnbau.de\/startseite-2\/wp-json\/wp\/v2\/media\/778"}],"wp:attachment":[{"href":"https:\/\/www.mg-modelleisenbahnbau.de\/startseite-2\/wp-json\/wp\/v2\/media?parent=777"}],"wp:term":[{"taxonomy":"product_brand","embeddable":true,"href":"https:\/\/www.mg-modelleisenbahnbau.de\/startseite-2\/wp-json\/wp\/v2\/product_brand?post=777"},{"taxonomy":"product_cat","embeddable":true,"href":"https:\/\/www.mg-modelleisenbahnbau.de\/startseite-2\/wp-json\/wp\/v2\/product_cat?post=777"},{"taxonomy":"product_tag","embeddable":true,"href":"https:\/\/www.mg-modelleisenbahnbau.de\/startseite-2\/wp-json\/wp\/v2\/product_tag?post=777"}],"curies":[{"name":"wp","href":"https:\/\/api.w.org\/{rel}","templated":true}]}}