{"id":7762,"date":"2021-09-08T21:07:32","date_gmt":"2021-09-08T19:07:32","guid":{"rendered":"https:\/\/www.mg-modelleisenbahnbau.de\/?post_type=product&#038;p=7762"},"modified":"2025-03-06T16:43:21","modified_gmt":"2025-03-06T15:43:21","slug":"maerklin-24001-endstueck-zur-gleisboeschung-10-stueck","status":"publish","type":"product","link":"https:\/\/www.mg-modelleisenbahnbau.de\/startseite-2\/produkt\/maerklin-24001-endstueck-zur-gleisboeschung-10-stueck\/","title":{"rendered":"M\u00c4RKLIN 24001 ENDST\u00dcCK ZUR GLEISB\u00d6SCHUNG 10 ST\u00dcCK"},"content":{"rendered":"<p align=\"center\">Rastbarer Abschluss f\u00fcr das Schotterbett der C-Gleise. F\u00fcr Streckenenden, Abstellgleise,<\/p>\n<p align=\"center\">Pr\u00e4sentationssockel und Vitrinen. L\u00e4nge 16,5 mm.<\/p>\n<p align=\"center\">Packung mit 10 St\u00fcck.<\/p>\n","protected":false},"excerpt":{"rendered":"<p>Rastbarer Abschluss f\u00fcr das Schotterbett der C-Gleise. F\u00fcr Streckenenden, Abstellgleise, Pr\u00e4sentationssockel und Vitrinen. L\u00e4nge 16,5 mm. Packung mit 10 St\u00fcck.<\/p>\n","protected":false},"featured_media":7763,"comment_status":"open","ping_status":"closed","template":"","meta":[],"product_brand":[],"product_cat":[46,38],"product_tag":[292,291],"class_list":{"0":"post-7762","1":"product","2":"type-product","3":"status-publish","4":"has-post-thumbnail","6":"product_cat-maerklin","7":"product_cat-unkategorisiert","8":"product_tag-kein-spielzeug-nicht-geeignet-fuer-kinder-unter-14-jahren","9":"product_tag-warn-und-sicherheitshinweise-modellbauartikel","11":"first","12":"instock","13":"taxable","14":"shipping-taxable","15":"purchasable","16":"product-type-simple"},"jetpack_sharing_enabled":true,"_links":{"self":[{"href":"https:\/\/www.mg-modelleisenbahnbau.de\/startseite-2\/wp-json\/wp\/v2\/product\/7762","targetHints":{"allow":["GET"]}}],"collection":[{"href":"https:\/\/www.mg-modelleisenbahnbau.de\/startseite-2\/wp-json\/wp\/v2\/product"}],"about":[{"href":"https:\/\/www.mg-modelleisenbahnbau.de\/startseite-2\/wp-json\/wp\/v2\/types\/product"}],"replies":[{"embeddable":true,"href":"https:\/\/www.mg-modelleisenbahnbau.de\/startseite-2\/wp-json\/wp\/v2\/comments?post=7762"}],"wp:featuredmedia":[{"embeddable":true,"href":"https:\/\/www.mg-modelleisenbahnbau.de\/startseite-2\/wp-json\/wp\/v2\/media\/7763"}],"wp:attachment":[{"href":"https:\/\/www.mg-modelleisenbahnbau.de\/startseite-2\/wp-json\/wp\/v2\/media?parent=7762"}],"wp:term":[{"taxonomy":"product_brand","embeddable":true,"href":"https:\/\/www.mg-modelleisenbahnbau.de\/startseite-2\/wp-json\/wp\/v2\/product_brand?post=7762"},{"taxonomy":"product_cat","embeddable":true,"href":"https:\/\/www.mg-modelleisenbahnbau.de\/startseite-2\/wp-json\/wp\/v2\/product_cat?post=7762"},{"taxonomy":"product_tag","embeddable":true,"href":"https:\/\/www.mg-modelleisenbahnbau.de\/startseite-2\/wp-json\/wp\/v2\/product_tag?post=7762"}],"curies":[{"name":"wp","href":"https:\/\/api.w.org\/{rel}","templated":true}]}}